{"id":1856,"date":"2018-05-27T01:07:26","date_gmt":"2018-05-26T23:07:26","guid":{"rendered":"https:\/\/www.knetfeder.de\/kkpwp\/products-page-2\/"},"modified":"2023-12-02T13:47:39","modified_gmt":"2023-12-02T12:47:39","slug":"kkpwoo","status":"publish","type":"page","link":"https:\/\/knetfeder.de\/kkpwp\/kkpwoo\/","title":{"rendered":"Shop"},"content":{"rendered":"\n<p>In diesem kleinen Shop k\u00f6nnen Poster und Puzzle in verschiedenen Gr\u00f6\u00dfen bestellt werden.\u00a0Klicken Sie auf das gew\u00fcnschte Poster, w\u00e4hlen Sie dann Ma\u00dfe und Anzahl aus und klicken Sie auf &#8220;<strong><em>In den Warenkorb<\/em><\/strong>&#8220;.<\/p>\n\n\n\n<p>Au\u00dferdem k\u00f6nnen einige meiner Texte heruntergeladen werden und es k\u00f6nnen zudem Nutzungsrechte (Druck, kommerzielle Verwendung) an einigen dieser Texte erworben werden &#8211;<strong> <a href=\"#rechte\">Details >> hier klicken<\/a>.<\/strong><\/p>\n\n\n\n<p>Weitere Fragen zum Bestellvorgang?<strong> <a href=\"https:\/\/www.knetfeder.de\/kkpwp\/hilfe-faq\/\">Hier gibt es Antworten<\/a><\/strong>, oder schreiben Sie eine <a href=\"mailto:kkpshop@knetfeder.de\">Mail an kkpshop@knetfeder.de<\/a><\/p>\n\n\n\n<h3>Lieferungen der Printprodukte sind nur an eine deutsche Lieferadresse m\u00f6glich.<\/h3>\n\n\n\n<p>Die Preise verstehen sich<strong> inklusive Versandkosten<\/strong>.<\/p>\n\n\n\n<h1 class=\"has-text-align-center\"><\/h1>\n\n\n\n<div class=\"is-layout-constrained wp-block-group\"><div class=\"wp-block-group__inner-container\">\n<div class=\"is-layout-flex wp-container-2 wp-block-columns\">\n<div class=\"is-layout-flow wp-block-column\" style=\"flex-basis:100%\"><div class=\"woocommerce columns-2 \"><ul class=\"products columns-2\">\n<li class=\"nodate item-wrap product type-product post-2638 status-publish first instock product_cat-poster has-post-thumbnail shipping-taxable purchasable product-type-variable\">\n\t\n\n\t<p class=\"wc-gzd-additional-info wc-gzd-additional-info-loop shipping-costs-info\">versandkostenfrei<\/p>\n\n\t<p class=\"wc-gzd-additional-info delivery-time-info wc-gzd-additional-info-loop\">Lieferzeit: 3-5 Werktage<\/p>\n<\/li>\n<li class=\"nodate item-wrap product type-product post-3006 status-publish last instock product_cat-puzzle has-post-thumbnail shipping-taxable purchasable product-type-simple\">\n\t\n\n\t<p class=\"wc-gzd-additional-info wc-gzd-additional-info-loop shipping-costs-info\">versandkostenfrei<\/p>\n\n\t<p class=\"wc-gzd-additional-info delivery-time-info wc-gzd-additional-info-loop\">Lieferzeit: 5-7 Werktage<\/p>\n<\/li>\n<li class=\"nodate item-wrap product type-product post-2897 status-publish first instock product_cat-texte has-post-thumbnail shipping-taxable purchasable product-type-variable\">\n\t\n\n\t<p class=\"wc-gzd-additional-info wc-gzd-additional-info-loop shipping-costs-info\">versandkostenfrei<\/p>\n\n<\/li>\n<li class=\"nodate item-wrap product type-product post-2980 status-publish last instock product_cat-texte has-post-thumbnail shipping-taxable purchasable product-type-variable\">\n\t\n\n\t<p class=\"wc-gzd-additional-info wc-gzd-additional-info-loop shipping-costs-info\">versandkostenfrei<\/p>\n\n<\/li>\n<li class=\"nodate item-wrap product type-product post-2654 status-publish first instock product_cat-poster has-post-thumbnail shipping-taxable purchasable product-type-variable\">\n\t\n\n\t<p class=\"wc-gzd-additional-info wc-gzd-additional-info-loop shipping-costs-info\">versandkostenfrei<\/p>\n\n\t<p class=\"wc-gzd-additional-info delivery-time-info wc-gzd-additional-info-loop\">Lieferzeit: 3-5 Werktage<\/p>\n<\/li>\n<li class=\"nodate item-wrap product type-product post-2952 status-publish last instock product_cat-texte has-post-thumbnail shipping-taxable purchasable product-type-variable\">\n\t\n\n\t<p class=\"wc-gzd-additional-info wc-gzd-additional-info-loop shipping-costs-info\">versandkostenfrei<\/p>\n\n<\/li>\n<li class=\"nodate item-wrap product type-product post-2967 status-publish first instock product_cat-texte has-post-thumbnail shipping-taxable purchasable product-type-variable\">\n\t\n\n\t<p class=\"wc-gzd-additional-info wc-gzd-additional-info-loop shipping-costs-info\">versandkostenfrei<\/p>\n\n<\/li>\n<li class=\"nodate item-wrap product type-product post-3023 status-publish last instock product_cat-texte has-post-thumbnail shipping-taxable purchasable product-type-variable\">\n\t\n\n\t<p class=\"wc-gzd-additional-info wc-gzd-additional-info-loop shipping-costs-info\">versandkostenfrei<\/p>\n\n<\/li>\n<\/ul>\n<\/div>\n<\/div>\n<\/div>\n<\/div><\/div>\n\n\n\n<h1 class=\"has-text-align-center\">Nutzungsrechte<\/h1>\n\n\n\n<p><strong><a name=\"rechte\"><\/a>Nutzungsrechte<\/strong> k\u00f6nnen an den unten folgenden Texten erworben werden. Bitte setzen Sie sich per E-Mail \u00fcber&nbsp;<a href=\"mailto:kkpshop@knetfeder.de\">kkpshop@knetfeder.de<\/a> mit mir in Verbindung. Wir k\u00f6nnen dann vereinbaren, welche Art der Nutzung meiner Texte Sie planen und wie hoch die Geb\u00fchr sein wird.<br>Beispiel: Sie m\u00f6chten einen meiner Kurz-Artikel in einer Brosch\u00fcre ver\u00f6ffentlichen, die Sie kostenfrei abgeben werden &#8211; diese Art der Nutzung des Kurzartikels w\u00fcrde ca. 70 Euro kosten.<\/p>\n\n\n\n<p><strong>Auftragsarbeit:<\/strong> Wenn Sie m\u00f6chten, dass ich f\u00fcr Ihre Zwecke einen Artikel \u00fcber ein kleinkindrelevantes Thema verfasse oder einen meiner Artikel nach Ihren W\u00fcnschen bearbeite, setzen Sie sich bitte per E-Mail \u00fcber <a href=\"mailto:kkpshop@knetfeder.de\" data-type=\"mailto\" data-id=\"mailto:kkpshop@knetfeder.de\">kkpshop@knetfeder.de<\/a> mit mir Verbindung, damit wir Details und Preise absprechen k\u00f6nnen.<\/p>\n\n\n\n<figure class=\"wp-block-table\"><table><tbody><tr><td><strong><a><\/a>Art.-Nr.<\/strong><\/td><td><strong>Artikelbeschreibung<\/strong><\/td><td><strong>Preis<br><\/strong><\/td><\/tr><tr><td><strong>3<\/strong><\/td><td><strong>Tabelle &#8220;Entwicklungs\u00fcbersicht&#8221; als Datei<\/strong> (JPG) mit Abdruckgenehmigung (nur f\u00fcr Ver\u00f6ffentlichungszwecke) <br><a rel=\"noreferrer noopener\" href=\"https:\/\/www.knetfeder.de\/kkpwp\/wp-content\/uploads\/2018\/05\/verkauftabvorschau.pdf\" target=\"_blank\"><img decoding=\"async\" class=\"alignleft\" style=\"width: 26px;\" src=\"https:\/\/www.knetfeder.de\/kkpwp\/wp-content\/uploads\/2017\/11\/pdf.jpg\" alt=\"Link zur PDF-Vorschau (neues Fenster)\"><\/a>  <a rel=\"noreferrer noopener\" href=\"https:\/\/www.knetfeder.de\/kkpwp\/entwuebersichtfenster.html\" target=\"_blank\"><img decoding=\"async\" class=\"alignleft\" style=\"width: 26px;\" src=\"https:\/\/www.knetfeder.de\/kkpwp\/wp-content\/uploads\/2017\/11\/home.jpg\" alt=\"Link zur Entwicklungs\u00fcbersicht hier auf der Homepage (neues Fenster)\"><\/a><\/td><td><a href=\"mailto:kkpshop@knetfeder.de\">nach Absprache<\/a><\/td><\/tr><tr><td><strong>4<\/strong><\/td><td><strong>Artikel &#8220;Die fr\u00fche Eltern-Kind-Beziehung&#8221;<\/strong> komplett: 17 Seiten (DOC oder PDF) mit Abdruckgenehmigung<br><a href=\"https:\/\/www.knetfeder.de\/kkpwp\/wp-content\/uploads\/2018\/05\/verkaufbndglangvorschau.pdf\" target=\"_blank\" rel=\"noreferrer noopener\"><img decoding=\"async\" class=\"alignleft\" style=\"width: 26px;\" src=\"https:\/\/www.knetfeder.de\/kkpwp\/wp-content\/uploads\/2017\/11\/pdf.jpg\" alt=\"Lin zur PDF-Vorschau (neues Fenster)\"><\/a> &nbsp;<a href=\"https:\/\/www.knetfeder.de\/kkpwp\/eltern-kind-beziehung\/\" target=\"_blank\" rel=\"noreferrer noopener\"><img decoding=\"async\" class=\"alignleft\" style=\"width: 26px;\" src=\"https:\/\/www.knetfeder.de\/kkpwp\/wp-content\/uploads\/2017\/11\/home.jpg\" alt=\"Link zum Artikel auf dieser Homepage (neues Fenster)\"><\/a><\/td><td><a href=\"mailto:kkpshop@knetfeder.de\">nach Absprache<\/a><\/td><\/tr><tr><td><strong>5<\/strong><\/td><td><strong>Kurz-Artikel &#8220;Die fr\u00fche Eltern-Kind-Beziehung&#8221;<\/strong>:&nbsp;6&nbsp;Seiten (DOC oder PDF) mit Abdruckgenehmigung<br><a rel=\"noreferrer noopener\" href=\"https:\/\/www.knetfeder.de\/kkpwp\/wp-content\/uploads\/2018\/05\/verkaufbndgkurzvorschau.pdf\" target=\"_blank\"><img decoding=\"async\" class=\"alignleft\" style=\"width: 26px;\" src=\"https:\/\/www.knetfeder.de\/kkpwp\/wp-content\/uploads\/2017\/11\/pdf.jpg\" alt=\"Link zur PDF-Vorschau (neues Fenster)\"><\/a>&nbsp; <\/td><td><a href=\"mailto:kkpshop@knetfeder.de\">nach Absprache<\/a><\/td><\/tr><tr><td><strong>6<\/strong><\/td><td><strong>Artikel &#8220;Die Sprachentwicklung&#8221;<\/strong>:&nbsp;7&nbsp;Seiten (DOC oder PDF) mit Abdruckgenehmigung<br><a href=\"https:\/\/www.knetfeder.de\/kkpwp\/wp-content\/uploads\/2018\/05\/verkaufsprachekurzvorschau.pdf\" target=\"_blank\" rel=\"noreferrer noopener\"><img decoding=\"async\" class=\"alignleft\" style=\"width: 26px;\" src=\"https:\/\/www.knetfeder.de\/kkpwp\/wp-content\/uploads\/2017\/11\/pdf.jpg\" alt=\"Link zur PDF-Vorschau (neues Fenster)\"><\/a>  <a rel=\"noreferrer noopener\" href=\"https:\/\/www.knetfeder.de\/kkpwp\/sprache\/\" target=\"_blank\"><img decoding=\"async\" class=\"alignleft\" style=\"width: 26px;\" src=\"https:\/\/www.knetfeder.de\/kkpwp\/wp-content\/uploads\/2017\/11\/home.jpg\" alt=\"Link zum Artikel auf dieser Homepage (neues Fenster)\"><\/a><\/td><td><a href=\"mailto:kkpshop@knetfeder.de\">nach Absprache<\/a><\/td><\/tr><tr><td><strong>7<\/strong><\/td><td><strong>Artikel &#8220;Die motorische Entwicklung&#8221;<\/strong>: 5 Seiten (DOC oder PDF) mit Abdruckgenehmigung<br><a href=\"https:\/\/www.knetfeder.de\/kkpwp\/wp-content\/uploads\/2018\/05\/verkaufmotkurzvorschau.pdf\" target=\"_blank\" rel=\"noreferrer noopener\"><img decoding=\"async\" class=\"alignleft\" style=\"width: 26px;\" src=\"https:\/\/www.knetfeder.de\/kkpwp\/wp-content\/uploads\/2017\/11\/pdf.jpg\" alt=\"Link zur PDF-Vorschau (neues Fenster)\"><\/a>  <a rel=\"noreferrer noopener\" href=\"https:\/\/www.knetfeder.de\/kkpwp\/motorik\/\" target=\"_blank\"><img decoding=\"async\" class=\"alignleft\" style=\"width: 26px;\" src=\"https:\/\/www.knetfeder.de\/kkpwp\/wp-content\/uploads\/2017\/11\/home.jpg\" alt=\"Link zur Entwicklungs\u00fcbersicht hier auf der Homepage (neues Fenster)\"><\/a><\/td><td><a href=\"mailto:kkpshop@knetfeder.de\">nach Absprache<\/a><\/td><\/tr><tr><td><strong>8<\/strong><\/td><td><strong>Artikel &#8220;Die Entwicklung der Kinderzeichnung&#8221;<\/strong> komplett (ohne Galerie): 7 Seiten (DOC oder PDF) mit Abdruckgenehmigung<br><a rel=\"noreferrer noopener\" href=\"https:\/\/www.knetfeder.de\/kkpwp\/wp-content\/uploads\/2018\/05\/verkaufmalenlangvorschau.pdf\" target=\"_blank\"><img decoding=\"async\" class=\"alignleft\" style=\"width: 26px;\" src=\"https:\/\/www.knetfeder.de\/kkpwp\/wp-content\/uploads\/2017\/11\/pdf.jpg\" alt=\"Link zur PDF-Vorschau (neues Fenster)\"><\/a>  <a href=\"https:\/\/www.knetfeder.de\/kkpwp\/malen-und-zeichnen\/\" target=\"_blank\" rel=\"noreferrer noopener\"><img decoding=\"async\" class=\"alignleft\" style=\"width: 26px;\" src=\"https:\/\/www.knetfeder.de\/kkpwp\/wp-content\/uploads\/2017\/11\/home.jpg\" alt=\"Link zur PDF-Vorschau (neues Fenster)\"><\/a><\/td><td><a href=\"mailto:kkpshop@knetfeder.de\">nach Absprache<\/a><\/td><\/tr><\/tbody><\/table><\/figure>\n\n\n\n<p id=\"block-39858066-5310-40e4-93e3-c8dff5543cf9\">&nbsp;<\/p>\n","protected":false},"excerpt":{"rendered":"<p>In diesem kleinen Shop k\u00f6nnen Poster und Puzzle in verschiedenen Gr\u00f6\u00dfen bestellt werden.\u00a0Klicken Sie auf das gew\u00fcnschte Poster, w\u00e4hlen Sie dann Ma\u00dfe und Anzahl aus und klicken Sie auf &#8220;In den Warenkorb&#8220;. Au\u00dferdem k\u00f6nnen einige meiner Texte heruntergeladen werden und es k\u00f6nnen zudem Nutzungsrechte (Druck, kommerzielle Verwendung) an einigen dieser Texte erworben werden &#8211; Details &hellip; <\/p>\n<p><a class=\"more-link btn\" href=\"https:\/\/knetfeder.de\/kkpwp\/kkpwoo\/\">Continue reading<\/a><\/p>\n","protected":false},"author":1,"featured_media":0,"parent":0,"menu_order":0,"comment_status":"closed","ping_status":"closed","template":"","meta":[],"_links":{"self":[{"href":"https:\/\/knetfeder.de\/kkpwp\/wp-json\/wp\/v2\/pages\/1856"}],"collection":[{"href":"https:\/\/knetfeder.de\/kkpwp\/wp-json\/wp\/v2\/pages"}],"about":[{"href":"https:\/\/knetfeder.de\/kkpwp\/wp-json\/wp\/v2\/types\/page"}],"author":[{"embeddable":true,"href":"https:\/\/knetfeder.de\/kkpwp\/wp-json\/wp\/v2\/users\/1"}],"replies":[{"embeddable":true,"href":"https:\/\/knetfeder.de\/kkpwp\/wp-json\/wp\/v2\/comments?post=1856"}],"version-history":[{"count":39,"href":"https:\/\/knetfeder.de\/kkpwp\/wp-json\/wp\/v2\/pages\/1856\/revisions"}],"predecessor-version":[{"id":3057,"href":"https:\/\/knetfeder.de\/kkpwp\/wp-json\/wp\/v2\/pages\/1856\/revisions\/3057"}],"wp:attachment":[{"href":"https:\/\/knetfeder.de\/kkpwp\/wp-json\/wp\/v2\/media?parent=1856"}],"curies":[{"name":"wp","href":"https:\/\/api.w.org\/{rel}","templated":true}]}}