{"id":2,"date":"2017-11-02T21:21:15","date_gmt":"2017-11-02T20:21:15","guid":{"rendered":"http:\/\/www.knetfeder.de\/kkpwp\/?page_id=2"},"modified":"2026-01-08T14:27:46","modified_gmt":"2026-01-08T13:27:46","slug":"beispiel-seite","status":"publish","type":"page","link":"https:\/\/knetfeder.de\/kkpwp\/","title":{"rendered":"Willkommen bei Knetfeders Kleinkindp\u00e4dagogik!"},"content":{"rendered":"<p style=\"text-align: center;\"><em><span style=\"color: #ff9966;\"><strong><span style=\"color: #333333;\">\u00bb<\/span>&nbsp;Wenn wir Kinder beobachten, beobachten&nbsp;wir uns selbst.<\/strong><\/span><\/em><br><em> <span style=\"color: #ff9966;\"><strong>Wenn wir sehen, wie sie sich entwickeln, sehen wir,<\/strong><\/span><\/em><br><em> <span style=\"color: #ff9966;\"><strong>wodurch wir zu dem wurden, was wir sind.<span style=\"color: #333333;\">&nbsp;\u00ab&nbsp;<\/span><\/strong><\/span><\/em><br>(&nbsp;Alison, Gopnik; Meltzoff: Forschergeist in Windeln&nbsp;)<\/p>\n<p>&#8230;als ich das obenstehende Zitat in einem faszinierendem Buch entdeckte, wurde mir klar, dass es genau das ausdr\u00fcckt, was mich zum Studium der Kleinkindp\u00e4dagogik bewog und mich noch heute &#8211; nach&nbsp; Abschluss und Promotion &#8211; fesselt:<br>Wenn man sich mit der fr\u00fchen Kindheit intensiv befasst, ihre Lern- und Entwicklungsprozesse erforscht, sie zu erfassen und zu verstehen versucht, gelangt man wie von selbst zu einem tieferen Verst\u00e4ndnis f\u00fcr sich selbst und seine Mitmenschen &#8211; ganz besonders nat\u00fcrlich f\u00fcr die &#8220;kleinen Menschen&#8221; in ihrer einzigartigen Art und Weise, die Welt um sie herum zu entdecken &#8211; und zu erobern &#8230;<\/p>\n<p><strong>Herzlich Willkommen auf meiner Homepage! Mein Name ist Melanie Lerch, ich bin Diplom-P\u00e4dagogin (univ.) mit der Studienrichtung Kleinkindp\u00e4dagogik, promovierte Doktorin der Philosophie (Dr. phil.).<br><\/strong><\/p>\n<p><strong>Auf diesen Seiten stelle ich n\u00fctzliche Informationen f\u00fcr Eltern und andere Betreuer von Kleinkindern, f\u00fcr Interessenten und Teilnehmer an PEKiP-Gruppen sowie f\u00fcr Studenten der P\u00e4dagogik bereit.<\/strong><br><strong>Die Auswahl erfolgt nach den Schwerpunkten der waagerechten Men\u00fcleiste am Kopf dieser Seite. Der Klick auf einen der farbigen Links f\u00fchrt zu einer \u00dcbersichtsseite zum jeweiligen Thema, auf der dann in der linken farbig zugeordneten Spalte die Unterseiten gelistet sind. Ein Klick auf den orangen Home-Button oben ganz links f\u00fchrt immer wieder zu dieser Seite zur\u00fcck.<\/strong><\/p>\n<h3 style=\"text-align: center;\"><strong>Die Unterkategorien beinhalten Folgendes:<\/strong><\/h3>\n\n\n<div class=\"is-layout-flex wp-container-3 wp-block-columns\">\n<div class=\"is-layout-flow wp-block-column\">\n<h3 style=\"text-align: center;\">&nbsp;<strong><a href=\"https:\/\/www.knetfeder.de\/kkpwp\/pekip\/\">PEKiP<\/a><\/strong><\/h3>\n<p><strong><a href=\"https:\/\/www.knetfeder.de\/kkpwp\/pekip\/\"><img decoding=\"async\" loading=\"lazy\" class=\"img-orangerrahmen wp-image-730 aligncenter\" src=\"https:\/\/www.knetfeder.de\/kkpwp\/wp-content\/uploads\/2017\/11\/home-pekip-1.jpg\" alt=\"\" width=\"259\" height=\"223\" srcset=\"https:\/\/knetfeder.de\/kkpwp\/wp-content\/uploads\/2017\/11\/home-pekip-1.jpg 259w, https:\/\/knetfeder.de\/kkpwp\/wp-content\/uploads\/2017\/11\/home-pekip-1-232x200.jpg 232w, https:\/\/knetfeder.de\/kkpwp\/wp-content\/uploads\/2017\/11\/home-pekip-1-31x27.jpg 31w, https:\/\/knetfeder.de\/kkpwp\/wp-content\/uploads\/2017\/11\/home-pekip-1-38x33.jpg 38w, https:\/\/knetfeder.de\/kkpwp\/wp-content\/uploads\/2017\/11\/home-pekip-1-250x215.jpg 250w, https:\/\/knetfeder.de\/kkpwp\/wp-content\/uploads\/2017\/11\/home-pekip-1-148x127.jpg 148w\" sizes=\"(max-width: 259px) 100vw, 259px\" \/><\/a><\/strong>Hier erfahren Sie&nbsp;Wissenswertes&nbsp;\u00fcber das Prager-Eltern-Kind-Programm und Informationen zu&nbsp;meinem Kursangebot&nbsp;mit&nbsp;Daten&nbsp;und&nbsp;Fotos&nbsp;. Auch gibt es eine Liste an Fragen und Antworten mit hilfreichen&nbsp;Tipps, Links&nbsp;und Hinweisen zur Teilnahme an einer PEKiP\u00ae-Gruppe.<\/p>\n<\/div>\n\n\n\n<div class=\"is-layout-flow wp-block-column\">\n<h3 style=\"text-align: center;\"><strong><a href=\"https:\/\/www.knetfeder.de\/kkpwp\/ratgeber\/\">Ratgeber<\/a><\/strong><\/h3>\n<p><a href=\"https:\/\/www.knetfeder.de\/kkpwp\/ratgeber\/\"><img decoding=\"async\" loading=\"lazy\" class=\"img-orangerrahmen aligncenter wp-image-723\" src=\"https:\/\/www.knetfeder.de\/kkpwp\/wp-content\/uploads\/2017\/11\/home-ratgeber.jpg\" alt=\"\" width=\"274\" height=\"223\" srcset=\"https:\/\/knetfeder.de\/kkpwp\/wp-content\/uploads\/2017\/11\/home-ratgeber.jpg 877w, https:\/\/knetfeder.de\/kkpwp\/wp-content\/uploads\/2017\/11\/home-ratgeber-300x244.jpg 300w, https:\/\/knetfeder.de\/kkpwp\/wp-content\/uploads\/2017\/11\/home-ratgeber-600x488.jpg 600w, https:\/\/knetfeder.de\/kkpwp\/wp-content\/uploads\/2017\/11\/home-ratgeber-768x624.jpg 768w, https:\/\/knetfeder.de\/kkpwp\/wp-content\/uploads\/2017\/11\/home-ratgeber-246x200.jpg 246w, https:\/\/knetfeder.de\/kkpwp\/wp-content\/uploads\/2017\/11\/home-ratgeber-31x25.jpg 31w, https:\/\/knetfeder.de\/kkpwp\/wp-content\/uploads\/2017\/11\/home-ratgeber-38x31.jpg 38w, https:\/\/knetfeder.de\/kkpwp\/wp-content\/uploads\/2017\/11\/home-ratgeber-264x215.jpg 264w, https:\/\/knetfeder.de\/kkpwp\/wp-content\/uploads\/2017\/11\/home-ratgeber-148x120.jpg 148w\" sizes=\"(max-width: 274px) 100vw, 274px\" \/><\/a>Rund um die kindliche Entwicklung. Es gibt ein Quiz, mit dem sich herausfinden l\u00e4sst, wieviel man \u00fcber die Entwicklung von Kleinkindern wei\u00df.<br>Kindliche&nbsp;Entwicklungsphasen&nbsp;in verschiedenen Bereichen werden in Wort und Bild dargestellt. Aspekte&nbsp;der&nbsp;Kinderbetreuung&nbsp;werden behandelt. Interessante&nbsp;Fragen von Eltern&nbsp;werden&nbsp;exemplarisch beantwortet.<\/p>\n<\/div>\n<\/div>\n\n\n\n<div class=\"is-layout-flex wp-container-6 wp-block-columns\">\n<div class=\"is-layout-flow wp-block-column\">\n<h3 style=\"text-align: center;\"><strong><a href=\"https:\/\/www.knetfeder.de\/kkpwp\/verkauf\/\">Shop&nbsp;<\/a><\/strong><\/h3>\n<p><a href=\"https:\/\/www.knetfeder.de\/kkpwp\/kkpwoo\/\"><img decoding=\"async\" loading=\"lazy\" class=\"img-orangerrahmen aligncenter wp-image-726\" src=\"https:\/\/www.knetfeder.de\/kkpwp\/wp-content\/uploads\/2017\/11\/home-shop.jpg\" alt=\"\" width=\"274\" height=\"223\" srcset=\"https:\/\/knetfeder.de\/kkpwp\/wp-content\/uploads\/2017\/11\/home-shop.jpg 259w, https:\/\/knetfeder.de\/kkpwp\/wp-content\/uploads\/2017\/11\/home-shop-245x200.jpg 245w, https:\/\/knetfeder.de\/kkpwp\/wp-content\/uploads\/2017\/11\/home-shop-31x25.jpg 31w, https:\/\/knetfeder.de\/kkpwp\/wp-content\/uploads\/2017\/11\/home-shop-38x31.jpg 38w, https:\/\/knetfeder.de\/kkpwp\/wp-content\/uploads\/2017\/11\/home-shop-148x121.jpg 148w\" sizes=\"(max-width: 274px) 100vw, 274px\" \/><\/a>Ein kleiner Shop, in dem Materialien, Rechte und Dienstleistungen aus dem Angebot von Knetfeders Kleinkindp\u00e4dagogik erworben&nbsp;werden k\u00f6nnen.<\/p>\n<\/div>\n\n\n\n<div class=\"is-layout-flow wp-block-column\">\n<h3 style=\"text-align: center;\"><a href=\"https:\/\/www.knetfeder.de\/kkpwp\/wissenschaft\/\"><strong>Wissenschaft<\/strong><\/a><\/h3>\n<p><a href=\"https:\/\/www.knetfeder.de\/kkpwp\/wissenschaft\/\"><img decoding=\"async\" loading=\"lazy\" class=\"img-orangerrahmen aligncenter wp-image-920\" src=\"https:\/\/www.knetfeder.de\/kkpwp\/wp-content\/uploads\/2017\/11\/home-wiss.jpg\" alt=\"\" width=\"282\" height=\"223\" srcset=\"https:\/\/knetfeder.de\/kkpwp\/wp-content\/uploads\/2017\/11\/home-wiss.jpg 259w, https:\/\/knetfeder.de\/kkpwp\/wp-content\/uploads\/2017\/11\/home-wiss-253x200.jpg 253w, https:\/\/knetfeder.de\/kkpwp\/wp-content\/uploads\/2017\/11\/home-wiss-31x25.jpg 31w, https:\/\/knetfeder.de\/kkpwp\/wp-content\/uploads\/2017\/11\/home-wiss-38x30.jpg 38w, https:\/\/knetfeder.de\/kkpwp\/wp-content\/uploads\/2017\/11\/home-wiss-148x117.jpg 148w\" sizes=\"(max-width: 282px) 100vw, 282px\" \/><\/a>Stellt von mir im Studium bearbeitete wissenschaftliche Erkenntnisse aus dem Bereich der Fr\u00fchp\u00e4dagogik bereit. Inklusive Dissertation.<\/p>\n<h3 style=\"text-align: center;\">&nbsp;<\/h3>\n<\/div>\n<\/div>\n\n\n\n<div class=\"is-layout-flex wp-container-8 wp-block-columns\">\n<div class=\"is-layout-flow wp-block-column\">\n<h3 style=\"text-align: center;\"><a href=\"https:\/\/www.knetfeder.de\/kkpwp\/aktuelles\/\">Aktuelles<\/a><\/h3>\n<p style=\"text-align: center;\"><a href=\"https:\/\/www.knetfeder.de\/kkpwp\/aktuelles\/\"><img decoding=\"async\" loading=\"lazy\" class=\"img-orangerrahmen aligncenter wp-image-907\" src=\"https:\/\/www.knetfeder.de\/kkpwp\/wp-content\/uploads\/2017\/11\/home-aktuelles.jpg\" alt=\"\" width=\"285\" height=\"223\" srcset=\"https:\/\/knetfeder.de\/kkpwp\/wp-content\/uploads\/2017\/11\/home-aktuelles.jpg 259w, https:\/\/knetfeder.de\/kkpwp\/wp-content\/uploads\/2017\/11\/home-aktuelles-255x200.jpg 255w, https:\/\/knetfeder.de\/kkpwp\/wp-content\/uploads\/2017\/11\/home-aktuelles-31x24.jpg 31w, https:\/\/knetfeder.de\/kkpwp\/wp-content\/uploads\/2017\/11\/home-aktuelles-38x30.jpg 38w, https:\/\/knetfeder.de\/kkpwp\/wp-content\/uploads\/2017\/11\/home-aktuelles-148x116.jpg 148w\" sizes=\"(max-width: 285px) 100vw, 285px\" \/><\/a>Ein Blog mit Neuigkeiten zur Thematik und zur Webseite.<\/p>\n<\/div>\n<\/div>\n\n\n\n<p>Oder suchst Du das MALbum? Es ist ein Spin-off-Projekt von Knetfeders Kleinkindp\u00e4dagogik, das die<strong>\u00a0sch\u00f6nsten Zeichnungen Deines Kinder als Buch<\/strong>\u00a0sammelt und es schafft durch die\u00a0<strong>Einbindung in den entwicklungspsychologischen Kontext anhand von wertsch\u00e4tzenden, fachlich fundierten Bildkommentaren<\/strong>\u00a0einen einzigartigen\u00a0<strong>Einblick in die Entwicklung<\/strong>\u00a0des kleinen K\u00fcnstlers sowie ein tieferes Verst\u00e4ndnis f\u00fcr die kindliche Wahrnehmung der Welt. Du findest es hier und kannst dort direkt<strong>\u00a0Dein individuelles MALbum bestelle<\/strong>n:\u00a0<a href=\"https:\/\/dein-malbum.de\/\">dein-malbum.de<\/a>!<\/p>\n\n\n\n<h1><\/h1>\n","protected":false},"excerpt":{"rendered":"<p>\u00bb&nbsp;Wenn wir Kinder beobachten, beobachten&nbsp;wir uns selbst. Wenn wir sehen, wie sie sich entwickeln, sehen wir, wodurch wir zu dem wurden, was wir sind.&nbsp;\u00ab&nbsp;(&nbsp;Alison, Gopnik; Meltzoff: Forschergeist in Windeln&nbsp;) &#8230;als ich das obenstehende Zitat in einem faszinierendem Buch entdeckte, wurde mir klar, dass es genau das ausdr\u00fcckt, was mich zum Studium der Kleinkindp\u00e4dagogik bewog und &hellip; <\/p>\n<p><a class=\"more-link btn\" href=\"https:\/\/knetfeder.de\/kkpwp\/\">Continue reading<\/a><\/p>\n","protected":false},"author":1,"featured_media":0,"parent":0,"menu_order":0,"comment_status":"closed","ping_status":"open","template":"","meta":[],"_links":{"self":[{"href":"https:\/\/knetfeder.de\/kkpwp\/wp-json\/wp\/v2\/pages\/2"}],"collection":[{"href":"https:\/\/knetfeder.de\/kkpwp\/wp-json\/wp\/v2\/pages"}],"about":[{"href":"https:\/\/knetfeder.de\/kkpwp\/wp-json\/wp\/v2\/types\/page"}],"author":[{"embeddable":true,"href":"https:\/\/knetfeder.de\/kkpwp\/wp-json\/wp\/v2\/users\/1"}],"replies":[{"embeddable":true,"href":"https:\/\/knetfeder.de\/kkpwp\/wp-json\/wp\/v2\/comments?post=2"}],"version-history":[{"count":72,"href":"https:\/\/knetfeder.de\/kkpwp\/wp-json\/wp\/v2\/pages\/2\/revisions"}],"predecessor-version":[{"id":3370,"href":"https:\/\/knetfeder.de\/kkpwp\/wp-json\/wp\/v2\/pages\/2\/revisions\/3370"}],"wp:attachment":[{"href":"https:\/\/knetfeder.de\/kkpwp\/wp-json\/wp\/v2\/media?parent=2"}],"curies":[{"name":"wp","href":"https:\/\/api.w.org\/{rel}","templated":true}]}}