{"id":265,"date":"2017-11-22T11:51:08","date_gmt":"2017-11-22T10:51:08","guid":{"rendered":"http:\/\/www.knetfeder.de\/kkpwp\/?page_id=265"},"modified":"2026-04-25T11:51:13","modified_gmt":"2026-04-25T09:51:13","slug":"agb","status":"publish","type":"page","link":"https:\/\/knetfeder.de\/kkpwp\/agb\/","title":{"rendered":"AGB und Widerruf"},"content":{"rendered":"<h2>Allgemeine Gesch\u00e4ftsbedingungen<\/h2>\n<h4><strong>1. Geltungsbereich<\/strong><\/h4>\n<p>F\u00fcr alle Bestellungen \u00fcber unseren Online-Shop gelten die nachfolgenden AGB.<\/p>\n<h4><strong>2. Vertragspartner, Vertragsschluss<\/strong><\/h4>\n<p>Der Kaufvertrag kommt zustande mit Knetfeders Kleinkindp\u00e4dagogik.<\/p>\n<p>Mit Einstellung der Produkte in den Online-Shop geben wir ein verbindliches Angebot zum Vertragsschluss \u00fcber diese Artikel ab. Sie k\u00f6nnen unsere Produkte zun\u00e4chst unverbindlich in den Warenkorb legen und Ihre Eingaben vor Absenden Ihrer verbindlichen Bestellung jederzeit korrigieren, indem Sie die hierf\u00fcr im Bestellablauf vorgesehenen und erl\u00e4uterten Korrekturhilfen nutzen. Der Vertrag kommt zustande, indem Sie durch Anklicken des Bestellbuttons (&#8220;Kostenpflichtig bestellen&#8221;) das Angebot \u00fcber die im Warenkorb enthaltenen Waren annehmen. Unmittelbar nach dem Absenden der Bestellung erhalten Sie noch einmal eine Best\u00e4tigung per E-Mail.<\/p>\n<h4><strong>3. Vertragssprache, Vertragstextspeicherung<\/strong><\/h4>\n<p>Die f\u00fcr den Vertragsschluss zur Verf\u00fcgung stehende Sprache ist Deutsch.<\/p>\n<p>Wir speichern den Vertragstext und senden Ihnen die Bestelldaten und unsere AGB per E-Mail zu. Der Vertragstext ist aus Sicherheitsgr\u00fcnden nicht mehr \u00fcber das Internet zug\u00e4nglich.<\/p>\n<h4>4. Lieferbedingungen<\/h4>\n<p>Wir liefern innerhalb Deutschlands versandkostenfrei.<\/p>\n<p>Wir liefern nur im Versandweg. Eine Selbstabholung der Ware ist leider nicht m\u00f6glich.<\/p>\n<p>Wir liefern nicht an Packstationen.<\/p>\n<h4>5. Bezahlung<\/h4>\n<p>In unserem Shop stehen Ihnen grunds\u00e4tzlich die folgenden Zahlungsarten zur Verf\u00fcgung:<\/p>\n<p>Vorkasse<br \/>\nBei Auswahl der Zahlungsart Vorkasse nennen wir Ihnen unsere Bankverbindung in der Bestellbest\u00e4tigungsmail und liefern die Ware nach Zahlungseingang.<\/p>\n<p>PayPal<br \/>\nUm den Rechnungsbetrag \u00fcber den Zahlungsdienstleister PayPal (Europe) S.\u00e0 r.l. et Cie, S.C.A, 22-24 Boulevard Royal, L-2449 Luxembourg (\u201ePayPal\u201c) bezahlen zu k\u00f6nnen, m\u00fcssen Sie bei PayPal registriert sein, sich mit Ihren Zugangsdaten legitimieren und die Zahlungsanweisung best\u00e4tigen.<br \/>\nDie Zahlungstransaktion wird durch PayPal unmittelbar nach Abgabe der Bestellung durchgef\u00fchrt. Weitere Hinweise erhalten Sie im Bestellvorgang.<br \/>\nPayPal kann registrierten und nach eigenen Kriterien ausgew\u00e4hlten PayPal-Kunden weitere Zahlungsmodalit\u00e4ten im Kundenkonto anbieten. Auf das Anbieten dieser Modalit\u00e4ten haben wir allerdings keinen Einfluss; weitere individuell angebotene Zahlungsmodalit\u00e4ten betreffen Ihr Rechtsverh\u00e4ltnis mit PayPal. Weitere Informationen hierzu finden Sie in Ihrem PayPal-Konto.<\/p>\n<h4>6. Transportsch\u00e4den<\/h4>\n<p>Werden Waren mit offensichtlichen Transportsch\u00e4den angeliefert, so reklamieren Sie solche Fehler bitte m\u00f6glichst sofort beim Zusteller und nehmen Sie bitte unverz\u00fcglich Kontakt zu uns auf. Die Vers\u00e4umung einer Reklamation oder Kontaktaufnahme hat f\u00fcr Ihre gesetzlichen Anspr\u00fcche und deren Durchsetzung, insbesondere Ihre Gew\u00e4hrleistungsrechte, keinerlei Konsequenzen. Sie helfen uns aber, unsere eigenen Anspr\u00fcche gegen\u00fcber dem Frachtf\u00fchrer bzw. der Transportversicherung geltend machen zu k\u00f6nnen.<\/p>\n<h4>7. Gew\u00e4hrleistung und Garantien<\/h4>\n<p>Es gilt das gesetzliche M\u00e4ngelhaftungsrecht. Informationen zu gegebenenfalls geltenden zus\u00e4tzlichen Garantien und deren genaue Bedingungen finden Sie jeweils beim Produkt und auf besonderen Informationsseiten im Onlineshop.<\/p>\n<h4>8. Haftung<\/h4>\n<p>F\u00fcr Anspr\u00fcche aufgrund von Sch\u00e4den, die durch uns, unsere gesetzlichen Vertreter oder Erf\u00fcllungsgehilfen verursacht wurden, haften wir stets unbeschr\u00e4nkt<\/p>\n<p>bei Verletzung des Lebens, des K\u00f6rpers oder der Gesundheit,<br \/>\nbei vors\u00e4tzlicher oder grob fahrl\u00e4ssiger Pflichtverletzung,<br \/>\nbei Garantieversprechen, soweit vereinbart, oder<br \/>\nsoweit der Anwendungsbereich des Produkthaftungsgesetzes er\u00f6ffnet ist.<\/p>\n<p>Bei Verletzung wesentlicher Vertragspflichten, deren Erf\u00fcllung die ordnungsgem\u00e4\u00dfe Durchf\u00fchrung des Vertrages \u00fcberhaupt erst erm\u00f6glicht und auf deren Einhaltung der Vertragspartner regelm\u00e4\u00dfig vertrauen darf, (Kardinalpflichten) durch leichte Fahrl\u00e4ssigkeit von uns, unseren gesetzlichen Vertretern oder Erf\u00fcllungsgehilfen ist die Haftung der H\u00f6he nach auf den bei Vertragsschluss vorhersehbaren Schaden begrenzt, mit dessen Entstehung typischerweise gerechnet werden muss. Im \u00dcbrigen sind Anspr\u00fcche auf Schadensersatz ausgeschlossen.<\/p>\n<h4>9. Streitbeilegung<\/h4>\n<p><strong>Hinweis gem\u00e4\u00df Verbraucherstreitbeilegungsgesetz (VSBG)<\/strong><\/p>\n<p>Wir sind nicht verpflichtet und nicht bereit, an Streitbeilegungsverfahren vor einer Verbraucherschlichtungsstelle teilzunehmen.<\/p>\n<h5>AGB erstellt mit dem Trusted Shops Rechtstexter in Kooperation mit Wilde Beuger Solmecke Rechtsanw\u00e4lte.<\/h5>\n<h2><strong>Zahlung und Lieferung:<\/strong><\/h2>\n<p><strong>F\u00fcr Poster:<\/strong> Nach Eingang Ihrer Vorkassezahlung wird im Falle des Posters zur kindlichen Entwicklung in den Gr\u00f6\u00dfen 30x45cm, 40x60cm und 50x75cm umgehend der Versand eingeleitet, so dass Ihre Bestellung in der Regel innerhalb von 3 bis 5 Werktagen bei Ihnen ankommt.<br \/>\nF\u00fcr die gr\u00f6\u00dferen Formate ebenso wie f\u00fcr alle Gr\u00f6\u00dfen des Posters zur Beikosteinf\u00fchrung wird\u00a0innerhalb von 24 Std. der Auftrag zum Posterdruck weitergeleitet und Ihr Paket umgehend an Sie versendet, sobald Ihr Poster fertiggestellt wurde und bei uns angekommen ist. Nach maximal 10 Tagen erhalten Sie Ihr Poster.<br \/>\nLieferbar nur innerhalb Deutschlands.<br \/>\nZahlung nur per Vorkasse binnen 10 Tagen nach Bestellung m\u00f6glich.<\/p>\n<p><strong>F\u00fcr Abdruckgenehmigungen:<\/strong> Nach Kl\u00e4rung der Bedingungen und Preise, nach der Bestellbest\u00e4tigung und Ihre Vorkassezahlung erhalten Sie die Texte, f\u00fcr die Sie das Nutzungsrecht erworben haben, wahlweise als PDF oder DOCX-Dateien im E-Mail-Anhang. Die Rechnung sowie eine Genehmigung zum Abdruck erhalten Sie per Post einige Tage darauf.<\/p>\n<h2><strong>Widerrufsbelehrung<\/strong><\/h2>\n<p>Sie k\u00f6nnen Ihre Vertragserkl\u00e4rung innerhalb von zwei Wochen ohne Angabe von Gr\u00fcnden in Textform (z.B. Brief, E-Mail) widerrufen. Um Ihr Widerrufsrecht auszu\u00fcben, m\u00fcssen Sie uns mittels einer eindeutigen Erkl\u00e4rung (z. B. ein mit der Post versandter Brief oder E-Mail) \u00fcber Ihren Entschluss, diesen Vertrag zu widerrufen, informieren.<\/p>\n<p>Die Widerrufsfrist betr\u00e4gt vierzehn Tage ab dem Tag, an dem Sie oder ein von Ihnen benannter Dritter, der nicht der Bef\u00f6rderer ist, die letzte Ware in Besitz genommen haben bzw. hat. Zur Wahrung der Widerrufsfrist gen\u00fcgt die rechtzeitige Absendung des Widerrufs. Der Widerruf ist zu richten an:<\/p>\n<p>Dr. Melanie Lerch<br \/>\nBarnestr. 73<br \/>\n31515 Wunstorf<br \/>\nkkpshop@knetfeder.de<br \/>\nTel.: 05031\/9779944<\/p>\n<p><strong>Widerrufsfolgen:<\/strong><\/p>\n<p>Im Falle eines wirksamen Widerrufs sind die beiderseits empfangenen Leistungen zur\u00fcckzugew\u00e4hren und ggf. gezogene Nutzungen (z. B. Zinsen) herauszugeben. K\u00f6nnen Sie uns die empfangene Leistung ganz oder teilweise nicht oder nur in verschlechtertem Zustand zur\u00fcckgew\u00e4hren, m\u00fcssen Sie uns insoweit ggf. Wertersatz leisten. Bei der \u00dcberlassung von Sachen gilt dies nicht, wenn die Verschlechterung der Sache ausschlie\u00dflich auf deren Pr\u00fcfung &#8211; wie Sie Ihnen etwa im Ladengesch\u00e4ft m\u00f6glich gewesen w\u00e4re &#8211; zur\u00fcckzuf\u00fchren ist. Im \u00dcbrigen k\u00f6nnen Sie die Pflicht zum Wertersatz f\u00fcr eine durch die bestimmungsgem\u00e4\u00dfe Ingebrauchnahme der Sache entstandene Verschlechterung vermeiden, indem Sie die Sache nicht wie ihr Eigentum in Gebrauch nehmen und alles unterlassen, was deren Gebrauch beeintr\u00e4chtigt. Paketversandf\u00e4hige Sachen sind auf unsere Gefahr zur\u00fcckzusenden. Sie haben die Kosten der R\u00fccksendung zu tragen, wenn die gelieferte Ware der bestellten entspricht und wenn der Preis der zur\u00fcckzusendenden Sache einen Betrag von 40 Euro nicht \u00fcbersteigt. Anderenfalls ist die R\u00fccksendung f\u00fcr sie kostenfrei. Verpflichtungen zur Erstattung von Zahlungen m\u00fcssen innerhalb von 30 Tagen erf\u00fcllt werden. Die Frist beginnt f\u00fcr Sie mit der Absendung Ihrer Widerrufserkl\u00e4rung oder der Sache, f\u00fcr uns mit deren Empfang.<br \/>\nEnde der Widerrufsbelehrung.<\/p>\n<p><strong>Umsatzsteuer:<\/strong><\/p>\n<p>Im Rahmen der Kleinunternehmerregelung wird auf die Erhebung der Umsatzsteuer verzichtet.<\/p>\n<h3><a href=\"https:\/\/www.knetfeder.de\/kkpwp\/datenschutzerklaerung\/\">Datenschutz<\/a><\/h3>\n<p>Wir verarbeiten die Daten unserer Kunden im Rahmen der Bestellvorg\u00e4nge in unserem Onlineshop, um ihnen die Auswahl und die Bestellung der gew\u00e4hlten Produkte und Leistungen, sowie deren Bezahlung und Zustellung zu erm\u00f6glichen.<br \/>\nZu den verarbeiteten Daten geh\u00f6ren Bestandsdaten, Kommunikationsdaten, Vertragsdaten und Zahlungsdaten. Zu den von der Verarbeitung betroffenen Personen geh\u00f6ren unsere Kunden, Interessenten und sonstige Gesch\u00e4ftspartner. Die Verarbeitung erfolgt zum Zweck der Erbringung von Vertragsleistungen im Rahmen des Betriebs eines Onlineshops, Abrechnung, Auslieferung und der Kundenservices. Hierbei setzen wir Session Cookies f\u00fcr die Speicherung des Warenkorb-Inhalts.<br \/>\nDie Verarbeitung erfolgt auf Grundlage des Art. 6 Abs. 1 lit. b (Durchf\u00fchrung Bestellvorg\u00e4nge) und c (Gesetzlich erforderliche Archivierung) DSGVO. Dabei sind die als erforderlich gekennzeichneten Angaben zur Begr\u00fcndung und Erf\u00fcllung des Vertrages erforderlich. Die Daten offenbaren wir gegen\u00fcber Dritten nur im Rahmen der Auslieferung, Zahlung oder im Rahmen der gesetzlichen Erlaubnisse und Pflichten gegen\u00fcber Rechtsberatern und Beh\u00f6rden.<br \/>\nDie L\u00f6schung erfolgt nach Ablauf gesetzlicher Gew\u00e4hrleistungs- und vergleichbarer Pflichten, die Erforderlichkeit der Aufbewahrung der Daten wird alle drei Jahre \u00fcberpr\u00fcft; im Fall der gesetzlichen Archivierungspflichten erfolgt die L\u00f6schung nach deren Ablauf (Ende handelsrechtlicher (6 Jahre) und steuerrechtlicher (10 Jahre) Aufbewahrungspflicht).<\/p>\n<p>Wir verarbeiten Daten im Rahmen von Verwaltungsaufgaben sowie Organisation unseres Betriebs, Finanzbuchhaltung und Befolgung der gesetzlichen Pflichten, wie z.B. der Archivierung. Hierbei verarbeiten wir dieselben Daten, die wir im Rahmen der Erbringung unserer vertraglichen Leistungen verarbeiten. Die Verarbeitungsgrundlagen sind Art. 6 Abs. 1 lit. c. DSGVO, Art. 6 Abs. 1 lit. f. DSGVO. Von der Verarbeitung sind Kunden, Interessenten, Gesch\u00e4ftspartner und Websitebesucher betroffen. Der Zweck und unser Interesse an der Verarbeitung liegt in der Administration, Finanzbuchhaltung, B\u00fcroorganisation, Archivierung von Daten, also Aufgaben die der Aufrechterhaltung unserer Gesch\u00e4ftst\u00e4tigkeiten, Wahrnehmung unserer Aufgaben und Erbringung unserer Leistungen dienen. Die L\u00f6schung der Daten im Hinblick auf vertragliche Leistungen und die vertragliche Kommunikation entspricht den bei diesen Verarbeitungst\u00e4tigkeiten genannten Angaben.<br \/>\nWir offenbaren oder \u00fcbermitteln hierbei Daten an die Finanzverwaltung.<br \/>\nFerner speichern wir auf Grundlage unserer betriebswirtschaftlichen Interessen Angaben zu Lieferanten und sonstigen Gesch\u00e4ftspartnern, z.B. zwecks sp\u00e4terer Kontaktaufnahme. Diese mehrheitlich unternehmensbezogenen Daten speichern wir grunds\u00e4tzlich dauerhaft.<\/p>\n<p>Sie haben das Recht, Auskunft \u00fcber Art, Umfang, Herkunft und Verwendungszweck der gespeicherten Daten Sie betreffend von uns zu erhalten, ebenso haben Sie das Recht, eine erteilte Einwilligung zur Datenspeicherung jederzeit zu widerrufen (eine ggf. bis zum Widerruf bereits erfolgte Verarbeitung der Daten wird dadurch jedoch nicht unrechtm\u00e4\u00dfig); vorhandene Daten werden dann gel\u00f6scht. Weiter besteht das Recht, personenbezogene Daten berichtigen, die Verarbeitung einschr\u00e4nken oder die Daten \u00fcbertragen zu lassen. Wenden Sie sich hierzu bitte an die oben genannte Kontaktadresse. Es besteht au\u00dferdem ein Beschwerderecht bei der zust\u00e4ndigen Aufsichtsbeh\u00f6rde.<\/p>\n<p><a href=\"https:\/\/www.knetfeder.de\/kkpwp\/datenschutzerklaerung\/\">&gt;&gt; Hier k\u00f6nnen Sie unsere vollst\u00e4ndige Datenschutzerkl\u00e4rung lesen<\/a><\/p>\n","protected":false},"excerpt":{"rendered":"<p>Allgemeine Gesch\u00e4ftsbedingungen 1. Geltungsbereich F\u00fcr alle Bestellungen \u00fcber unseren Online-Shop gelten die nachfolgenden AGB. 2. Vertragspartner, Vertragsschluss Der Kaufvertrag kommt zustande mit Knetfeders Kleinkindp\u00e4dagogik. Mit Einstellung der Produkte in den Online-Shop geben wir ein verbindliches Angebot zum Vertragsschluss \u00fcber diese Artikel ab. Sie k\u00f6nnen unsere Produkte zun\u00e4chst unverbindlich in den Warenkorb legen und Ihre Eingaben &hellip; <\/p>\n<p><a class=\"more-link btn\" href=\"https:\/\/knetfeder.de\/kkpwp\/agb\/\">Continue reading<\/a><\/p>\n","protected":false},"author":1,"featured_media":0,"parent":0,"menu_order":0,"comment_status":"closed","ping_status":"closed","template":"","meta":{"footnotes":""},"class_list":["post-265","page","type-page","status-publish","hentry","nodate","item-wrap"],"_links":{"self":[{"href":"https:\/\/knetfeder.de\/kkpwp\/wp-json\/wp\/v2\/pages\/265","targetHints":{"allow":["GET"]}}],"collection":[{"href":"https:\/\/knetfeder.de\/kkpwp\/wp-json\/wp\/v2\/pages"}],"about":[{"href":"https:\/\/knetfeder.de\/kkpwp\/wp-json\/wp\/v2\/types\/page"}],"author":[{"embeddable":true,"href":"https:\/\/knetfeder.de\/kkpwp\/wp-json\/wp\/v2\/users\/1"}],"replies":[{"embeddable":true,"href":"https:\/\/knetfeder.de\/kkpwp\/wp-json\/wp\/v2\/comments?post=265"}],"version-history":[{"count":13,"href":"https:\/\/knetfeder.de\/kkpwp\/wp-json\/wp\/v2\/pages\/265\/revisions"}],"predecessor-version":[{"id":3406,"href":"https:\/\/knetfeder.de\/kkpwp\/wp-json\/wp\/v2\/pages\/265\/revisions\/3406"}],"wp:attachment":[{"href":"https:\/\/knetfeder.de\/kkpwp\/wp-json\/wp\/v2\/media?parent=265"}],"curies":[{"name":"wp","href":"https:\/\/api.w.org\/{rel}","templated":true}]}}