{"id":285,"date":"2017-11-24T23:06:01","date_gmt":"2017-11-24T22:06:01","guid":{"rendered":"http:\/\/www.knetfeder.de\/kkpwp\/?page_id=285"},"modified":"2021-04-16T13:19:23","modified_gmt":"2021-04-16T11:19:23","slug":"wer-wie-was","status":"publish","type":"page","link":"https:\/\/knetfeder.de\/kkpwp\/wer-wie-was\/","title":{"rendered":"Wer-wie-was"},"content":{"rendered":"<p align=\"center\"><span style=\"color: #333333; font-family: Arial;\"><b>\u00bb<\/b><\/span><span style=\"color: #ff9999; font-family: Arial;\">&nbsp;<span style=\"color: #ff9966;\"><b>Wenn der Wissenschaftler in die Wiege blickt und Antworten auf einige der unergr\u00fcndlichsten Fragen \u00fcber die Funktionsweise des Geistes, der Welt und der Sprache sucht, sieht er einen anderen Wissenschaftler, der ihn anblickt und so ziemlich dasselbe tut.&nbsp;<br \/>\nKein Wunder, dass beide l\u00e4cheln.<\/b><\/span><\/span><span style=\"color: #333333; font-family: Arial;\"><span style=\"color: #ff9966;\">&nbsp;<\/span><b>\u00ab<\/b><\/span><br \/>\n<span style=\"color: #333333;\"><span style=\"font-family: Arial;\"><b>(<\/b><\/span><span style=\"font-family: Arial; font-size: xx-small;\">&nbsp;Gopnik u.a.: Forschergeist in Windeln<\/span><span style=\"font-family: Arial;\">&nbsp;<b>)<\/b><\/span><\/span><\/p>\n<p><span style=\"color: #333333; font-family: Arial; font-size: small;\">&nbsp;<\/span><\/p>\n<p>Nachdem das &#8220;<span style=\"color: #ff9966;\"><strong>Was<\/strong><\/span>&#8221; hoffentlich auf den folgenden Seiten gekl\u00e4rt werden kann und es zum &#8220;<strong><span style=\"color: #ff9966;\">Wie<\/span><\/strong>&#8221; gar nicht viel zu sagen gibt (au\u00dfer:WordPress und viele hilfreiche PlugIns, CSS, Learning-by-doing,Versuch und Irrtum, vielviel Zeit w\u00e4hrend des Studentenlebens fr\u00fcher und vielviel weniger Zeit seit Kind 1 und eigentlich gar keine Zeit mehr seit Kind 2) bleibt die Frage nach dem &#8230;<\/p>\n<p><span style=\"color: #ff9966; font-size: x-large;\"><b><span style=\"font-family: Arial;\">Wer:<\/span><\/b><\/span><span style=\"color: #ff9999;\"><span style=\"color: #ff9966;\">&nbsp;<\/span><br \/>\n<\/span><\/p>\n<ul>\n<li><strong>Dr. phil. Melanie Lerch, Diplom-P\u00e4dagogin<\/strong>, zertifizierte PEKiP-Gruppenleiterin, als alleinige Autorin, Designerin, Setzerin, Redakteurin, <strong><a href=\"https:\/\/www.knetfeder.de\/kkpwp\/products-page\/\" target=\"_blank\" rel=\"noopener\">Anbieterin<\/a><\/strong> und <strong><a href=\"https:\/\/www.knetfeder.de\/kkpwp\/impressum\/\">Verantwortliche<\/a><\/strong> von Knetfeders Kleinkindp\u00e4dagogik, zur Zeit in Erziehungszeit mit Kind 2.<br \/>\nWie man sieht, lautet mein Nachname <strong><a href=\"http:\/\/www.knetfeder.de\/revue\/?p=61\" target=\"_blank\" rel=\"noopener\">entgegen aller Ger\u00fcchte<\/a><\/strong> <em>NICHT<\/em> Knetfeder. Diese Seiten hei\u00dfen &#8220;Knetfeders Kleinkindp\u00e4dagogik&#8221;, weil sie im Rahmen des Knetfeder-Projektes von Melanie &amp; Daniel (der \u00fcbrigens ebenfalls nicht Knetfeder hei\u00dft) angeboten werden. Zur Geschichte des Projekttitels siehe unsere <strong><a href=\"http:\/\/www.knetfeder.de\/faq.html\" target=\"_blank\" rel=\"noopener\">Knetfeder-FAQ<\/a><\/strong>.<\/li>\n<li>Qualifiziert f\u00fcr dieses Projekt durch erfolgreiches Studium der Erziehungswissenschaft, Studienrichtung Kleinkindp\u00e4dagogik, Promotion in Erziehungswissenschaft und Psychologie sowie durch zahlreiche unverzichtbare Erfahrungen mit den &#8220;lieben Kleinen&#8221;, seit M\u00e4rz 2009 (aktualisiert im Mai 2014) auch als Mama&#8230;<br \/>\n&#8230;und nicht zuletzt durch die langj\u00e4hrige Erfahrung des Kindseins am eigenen Leibe \ud83d\ude42<\/li>\n<\/ul>\n<p>&nbsp;<\/p>\n<p>&nbsp;<\/p>\n<p>&nbsp;<\/p>\n<p>&nbsp;<\/p>\n<p>&nbsp;<\/p>\n<p>&nbsp;<\/p>\n<p>&nbsp;<\/p>\n<p>&nbsp;<\/p>\n","protected":false},"excerpt":{"rendered":"<p>\u00bb&nbsp;Wenn der Wissenschaftler in die Wiege blickt und Antworten auf einige der unergr\u00fcndlichsten Fragen \u00fcber die Funktionsweise des Geistes, der Welt und der Sprache sucht, sieht er einen anderen Wissenschaftler, der ihn anblickt und so ziemlich dasselbe tut.&nbsp; Kein Wunder, dass beide l\u00e4cheln.&nbsp;\u00ab (&nbsp;Gopnik u.a.: Forschergeist in Windeln&nbsp;) &nbsp; Nachdem das &#8220;Was&#8221; hoffentlich auf den &hellip; <\/p>\n<p><a class=\"more-link btn\" href=\"https:\/\/knetfeder.de\/kkpwp\/wer-wie-was\/\">Continue reading<\/a><\/p>\n","protected":false},"author":1,"featured_media":0,"parent":0,"menu_order":0,"comment_status":"closed","ping_status":"closed","template":"","meta":[],"_links":{"self":[{"href":"https:\/\/knetfeder.de\/kkpwp\/wp-json\/wp\/v2\/pages\/285"}],"collection":[{"href":"https:\/\/knetfeder.de\/kkpwp\/wp-json\/wp\/v2\/pages"}],"about":[{"href":"https:\/\/knetfeder.de\/kkpwp\/wp-json\/wp\/v2\/types\/page"}],"author":[{"embeddable":true,"href":"https:\/\/knetfeder.de\/kkpwp\/wp-json\/wp\/v2\/users\/1"}],"replies":[{"embeddable":true,"href":"https:\/\/knetfeder.de\/kkpwp\/wp-json\/wp\/v2\/comments?post=285"}],"version-history":[{"count":7,"href":"https:\/\/knetfeder.de\/kkpwp\/wp-json\/wp\/v2\/pages\/285\/revisions"}],"predecessor-version":[{"id":886,"href":"https:\/\/knetfeder.de\/kkpwp\/wp-json\/wp\/v2\/pages\/285\/revisions\/886"}],"wp:attachment":[{"href":"https:\/\/knetfeder.de\/kkpwp\/wp-json\/wp\/v2\/media?parent=285"}],"curies":[{"name":"wp","href":"https:\/\/api.w.org\/{rel}","templated":true}]}}