{"id":292,"date":"2017-11-25T00:33:05","date_gmt":"2017-11-24T23:33:05","guid":{"rendered":"http:\/\/www.knetfeder.de\/kkpwp\/?page_id=292"},"modified":"2021-04-16T13:16:12","modified_gmt":"2021-04-16T11:16:12","slug":"wer-und-wo","status":"publish","type":"page","link":"https:\/\/knetfeder.de\/kkpwp\/wer-und-wo\/","title":{"rendered":"PEKiP &#8211; Wer und wo"},"content":{"rendered":"<h3><img decoding=\"async\" loading=\"lazy\" class=\"img-gelberrahmen alignright wp-image-565 size-full\" style=\"font-size: 16px; font-weight: normal; color: #333333;\" src=\"https:\/\/www.knetfeder.de\/kkpwp\/wp-content\/uploads\/2017\/11\/pekipwer.jpg\" alt=\"\" width=\"200\" height=\"266\" srcset=\"https:\/\/knetfeder.de\/kkpwp\/wp-content\/uploads\/2017\/11\/pekipwer.jpg 200w, https:\/\/knetfeder.de\/kkpwp\/wp-content\/uploads\/2017\/11\/pekipwer-150x200.jpg 150w, https:\/\/knetfeder.de\/kkpwp\/wp-content\/uploads\/2017\/11\/pekipwer-23x31.jpg 23w, https:\/\/knetfeder.de\/kkpwp\/wp-content\/uploads\/2017\/11\/pekipwer-29x38.jpg 29w, https:\/\/knetfeder.de\/kkpwp\/wp-content\/uploads\/2017\/11\/pekipwer-162x215.jpg 162w, https:\/\/knetfeder.de\/kkpwp\/wp-content\/uploads\/2017\/11\/pekipwer-111x148.jpg 111w\" sizes=\"(max-width: 200px) 100vw, 200px\" \/><\/h3>\n<h3><span style=\"color: #edb340;\">WER:<\/span><\/h3>\n<p><strong><span style=\"color: #333333;\">Melanie Lerch<\/span><\/strong><\/p>\n<ul>\n<li><span style=\"color: #333333;\">Doktorin der Philosophie (im Fachbereich Erziehungswissenschaft und Psychologie)<\/span><\/li>\n<li><span style=\"color: #333333;\">Diplom-P\u00e4dagogin (univ., Studienrichtung Kleinkindp\u00e4dagogik) <\/span><\/li>\n<li><span style=\"color: #333333;\">zertifizierte PEKiP-Gruppenleiterin seit 2011 (bisher in Berlin t\u00e4tig)<\/span><\/li>\n<li><span style=\"color: #333333;\">2 Kinder (geb. M\u00e4rz 2009 und Mai 2014)<\/span><\/li>\n<\/ul>\n<h3>&nbsp;<\/h3>\n<p>&nbsp;<\/p>\n<p><span style=\"color: #000000;\"><strong>Ein Interview mit mir \u00fcber das neue PEKiP-Angebot in Wunstorf<\/strong><\/span>,<br \/>\nerschienen in der Wunstorfer Auepost am 9.12.2018 (Klick auf Bild \u00f6ffnet neues Fenster):<\/p>\n<p><a href=\"https:\/\/www.auepost.de\/anzeige\/fuer-die-allerjuengsten-spiel-spass-und-austausch-bei-pekip-kursen-in-wunstorf-22539\/\"><img decoding=\"async\" loading=\"lazy\" class=\"img-gelberrahmen alignleft wp-image-2218 size-full\" src=\"https:\/\/www.knetfeder.de\/kkpwp\/wp-content\/uploads\/2017\/11\/auepostinterview.jpg\" alt=\"\" width=\"599\" height=\"233\" srcset=\"https:\/\/knetfeder.de\/kkpwp\/wp-content\/uploads\/2017\/11\/auepostinterview.jpg 599w, https:\/\/knetfeder.de\/kkpwp\/wp-content\/uploads\/2017\/11\/auepostinterview-300x117.jpg 300w, https:\/\/knetfeder.de\/kkpwp\/wp-content\/uploads\/2017\/11\/auepostinterview-31x12.jpg 31w, https:\/\/knetfeder.de\/kkpwp\/wp-content\/uploads\/2017\/11\/auepostinterview-38x15.jpg 38w, https:\/\/knetfeder.de\/kkpwp\/wp-content\/uploads\/2017\/11\/auepostinterview-425x165.jpg 425w, https:\/\/knetfeder.de\/kkpwp\/wp-content\/uploads\/2017\/11\/auepostinterview-148x58.jpg 148w\" sizes=\"(max-width: 599px) 100vw, 599px\" \/><\/a><\/p>\n<h3>&nbsp;<\/h3>\n<h3>&nbsp;<\/h3>\n<h3>&nbsp;<\/h3>\n<h3>&nbsp;<\/h3>\n<h3>&nbsp;<\/h3>\n<h3>&nbsp;<\/h3>\n<h3><span style=\"color: #edb340;\">WO:<\/span><\/h3>\n<div id=\"attachment_2078\" style=\"width: 351px\" class=\"wp-caption alignright\"><a href=\"https:\/\/www.openstreetmap.org\/directions?from=&amp;to=52.4233%2C9.4295\" target=\"_blank\" rel=\"noopener\"><img aria-describedby=\"caption-attachment-2078\" decoding=\"async\" loading=\"lazy\" class=\"img-gelberrahmen wp-image-2078 size-full\" src=\"https:\/\/www.knetfeder.de\/kkpwp\/wp-content\/uploads\/2017\/11\/k\u00fcsterstr-map.jpg\" alt=\"K\u00fcsterstr. 18\" width=\"351\" height=\"307\" srcset=\"https:\/\/knetfeder.de\/kkpwp\/wp-content\/uploads\/2017\/11\/k\u00fcsterstr-map.jpg 351w, https:\/\/knetfeder.de\/kkpwp\/wp-content\/uploads\/2017\/11\/k\u00fcsterstr-map-300x262.jpg 300w, https:\/\/knetfeder.de\/kkpwp\/wp-content\/uploads\/2017\/11\/k\u00fcsterstr-map-229x200.jpg 229w, https:\/\/knetfeder.de\/kkpwp\/wp-content\/uploads\/2017\/11\/k\u00fcsterstr-map-31x27.jpg 31w, https:\/\/knetfeder.de\/kkpwp\/wp-content\/uploads\/2017\/11\/k\u00fcsterstr-map-38x33.jpg 38w, https:\/\/knetfeder.de\/kkpwp\/wp-content\/uploads\/2017\/11\/k\u00fcsterstr-map-246x215.jpg 246w, https:\/\/knetfeder.de\/kkpwp\/wp-content\/uploads\/2017\/11\/k\u00fcsterstr-map-148x129.jpg 148w\" sizes=\"(max-width: 351px) 100vw, 351px\" \/><\/a><p id=\"caption-attachment-2078\" class=\"wp-caption-text\">K\u00fcsterstr. 18 &#8211; Klick f\u00fcr gro\u00dfe Karte (extern) <br \/> Daten von <a href=\"http:\/\/www.openstreetmap.org\/\">OpenStreetMap<\/a> &#8211; Ver\u00f6ffentlicht unter <a href=\"http:\/\/opendatacommons.org\/licenses\/odbl\/\">ODbL<\/a><\/p><\/div>\n<p>Meine Kurse finden in der <strong>K\u00fcsterstra\u00dfe 18<\/strong> statt. \u00dcber den D\u00e4chern Wunstorfs haben wir dort einen gem\u00fctlichen Raum, in dem die Babys auf weichen Matten liegen k\u00f6nnen und der sp\u00e4ter auch gen\u00fcgend Platz zum Krabbeln und Entdecken bietet.&nbsp;<\/p>\n<p><strong>Bitte beachten Sie: Kinderwagen k\u00f6nnen vor Ort nur drau\u00dfen vor dem Geb\u00e4ude am Fahrradst\u00e4nder angeschlossen werden! Das Abstellen innerhalb des Geb\u00e4udes ist nicht gestattet. Empfohlen wird daher die Anreise per Auto oder zu Fu\u00df mit Tragehilfe\/Tragetuch.<\/strong><\/p>\n<p>&nbsp;<\/p>\n<p>&nbsp;<br \/>\n&nbsp;<\/p>\n\n\t\n\t\t\n\t\t\t\n\t\t\t<!-- Start Advanced Gallery Html Containers -->\n\t\t\t<div class=\"gal_content\">\n\t\t\t\t\n\t\t\t\t<div class=\"slideshow-container\">\n\t\t\t\t\t<div id=\"loading_292_1\" class=\"loader\"><\/div>\n\t\t\t\t\t<div id=\"slideshow_292_1\" class=\"slideshow\"><\/div>\n\t\t\t\t\t<div id=\"caption_292_1\" class=\"caption-container\"><\/div>\n\t\t\t\t<\/div>\n\t\t\t\t\n\t\t\t<\/div>\n\t\n\t<\/div>\n\t\n\t<div class=\"gallery_clear\"><\/div>\n<div class=\"gallery_clear\"><\/div> \n\t\t<div id=\"gallery_292_1\" class=\"photospace_res\"> \n\t\t\t<div id=\"controls_292_1\" class=\"controls\"><\/div>\n\t\t\t<!-- Start Advanced Gallery Html Containers -->\n\t\t\t<div class=\"thumbs_wrap2\">\n\t\t\t\t<div class=\"thumbs_wrap\">\n\t\t\t\t\t<div id=\"thumbs_292_1\" class=\"thumnail_row \" >\n\t\t\t\t\t\t<ul class=\"thumbs noscript\">\n\t\t\t\t\t\t\t\t\t<li><a class=\"thumb\" href=\"https:\/\/knetfeder.de\/kkpwp\/wp-content\/uploads\/2017\/11\/pekipgal3-1-375x500.jpg\" title=\"pekipgal3\" >\t\t\t\t\t\t\t\t\n\t\t\t\t\t\t\t\t\t\t\t<img src=\"https:\/\/knetfeder.de\/kkpwp\/wp-content\/uploads\/2017\/11\/pekipgal3-1-170x170.jpg\" alt=\"\" title=\"pekipgal3\" \/>\n\t\t\t\t\t\t\t\t\t\t<\/a>\n\t\t\t\t\t\t\t\t\t\t\n\t\t\t\t\t\t\t\t\t\t<div class=\"caption\">\n\t\t\t\t\t\t\t\t\t\t\t\n\t\t\t\t\t\t\t\t\t\t\t\t\t\t<div class=\"image-caption\">K\u00fcsterstr. 18<\/div>\n\t\t\t\t\t\t\t\t\t\t\t\t\t\n\t\t\t\t\t\t\t\t\t\t\t\n\t\t\t\t\t\t\t\t\t\t\t<a class=\"pageLink next\" style=\"display:none; opacity:0; cursor: default;\" href=\"#\" title=\"Next Page\"><\/a>\n\t\t\t\t\t\t\t\t\t\t\t\n\t\t\t\t\t\t\t\t\t\t<\/div>\n\t\t\t\t\t\t\t\t\t\t\n\t\t\t\t\t\t\t\t\t<\/li>\n\t\t\t\t\t\t\t\t\n\t\t\t\t\t\t\t\t\t<li><a class=\"thumb\" href=\"https:\/\/knetfeder.de\/kkpwp\/wp-content\/uploads\/2017\/11\/pekipgal2-600x450.jpg\" title=\"pekipgal2\" >\t\t\t\t\t\t\t\t\n\t\t\t\t\t\t\t\t\t\t\t<img src=\"https:\/\/knetfeder.de\/kkpwp\/wp-content\/uploads\/2017\/11\/pekipgal2-170x170.jpg\" alt=\"\" title=\"pekipgal2\" \/>\n\t\t\t\t\t\t\t\t\t\t<\/a>\n\t\t\t\t\t\t\t\t\t\t\n\t\t\t\t\t\t\t\t\t\t<div class=\"caption\">\n\t\t\t\t\t\t\t\t\t\t\t\n\t\t\t\t\t\t\t\t\t\t\t\t\t\t<div class=\"image-caption\">Regenbogen bringt uns bestimmt Gl\u00fcck...<\/div>\n\t\t\t\t\t\t\t\t\t\t\t\t\t\n\t\t\t\t\t\t\t\t\t\t\t\n\t\t\t\t\t\t\t\t\t\t\t<a class=\"pageLink next\" style=\"display:none; opacity:0; cursor: default;\" href=\"#\" title=\"Next Page\"><\/a>\n\t\t\t\t\t\t\t\t\t\t\t\n\t\t\t\t\t\t\t\t\t\t<\/div>\n\t\t\t\t\t\t\t\t\t\t\n\t\t\t\t\t\t\t\t\t<\/li>\n\t\t\t\t\t\t\t\t\n\t\t\t\t\t\t\t\t\t<li><a class=\"thumb\" href=\"https:\/\/knetfeder.de\/kkpwp\/wp-content\/uploads\/2017\/11\/pekipgal4-375x500.jpg\" title=\"pekipgal4\" >\t\t\t\t\t\t\t\t\n\t\t\t\t\t\t\t\t\t\t\t<img src=\"https:\/\/knetfeder.de\/kkpwp\/wp-content\/uploads\/2017\/11\/pekipgal4-170x170.jpg\" alt=\"\" title=\"pekipgal4\" \/>\n\t\t\t\t\t\t\t\t\t\t<\/a>\n\t\t\t\t\t\t\t\t\t\t\n\t\t\t\t\t\t\t\t\t\t<div class=\"caption\">\n\t\t\t\t\t\t\t\t\t\t\t\n\t\t\t\t\t\t\t\t\t\t\t\t\t\t<div class=\"image-caption\">Zugang<\/div>\n\t\t\t\t\t\t\t\t\t\t\t\t\t\n\t\t\t\t\t\t\t\t\t\t\t\n\t\t\t\t\t\t\t\t\t\t\t<a class=\"pageLink next\" style=\"display:none; opacity:0; cursor: default;\" href=\"#\" title=\"Next Page\"><\/a>\n\t\t\t\t\t\t\t\t\t\t\t\n\t\t\t\t\t\t\t\t\t\t<\/div>\n\t\t\t\t\t\t\t\t\t\t\n\t\t\t\t\t\t\t\t\t<\/li>\n\t\t\t\t\t\t\t\t\n\t\t\t\t\t\t\t\t\t<li><a class=\"thumb\" href=\"https:\/\/knetfeder.de\/kkpwp\/wp-content\/uploads\/2017\/11\/pekipal1-600x450.jpg\" title=\"pekipal1\" >\t\t\t\t\t\t\t\t\n\t\t\t\t\t\t\t\t\t\t\t<img src=\"https:\/\/knetfeder.de\/kkpwp\/wp-content\/uploads\/2017\/11\/pekipal1-170x170.jpg\" alt=\"\" title=\"pekipal1\" \/>\n\t\t\t\t\t\t\t\t\t\t<\/a>\n\t\t\t\t\t\t\t\t\t\t\n\t\t\t\t\t\t\t\t\t\t<div class=\"caption\">\n\t\t\t\t\t\t\t\t\t\t\t\n\t\t\t\t\t\t\t\t\t\t\t\t\t\t<div class=\"image-caption\">Bitte hier klingeln!<\/div>\n\t\t\t\t\t\t\t\t\t\t\t\t\t\n\t\t\t\t\t\t\t\t\t\t\t\n\t\t\t\t\t\t\t\t\t\t\t<a class=\"pageLink next\" style=\"display:none; opacity:0; cursor: default;\" href=\"#\" title=\"Next Page\"><\/a>\n\t\t\t\t\t\t\t\t\t\t\t\n\t\t\t\t\t\t\t\t\t\t<\/div>\n\t\t\t\t\t\t\t\t\t\t\n\t\t\t\t\t\t\t\t\t<\/li>\n\t\t\t\t\t\t\t\t\n\t\t\t\t\t\t\t\t\t<li><a class=\"thumb\" href=\"https:\/\/knetfeder.de\/kkpwp\/wp-content\/uploads\/2017\/11\/pekipgal5-600x450.jpg\" title=\"pekipgal5\" >\t\t\t\t\t\t\t\t\n\t\t\t\t\t\t\t\t\t\t\t<img src=\"https:\/\/knetfeder.de\/kkpwp\/wp-content\/uploads\/2017\/11\/pekipgal5-170x170.jpg\" alt=\"\" title=\"pekipgal5\" \/>\n\t\t\t\t\t\t\t\t\t\t<\/a>\n\t\t\t\t\t\t\t\t\t\t\n\t\t\t\t\t\t\t\t\t\t<div class=\"caption\">\n\t\t\t\t\t\t\t\t\t\t\t\n\t\t\t\t\t\t\t\t\t\t\t\t\t\t<div class=\"image-caption\">Blick in unseren Raum<\/div>\n\t\t\t\t\t\t\t\t\t\t\t\t\t\n\t\t\t\t\t\t\t\t\t\t\t\n\t\t\t\t\t\t\t\t\t\t\t<a class=\"pageLink next\" style=\"display:none; opacity:0; cursor: default;\" href=\"#\" title=\"Next Page\"><\/a>\n\t\t\t\t\t\t\t\t\t\t\t\n\t\t\t\t\t\t\t\t\t\t<\/div>\n\t\t\t\t\t\t\t\t\t\t\n\t\t\t\t\t\t\t\t\t<\/li>\n\t\t\t\t\t\t\t\t\n\t\t\t\t\t\t\t\t\t<li><a class=\"thumb\" href=\"https:\/\/knetfeder.de\/kkpwp\/wp-content\/uploads\/2017\/11\/pekipgal6-375x500.jpg\" title=\"pekipgal6\" >\t\t\t\t\t\t\t\t\n\t\t\t\t\t\t\t\t\t\t\t<img src=\"https:\/\/knetfeder.de\/kkpwp\/wp-content\/uploads\/2017\/11\/pekipgal6-170x170.jpg\" alt=\"\" title=\"pekipgal6\" \/>\n\t\t\t\t\t\t\t\t\t\t<\/a>\n\t\t\t\t\t\t\t\t\t\t\n\t\t\t\t\t\t\t\t\t\t<div class=\"caption\">\n\t\t\t\t\t\t\t\t\t\t\t\n\t\t\t\t\t\t\t\t\t\t\t\t\t\t<div class=\"image-caption\">Unser Raum, noch ohne durchgehende Mattenauslegung<\/div>\n\t\t\t\t\t\t\t\t\t\t\t\t\t\n\t\t\t\t\t\t\t\t\t\t\t\n\t\t\t\t\t\t\t\t\t\t\t<a class=\"pageLink next\" style=\"display:none; opacity:0; cursor: default;\" href=\"#\" title=\"Next Page\"><\/a>\n\t\t\t\t\t\t\t\t\t\t\t\n\t\t\t\t\t\t\t\t\t\t<\/div>\n\t\t\t\t\t\t\t\t\t\t\n\t\t\t\t\t\t\t\t\t<\/li>\n\t\t\t\t\t\t\t\t\n\t\t\t\t\t\t\t\t\t<li><a class=\"thumb\" href=\"https:\/\/knetfeder.de\/kkpwp\/wp-content\/uploads\/2017\/11\/pekipgal7-375x500.jpg\" title=\"pekipgal7\" >\t\t\t\t\t\t\t\t\n\t\t\t\t\t\t\t\t\t\t\t<img src=\"https:\/\/knetfeder.de\/kkpwp\/wp-content\/uploads\/2017\/11\/pekipgal7-170x170.jpg\" alt=\"\" title=\"pekipgal7\" \/>\n\t\t\t\t\t\t\t\t\t\t<\/a>\n\t\t\t\t\t\t\t\t\t\t\n\t\t\t\t\t\t\t\t\t\t<div class=\"caption\">\n\t\t\t\t\t\t\t\t\t\t\t\n\t\t\t\t\t\t\t\t\t\t\t\t\t\t<div class=\"image-caption\">Verlockendes Spielzeug da oben...<\/div>\n\t\t\t\t\t\t\t\t\t\t\t\t\t\n\t\t\t\t\t\t\t\t\t\t\t\n\t\t\t\t\t\t\t\t\t\t\t<a class=\"pageLink next\" style=\"display:none; opacity:0; cursor: default;\" href=\"#\" title=\"Next Page\"><\/a>\n\t\t\t\t\t\t\t\t\t\t\t\n\t\t\t\t\t\t\t\t\t\t<\/div>\n\t\t\t\t\t\t\t\t\t\t\n\t\t\t\t\t\t\t\t\t<\/li>\n\t\t\t\t\t\t\t\t\n\t\t\t\t\t\t\t\t\t<li><a class=\"thumb\" href=\"https:\/\/knetfeder.de\/kkpwp\/wp-content\/uploads\/2017\/11\/pekipgal8-600x450.jpg\" title=\"pekipgal8\" >\t\t\t\t\t\t\t\t\n\t\t\t\t\t\t\t\t\t\t\t<img src=\"https:\/\/knetfeder.de\/kkpwp\/wp-content\/uploads\/2017\/11\/pekipgal8-170x170.jpg\" alt=\"\" title=\"pekipgal8\" \/>\n\t\t\t\t\t\t\t\t\t\t<\/a>\n\t\t\t\t\t\t\t\t\t\t\n\t\t\t\t\t\t\t\t\t\t<div class=\"caption\">\n\t\t\t\t\t\t\t\t\t\t\t\n\t\t\t\t\t\t\t\t\t\t\t\t\t\t<div class=\"image-caption\">Kleine Schikane<\/div>\n\t\t\t\t\t\t\t\t\t\t\t\t\t\n\t\t\t\t\t\t\t\t\t\t\t\n\t\t\t\t\t\t\t\t\t\t\t<a class=\"pageLink next\" style=\"display:none; opacity:0; cursor: default;\" href=\"#\" title=\"Next Page\"><\/a>\n\t\t\t\t\t\t\t\t\t\t\t\n\t\t\t\t\t\t\t\t\t\t<\/div>\n\t\t\t\t\t\t\t\t\t\t\n\t\t\t\t\t\t\t\t\t<\/li>\n\t\t\t\t\t\t\t\t\n\t\t\t\t\t\t\t\t\t<li><a class=\"thumb\" href=\"https:\/\/knetfeder.de\/kkpwp\/wp-content\/uploads\/2017\/11\/pekipgal9-600x450.jpg\" title=\"pekipgal9\" >\t\t\t\t\t\t\t\t\n\t\t\t\t\t\t\t\t\t\t\t<img src=\"https:\/\/knetfeder.de\/kkpwp\/wp-content\/uploads\/2017\/11\/pekipgal9-170x170.jpg\" alt=\"\" title=\"pekipgal9\" \/>\n\t\t\t\t\t\t\t\t\t\t<\/a>\n\t\t\t\t\t\t\t\t\t\t\n\t\t\t\t\t\t\t\t\t\t<div class=\"caption\">\n\t\t\t\t\t\t\t\t\t\t\t\n\t\t\t\t\t\t\t\t\t\t\t\t\t\t<div class=\"image-caption\">Auf der Terrasse k\u00f6nnen die Babys im Sommer auch mal planschen.<\/div>\n\t\t\t\t\t\t\t\t\t\t\t\t\t\n\t\t\t\t\t\t\t\t\t\t\t\n\t\t\t\t\t\t\t\t\t\t\t<a class=\"pageLink next\" style=\"display:none; opacity:0; cursor: default;\" href=\"#\" title=\"Next Page\"><\/a>\n\t\t\t\t\t\t\t\t\t\t\t\n\t\t\t\t\t\t\t\t\t\t<\/div>\n\t\t\t\t\t\t\t\t\t\t\n\t\t\t\t\t\t\t\t\t<\/li>\n\t\t\t\t\t\t\t\t\n\t\t\t\t\t\t\t\t\t<li><a class=\"thumb\" href=\"https:\/\/knetfeder.de\/kkpwp\/wp-content\/uploads\/2017\/11\/pekipgal10-600x450.jpg\" title=\"pekipgal10\" >\t\t\t\t\t\t\t\t\n\t\t\t\t\t\t\t\t\t\t\t<img src=\"https:\/\/knetfeder.de\/kkpwp\/wp-content\/uploads\/2017\/11\/pekipgal10-170x170.jpg\" alt=\"\" title=\"pekipgal10\" \/>\n\t\t\t\t\t\t\t\t\t\t<\/a>\n\t\t\t\t\t\t\t\t\t\t\n\t\t\t\t\t\t\t\t\t\t<div class=\"caption\">\n\t\t\t\t\t\t\t\t\t\t\t\n\t\t\t\t\t\t\t\t\t\t\t\t\t\t<div class=\"image-caption\">Blick \u00fcber die D\u00e4cher Wunstorfs<\/div>\n\t\t\t\t\t\t\t\t\t\t\t\t\t\n\t\t\t\t\t\t\t\t\t\t\t\n\t\t\t\t\t\t\t\t\t\t\t<a class=\"pageLink next\" style=\"display:none; opacity:0; cursor: default;\" href=\"#\" title=\"Next Page\"><\/a>\n\t\t\t\t\t\t\t\t\t\t\t\n\t\t\t\t\t\t\t\t\t\t<\/div>\n\t\t\t\t\t\t\t\t\t\t\n\t\t\t\t\t\t\t\t\t<\/li>\n\t\t\t\t\t\t\t\t\n\t\t\t\t\t\t<\/ul>\t\t\t\t\t\n\t\t\t\t\t\t\n\t\t\t\t\t<\/div>\n\t\t\t\t<\/div>\n\t\t\t<\/div>\n\t\n\t\n\t\n\t<script type='text\/javascript'>\n\t\t\t\n\t\t\tjQuery(document).ready(function($) {\n\t\t\t\t\n\t\t\t\t\/\/ We only want these styles applied when javascript is enabled\n\t\t\t\t$('.gal_content').css('display', 'block');\n\t\t\t\t\n\t\t\t\t\n\t\t\t\t\/\/ Initialize Advanced Galleriffic Gallery \n\t\t\t\tvar gallery = $('#thumbs_292_1').galleriffic({ \n\t\t\t\t\tdelay:                     3500,\n\t\t\t\t\tnumThumbs:                 200,\n\t\t\t\t\tpreloadAhead:              200,\n\t\t\t\t\tenableTopPager:            false,\n\t\t\t\t\tenableBottomPager:         false,\n\t\t\t\t\timageContainerSel:         '#slideshow_292_1',\n\t\t\t\t\tcontrolsContainerSel:      '#controls_292_1',\n\t\t\t\t\tcaptionContainerSel:       '#caption_292_1',  \n\t\t\t\t\tloadingContainerSel:       '#loading_292_1',\n\t\t\t\t\trenderSSControls:          true,\n\t\t\t\t\trenderNavControls:         false,\n\t\t\t\t\tplayLinkText:              'Diashow abspielen: klick!',\n\t\t\t\t\tpauseLinkText:             'Diashow pausieren',\n\t\t\t\t\tenableHistory:              0,\n\t\t\t\t\tautoStart:                 \t0,\n\t\t\t\t\tenableKeyboardNavigation:\ttrue,\n\t\t\t\t\tsyncTransitions:           \tfalse,\n\t\t\t\t\tdefaultTransitionDuration: \t300,\n\t\t\t\t\t\t\n\t\t\t\t\tonTransitionOut:           function(slide, caption, isSync, callback) {\n\t\t\t\t\t\tslide.fadeTo(this.getDefaultTransitionDuration(isSync), 0.0, callback);\n\t\t\t\t\t\tcaption.fadeTo(this.getDefaultTransitionDuration(isSync), 0.0);\n\t\t\t\t\t},\n\t\t\t\t\tonTransitionIn:            function(slide, caption, isSync) {\n\t\t\t\t\t\tvar duration = this.getDefaultTransitionDuration(isSync);\n\t\t\t\t\t\tslide.fadeTo(duration, 1.0);\n\t\n\t\t\t\t\t\t\/\/ Position the caption at the bottom of the image and set its opacity\n\t\t\t\t\t\tvar slideImage = slide.find('img');\n\t\t\t\t\t\tcaption.fadeTo(duration, 1.0);\n\t\t\t\t\t\t\n\t\t\t\t\t},\n\t\t\t\t\tonPageTransitionOut:       function(callback) {\n\t\t\t\t\t\t\/\/this.hide();\n\t\t\t\t\t\tsetTimeout(callback, 100); \/\/ wait a bit\n\t\t\t\t\t},\n\t\t\t\t\tonPageTransitionIn:        function() {\n\t\t\t\t\t\tvar prevPageLink = this.find('a.prev').css({'opacity': '0.3' , 'display' : 'inline-block', 'cursor' : 'default'});\n\t\t\t\t\t\tvar nextPageLink = this.find('a.next').css({'opacity': '0.3' , 'display' : 'inline-block', 'cursor' : 'default'});\n\t\t\t\t\t\t\n\t\t\t\t\t\t\/\/ Show appropriate next \/ prev page links\n\t\t\t\t\t\tif (this.displayedPage > 0)\n\t\t\t\t\t\t\tprevPageLink.css({'opacity' : '1' , 'display' : 'inline-block', 'cursor' : 'pointer'});\n\t\t\n\t\t\t\t\t\tvar lastPage = this.getNumPages() - 1;\n\t\t\t\t\t\tif (this.displayedPage < lastPage)\n\t\t\t\t\t\t\tnextPageLink.css({'opacity' : '1' , 'display' : 'inline-block', 'cursor' : 'pointer'});\n\t\t\n\t\t\t\t\t\tthis.fadeTo('fast', 1.0);\n\t\t\t\t\t}\n\t\t\t\t\t\n\t\t\t\t}); \n\t\t\t\t\n\t\t\t\t\n\t\t\t\t\n\t\t\t\t\/**************** Event handlers for custom next \/ prev page links **********************\/\n\t\t\n\t\t\t\tgallery.find('a.prev').click(function(e) {\n\t\t\t\t\tgallery.previousPage();\n\t\t\t\t\te.preventDefault();\n\t\t\t\t});\n\t\t\n\t\t\t\tgallery.find('a.next').click(function(e) {\n\t\t\t\t\tgallery.nextPage(); \n\t\t\t\t\te.preventDefault();\n\t\t\t\t});\n\t\t\n\t\t\t});\n\t\t<\/script>\n\t\t\n\t\t\n<p>&nbsp;<\/p>\n<p style=\"text-align: right;\">&nbsp;<\/p>\n","protected":false},"excerpt":{"rendered":"<p>WER: Melanie Lerch Doktorin der Philosophie (im Fachbereich Erziehungswissenschaft und Psychologie) Diplom-P\u00e4dagogin (univ., Studienrichtung Kleinkindp\u00e4dagogik) zertifizierte PEKiP-Gruppenleiterin seit 2011 (bisher in Berlin t\u00e4tig) 2 Kinder (geb. M\u00e4rz 2009 und Mai 2014) &nbsp; &nbsp; Ein Interview mit mir \u00fcber das neue PEKiP-Angebot in Wunstorf, erschienen in der Wunstorfer Auepost am 9.12.2018 (Klick auf Bild \u00f6ffnet neues &hellip; <\/p>\n<p><a class=\"more-link btn\" href=\"https:\/\/knetfeder.de\/kkpwp\/wer-und-wo\/\">Continue reading<\/a><\/p>\n","protected":false},"author":1,"featured_media":0,"parent":0,"menu_order":0,"comment_status":"closed","ping_status":"closed","template":"","meta":[],"_links":{"self":[{"href":"https:\/\/knetfeder.de\/kkpwp\/wp-json\/wp\/v2\/pages\/292"}],"collection":[{"href":"https:\/\/knetfeder.de\/kkpwp\/wp-json\/wp\/v2\/pages"}],"about":[{"href":"https:\/\/knetfeder.de\/kkpwp\/wp-json\/wp\/v2\/types\/page"}],"author":[{"embeddable":true,"href":"https:\/\/knetfeder.de\/kkpwp\/wp-json\/wp\/v2\/users\/1"}],"replies":[{"embeddable":true,"href":"https:\/\/knetfeder.de\/kkpwp\/wp-json\/wp\/v2\/comments?post=292"}],"version-history":[{"count":30,"href":"https:\/\/knetfeder.de\/kkpwp\/wp-json\/wp\/v2\/pages\/292\/revisions"}],"predecessor-version":[{"id":2219,"href":"https:\/\/knetfeder.de\/kkpwp\/wp-json\/wp\/v2\/pages\/292\/revisions\/2219"}],"wp:attachment":[{"href":"https:\/\/knetfeder.de\/kkpwp\/wp-json\/wp\/v2\/media?parent=292"}],"curies":[{"name":"wp","href":"https:\/\/api.w.org\/{rel}","templated":true}]}}