{"id":338,"date":"2017-11-25T00:54:19","date_gmt":"2017-11-24T23:54:19","guid":{"rendered":"http:\/\/www.knetfeder.de\/kkpwp\/?page_id=338"},"modified":"2021-04-16T13:15:37","modified_gmt":"2021-04-16T11:15:37","slug":"info-kleinkindpaedagogik","status":"publish","type":"page","link":"https:\/\/knetfeder.de\/kkpwp\/info-kleinkindpaedagogik\/","title":{"rendered":"Informationen \u00fcber Kleinkindp\u00e4dagogik"},"content":{"rendered":"<p>Als ich an der Freien Universit\u00e4t Berlin den Diplomstudiengang Erziehungswissenschaften studiert habe, gab es dort Kleinkindp\u00e4dagogik als eine der w\u00e4hlbaren Studienrichtungen.<\/p>\n<table width=\"75%\" cellspacing=\"0\" cellpadding=\"2\" align=\"center\">\n<tbody>\n<tr>\n<td style=\"text-align: center;\" bgcolor=\"#ff9966\" width=\"643\"><span style=\"color: #ffffff;\"><strong>Ende der Kleinkindp\u00e4dagogik an der FU Berlin<\/strong><\/span><\/td>\n<\/tr>\n<tr>\n<td bgcolor=\"white\" width=\"643\">\n<p align=\"left\">Leider existiert der Studiengang Erziehungswissenschaften mit der Studienrichtung Kleinkindp\u00e4dagogik inzwischen nicht mehr. Erziehungswissenschaft an der FU Berlin ist nun ein Bachelor\/Master-Studiengang, in dem es offiziell keinen Schwerpunkt Kleinkindp\u00e4dagogik mehr gibt. Wahrscheinlich werden weiterhin Veranstaltungen &#8211; oder Module, wie sie jetzt hei\u00dfen &#8211; angeboten, die sich mit der fr\u00fchen Kindheit besch\u00e4ftigen, denn die entsprechenden Dozenten sind ja nunmal vorhanden. Die Kleinkindp\u00e4dagogik als ganz eigenes Lehr- und Forschungsgebiet jedoch wird es nicht mehr geben.<br \/>\nW\u00e4hrend die FU Berlin sich also von diesem zukunftsweisenden, gesellschaftlich \u00e4u\u00dferst bedeutsamen Studienfach verabschiedet, haben andere Universit\u00e4ten die Zeichen der Zeit erkannt. Der Deutsche Bildungsserver f\u00fchrt eine Liste der Universit\u00e4ten und Fachhochschulen, die <a href=\"http:\/\/www.bildungsserver.de\/drucken.html?seite=2404\" target=\"_blank\" rel=\"noopener\">kindheitsrelevante Aus- und Fortbildungen<\/a> anbieten.<\/p>\n<\/td>\n<\/tr>\n<\/tbody>\n<\/table>\n<h6 align=\"left\">&nbsp;<\/h6>\n<p>Sicher haben viele Besucher dieser Seite noch nie zuvor von diesem Studienschwerpunkt geh\u00f6rt. Daher habe ich mal einige Fakten zum Thema Kleinkindp\u00e4dagogikstudium zusammengestellt:<\/p>\n<ul>\n<li>Die Studienrichtung Kleinkindp\u00e4dagogik wurde im Rahmen des Diplom-Studiengangs Erziehungswissenschaften angeboten. Als Nebenf\u00e4cher wurden Psychologie und Soziologie studiert.<\/li>\n<li>Die Studienrichtung Kleinkindp\u00e4dagogik gab es seit 1988 an der FU und sie war in dieser Form in Europa einmalig (kein Wunder also, dass kaum jemand je davon geh\u00f6rt hat!)<\/li>\n<li>Spezialisiert hat sich diese Wissenschaft auf den Bereich der 0 bis 6-j\u00e4hrigen, da die Erfahrungen, die Lern- und Entwicklungsprozesse, die in diesen Lebensjahren in der Familie und in der Kindertagesst\u00e4tte durchlebt werden, grundlegend f\u00fcr das gesamte Leben eines Menschen sind. Das S\u00e4uglings- und Kleinkindalter bildet die Voraussetzung f\u00fcr den Aufbau einer gesunden Pers\u00f6nlichkeit. Kleinkindp\u00e4dagogen arbeiten folglich sozusagen pr\u00e4ventiv, indem sie sich beispielsweise mit der Eltern-Kind-Bindung oder der Qu\u00e4lit\u00e4t von Kindertagesst\u00e4tten auseinandersetzen, w\u00e4hrend andere Fachrichtungen nur noch kompensatorisch in Fehlentwicklungen eingreifen k\u00f6nnen. Nur indem man sich mit der zuk\u00fcnftigen Generation besch\u00e4ftigt, kann man die Gesellschaft zum Besseren ver\u00e4ndern! Diplomierte Kleinkindp\u00e4dagoginnen setzen sich das Ziel, dieses neue Bewusstsein f\u00fcr Kinder zu f\u00f6rdern<\/li>\n<li>Nach der erfolgreichen Diplompr\u00fcfung findet man Diplom-P\u00e4dagogen in folgenden T\u00e4tigkeitsfeldern:<\/li>\n<\/ul>\n<p style=\"text-align: center;\">Organisation und Verwaltung: 28%<br \/>\nDiagnostik und Therapie: 21%<br \/>\nBildung und Erziehung: 17%<br \/>\nBeratung und Vermittlung: 15%<br \/>\nForschung und Lehre: 12%<br \/>\nDokumentation und Information: 4%<br \/>\nGutachten- und Sachverst\u00e4ndigenwesen: 3%<\/p>\n<h6 style=\"text-align: center;\" align=\"left\">Statistik aus: Zentralstelle f\u00fcr Arbeitsvermittlung (Hg.): Qualifizierte Fach- und F\u00fchrungskr\u00e4fte. Diplom-P\u00e4dagoginnen und Diplom-P\u00e4dagogen und Magister der Erziehungswissenschaft. Frankfurt a.M. 1998, S.8<\/h6>\n<p>&nbsp;<\/p>\n<table width=\"90%\" cellspacing=\"0\" cellpadding=\"3\" align=\"center\">\n<tbody>\n<tr>\n<td align=\"center\" valign=\"middle\" bgcolor=\"#ff9966\" width=\"686\">\n<p align=\"center\"><span style=\"color: white; font-family: Arial;\"><b>Uni-Links<br \/>\n<\/b><\/span><\/p>\n<\/td>\n<\/tr>\n<tr>\n<td bgcolor=\"white\" width=\"686\">\n<ul>\n<li><a href=\"http:\/\/www.fu-berlin.de\" target=\"_blank\" rel=\"noopener\">Homepage der Freien Universit\u00e4t Berlin<\/a><\/li>\n<li><a href=\"http:\/\/www.ewi-psy.fu-berlin.de\/\" target=\"_blank\" rel=\"noopener\">Homepage des Studiengangs Erziehungswissenschaften an der FU Berlin<\/a><\/li>\n<\/ul>\n<\/td>\n<\/tr>\n<\/tbody>\n<\/table>\n<h6 style=\"text-align: center;\" align=\"left\">&nbsp;<\/h6>\n<p>&nbsp;<\/p>\n","protected":false},"excerpt":{"rendered":"<p>Als ich an der Freien Universit\u00e4t Berlin den Diplomstudiengang Erziehungswissenschaften studiert habe, gab es dort Kleinkindp\u00e4dagogik als eine der w\u00e4hlbaren Studienrichtungen. Ende der Kleinkindp\u00e4dagogik an der FU Berlin Leider existiert der Studiengang Erziehungswissenschaften mit der Studienrichtung Kleinkindp\u00e4dagogik inzwischen nicht mehr. Erziehungswissenschaft an der FU Berlin ist nun ein Bachelor\/Master-Studiengang, in dem es offiziell keinen Schwerpunkt &hellip; <\/p>\n<p><a class=\"more-link btn\" href=\"https:\/\/knetfeder.de\/kkpwp\/info-kleinkindpaedagogik\/\">Continue reading<\/a><\/p>\n","protected":false},"author":1,"featured_media":0,"parent":0,"menu_order":0,"comment_status":"closed","ping_status":"closed","template":"","meta":[],"_links":{"self":[{"href":"https:\/\/knetfeder.de\/kkpwp\/wp-json\/wp\/v2\/pages\/338"}],"collection":[{"href":"https:\/\/knetfeder.de\/kkpwp\/wp-json\/wp\/v2\/pages"}],"about":[{"href":"https:\/\/knetfeder.de\/kkpwp\/wp-json\/wp\/v2\/types\/page"}],"author":[{"embeddable":true,"href":"https:\/\/knetfeder.de\/kkpwp\/wp-json\/wp\/v2\/users\/1"}],"replies":[{"embeddable":true,"href":"https:\/\/knetfeder.de\/kkpwp\/wp-json\/wp\/v2\/comments?post=338"}],"version-history":[{"count":9,"href":"https:\/\/knetfeder.de\/kkpwp\/wp-json\/wp\/v2\/pages\/338\/revisions"}],"predecessor-version":[{"id":2407,"href":"https:\/\/knetfeder.de\/kkpwp\/wp-json\/wp\/v2\/pages\/338\/revisions\/2407"}],"wp:attachment":[{"href":"https:\/\/knetfeder.de\/kkpwp\/wp-json\/wp\/v2\/media?parent=338"}],"curies":[{"name":"wp","href":"https:\/\/api.w.org\/{rel}","templated":true}]}}