{"id":346,"date":"2017-11-25T00:54:19","date_gmt":"2017-11-24T23:54:19","guid":{"rendered":"http:\/\/www.knetfeder.de\/kkpwp\/?page_id=346"},"modified":"2023-11-17T18:36:09","modified_gmt":"2023-11-17T17:36:09","slug":"sozialisation-als-habitualisierung","status":"publish","type":"page","link":"https:\/\/knetfeder.de\/kkpwp\/sozialisation-als-habitualisierung\/","title":{"rendered":"Sozialisation als Habitualisierung"},"content":{"rendered":"<h3 style=\"text-align: center;\">Darstellung des Habituskonzeptes nach Pierre Bourdieu.<\/h3>\n<div class=\"wp_box_gruen\"><strong>Bereich\/Seminar\/Semester:<\/strong> <em>Hauptseminar in Soziologie\/ Schl\u00fcsselbegriffe der Soziologie: Sozialisation\/ Sommersemester 2001<br \/>\n<\/em><strong>Benotung:<\/strong> 1,0<br \/>\n<strong>Seitenzahl: <\/strong>16 Seiten<\/div>\n<div><\/div>\n<p><a href=\"https:\/\/www.knetfeder.de\/kkpwp\/product\/pdf-hausarbeit-sozialisation-als-habitualisierung\/\"><img decoding=\"async\" loading=\"lazy\" class=\"alignleft wp-image-707 size-full\" src=\"https:\/\/www.knetfeder.de\/kkpwp\/wp-content\/uploads\/2017\/11\/kaufen.gif\" alt=\"Gesamte Arbeit als PDF im Shop downloaden - zahle, was es Dir wert ist (zwischen 1 und 5 Euro)!\" width=\"89\" height=\"81\" srcset=\"https:\/\/knetfeder.de\/kkpwp\/wp-content\/uploads\/2017\/11\/kaufen.gif 89w, https:\/\/knetfeder.de\/kkpwp\/wp-content\/uploads\/2017\/11\/kaufen-31x28.gif 31w, https:\/\/knetfeder.de\/kkpwp\/wp-content\/uploads\/2017\/11\/kaufen-38x35.gif 38w\" sizes=\"(max-width: 89px) 100vw, 89px\" \/><\/a><\/p>\n<h3><a href=\"https:\/\/www.knetfeder.de\/kkpwp\/product\/pdf-hausarbeit-sozialisation-als-habitualisierung\/\">Die gesamte Arbeit kann als PDF-Download im Shop erworben werden &#8211; zahle, was sie Dir wert ist (zwischen 1 und 5 Euro)!<\/a><\/h3>\n<div class=\"wp_box_gruen\"><\/div>\n<div class=\"wp_box_gruen\"><\/div>\n<h3><span style=\"color: #a0a046;\">Inhaltsverzeichnis<\/span><\/h3>\n<div class=\"wp_box_gruen\">\n<p><strong>1.\u00a0\u00a0\u00a0\u00a0\u00a0\u00a0\u00a0\u00a0\u00a0\u00a0 \u00a0 \u00a0\u00a0\u00a0 Einleitung<\/strong><\/p>\n<p><strong>2.\u00a0\u00a0\u00a0\u00a0\u00a0\u00a0\u00a0\u00a0\u00a0 \u00a0 \u00a0 \u00a0 Grundlegende Annahmen Pierre Bourdieus<\/strong><br \/>\n2.1\u00a0\u00a0\u00a0\u00a0\u00a0\u00a0\u00a0\u00a0\u00a0\u00a0\u00a0 Sozialisation \u00fcber Habitualisierung<br \/>\n2.2 \u00a0\u00a0\u00a0\u00a0\u00a0\u00a0\u00a0\u00a0\u00a0\u00a0 Klassentheorie<br \/>\n2.3 \u00a0\u00a0\u00a0 \u00a0 \u00a0 \u00a0\u00a0 Kapitaltheorie<\/p>\n<p><b>3.\u00a0\u00a0\u00a0\u00a0\u00a0\u00a0\u00a0\u00a0\u00a0\u00a0\u00a0\u00a0\u00a0 Stellungsnahme<br \/>\n<\/b><\/p>\n<p><b>Literaturverzeichnis<\/b><\/p>\n<\/div>\n<h3><span style=\"color: #a0a046;\">Einleitung<\/span><\/h3>\n<div class=\"wp_box_gruen\">\n<p>Der franz\u00f6sische Sozialwissenschaftler Pierre Bourdieu hat in umfangreicher empirischer Arbeit Lebensstile von Menschen in der Gesellschaft analysiert. Mit seinen Untersuchungen versucht Bourdieu darzulegen, dass das Leben und die Pers\u00f6nlichkeit des Einzelnen von dessen gesellschaftlicher Klassenzugeh\u00f6rigkeit bestimmt sind. Aus seinen Erkenntnissen entwickelte Bourdieu das Habituskonzept. Dieses kann u.a. als Sozialisationstheorie begriffen werden (obwohl Bourdieu selbst diese Richtung nicht weiter verfolgt hat), da der Mensch, so Bourdieu, seinen Lebensstil, seine Selbst- und Weltanschauung im Verlauf seines Aufwachsens in der sozialen Gruppe aus dieser \u00fcbernimmt. Das Individuum internalisiert die Kultur, in der es aufw\u00e4chst und wird so zum Mittr\u00e4ger dieser Kultur; es reproduziert den geltenden Habitus seiner sozialen Schicht.<br \/>\nDer Habitus der Familie des Aufwachsenden wiederum ist Bourdieu zufolge gepr\u00e4gt durch die gesellschaftliche Stellung der Familie, welche von der famili\u00e4r verf\u00fcgbaren Menge an den drei, von Bourdieu postulierten Kapitalarten abh\u00e4ngig ist.<\/p>\n<p>Im folgenden soll zun\u00e4chst der theoretische Grundansatz Bourdieus \u2013 das Habituskonzept \u2013 rekonstruiert werden.<br \/>\nAnschlie\u00dfend werden die Klassen- und die Kapitaltheorie des Sozialwissenschaftlers im Hinblick auf ihre Verkn\u00fcpfung mit der Habitustheorie erl\u00e4utert.<br \/>\nDen Abschluss dieser Arbeit bildet meine Stellungnahme zum Thema.<\/p>\n<\/div>\n<div class=\"wp_box_gruen\">\n<div><\/div>\n<p><a href=\"https:\/\/www.knetfeder.de\/kkpwp\/product\/pdf-hausarbeit-sozialisation-als-habitualisierung\/\"><img decoding=\"async\" loading=\"lazy\" class=\"alignleft wp-image-707 size-full\" src=\"https:\/\/www.knetfeder.de\/kkpwp\/wp-content\/uploads\/2017\/11\/kaufen.gif\" alt=\"Gesamte Arbeit als PDF im Shop downloaden - zahle, was es Dir wert ist (zwischen 1 und 5 Euro)!\" width=\"89\" height=\"81\" srcset=\"https:\/\/knetfeder.de\/kkpwp\/wp-content\/uploads\/2017\/11\/kaufen.gif 89w, https:\/\/knetfeder.de\/kkpwp\/wp-content\/uploads\/2017\/11\/kaufen-31x28.gif 31w, https:\/\/knetfeder.de\/kkpwp\/wp-content\/uploads\/2017\/11\/kaufen-38x35.gif 38w\" sizes=\"(max-width: 89px) 100vw, 89px\" \/><\/a><\/p>\n<h3><a style=\"outline-width: 0px !important; user-select: auto !important;\" href=\"https:\/\/www.knetfeder.de\/kkpwp\/product\/pdf-hausarbeit-sozialisation-als-habitualisierung\/\">Die gesamte Arbeit kann als PDF-Download im Shop erworben werden &#8211; zahle, was sie Dir wert ist (zwischen 1 und 5 Euro)!<\/a><\/h3>\n<h2><\/h2>\n<\/div>\n<h3><\/h3>\n","protected":false},"excerpt":{"rendered":"<p>Darstellung des Habituskonzeptes nach Pierre Bourdieu. Bereich\/Seminar\/Semester: Hauptseminar in Soziologie\/ Schl\u00fcsselbegriffe der Soziologie: Sozialisation\/ Sommersemester 2001 Benotung: 1,0 Seitenzahl: 16 Seiten Die gesamte Arbeit kann als PDF-Download im Shop erworben werden &#8211; zahle, was sie Dir wert ist (zwischen 1 und 5 Euro)! Inhaltsverzeichnis 1.\u00a0\u00a0\u00a0\u00a0\u00a0\u00a0\u00a0\u00a0\u00a0\u00a0 \u00a0 \u00a0\u00a0\u00a0 Einleitung 2.\u00a0\u00a0\u00a0\u00a0\u00a0\u00a0\u00a0\u00a0\u00a0 \u00a0 \u00a0 \u00a0 Grundlegende Annahmen Pierre &hellip; <\/p>\n<p><a class=\"more-link btn\" href=\"https:\/\/knetfeder.de\/kkpwp\/sozialisation-als-habitualisierung\/\">Continue reading<\/a><\/p>\n","protected":false},"author":1,"featured_media":0,"parent":0,"menu_order":0,"comment_status":"open","ping_status":"closed","template":"","meta":[],"_links":{"self":[{"href":"https:\/\/knetfeder.de\/kkpwp\/wp-json\/wp\/v2\/pages\/346"}],"collection":[{"href":"https:\/\/knetfeder.de\/kkpwp\/wp-json\/wp\/v2\/pages"}],"about":[{"href":"https:\/\/knetfeder.de\/kkpwp\/wp-json\/wp\/v2\/types\/page"}],"author":[{"embeddable":true,"href":"https:\/\/knetfeder.de\/kkpwp\/wp-json\/wp\/v2\/users\/1"}],"replies":[{"embeddable":true,"href":"https:\/\/knetfeder.de\/kkpwp\/wp-json\/wp\/v2\/comments?post=346"}],"version-history":[{"count":7,"href":"https:\/\/knetfeder.de\/kkpwp\/wp-json\/wp\/v2\/pages\/346\/revisions"}],"predecessor-version":[{"id":3039,"href":"https:\/\/knetfeder.de\/kkpwp\/wp-json\/wp\/v2\/pages\/346\/revisions\/3039"}],"wp:attachment":[{"href":"https:\/\/knetfeder.de\/kkpwp\/wp-json\/wp\/v2\/media?parent=346"}],"curies":[{"name":"wp","href":"https:\/\/api.w.org\/{rel}","templated":true}]}}