{"id":65,"date":"2017-11-05T21:29:45","date_gmt":"2017-11-05T20:29:45","guid":{"rendered":"http:\/\/www.knetfeder.de\/kkpwp\/?page_id=65"},"modified":"2023-01-26T20:25:52","modified_gmt":"2023-01-26T19:25:52","slug":"pekip","status":"publish","type":"page","link":"https:\/\/knetfeder.de\/kkpwp\/pekip\/","title":{"rendered":"PEKiP\u00ae"},"content":{"rendered":"<p style=\"text-align: center;\"><strong>PEKiP-Gruppen unter der Leitung von Dr. Melanie Lerch<\/strong><\/p>\n<p style=\"text-align: center;\"><span style=\"color: #edb340;\"><strong><span style=\"color: #333333;\">\u00bb<\/span> Das Kind wird zum Spiel angeregt,<\/strong><\/span><br \/>\n<span style=\"color: #edb340;\"><strong> wobei seine Bed\u00fcrfnisse im Vordergrund stehen.<span style=\"color: #333333;\"> \u00ab<\/span><\/strong><\/span><br \/>\n( Jaroslav Koch )<\/p>\n<p><a href=\"https:\/\/www.knetfeder.de\/kkpwp\/termine-und-anmeldung\/\"><img decoding=\"async\" loading=\"lazy\" class=\"alignleft size-full wp-image-2204\" style=\"text-align: center;\" src=\"https:\/\/www.knetfeder.de\/kkpwp\/wp-content\/uploads\/2017\/11\/auepostbannergr.jpg\" alt=\"\" width=\"300\" height=\"250\" srcset=\"https:\/\/knetfeder.de\/kkpwp\/wp-content\/uploads\/2017\/11\/auepostbannergr.jpg 300w, https:\/\/knetfeder.de\/kkpwp\/wp-content\/uploads\/2017\/11\/auepostbannergr-240x200.jpg 240w, https:\/\/knetfeder.de\/kkpwp\/wp-content\/uploads\/2017\/11\/auepostbannergr-31x26.jpg 31w, https:\/\/knetfeder.de\/kkpwp\/wp-content\/uploads\/2017\/11\/auepostbannergr-38x32.jpg 38w, https:\/\/knetfeder.de\/kkpwp\/wp-content\/uploads\/2017\/11\/auepostbannergr-258x215.jpg 258w, https:\/\/knetfeder.de\/kkpwp\/wp-content\/uploads\/2017\/11\/auepostbannergr-148x123.jpg 148w\" sizes=\"(max-width: 300px) 100vw, 300px\" \/><\/a><\/p>\n<h3 style=\"text-align: center;\">******* IN PLANUNG*******<\/h3>\n<p style=\"text-align: center;\"><strong>Noch kein neuer Kurstarttermin bekannt!<\/strong><\/p>\n<p style=\"text-align: center;\">F\u00fcr <strong>Babys geboren &#8212;<\/strong><br \/>\n<strong>Beginn<\/strong>: &#8212;<br \/>\n<strong>Kosten<\/strong>: 100 Euro f\u00fcr 10 Treffen \u00e0 90 Minuten<\/p>\n<h3 style=\"text-align: center;\"><strong><a href=\"https:\/\/www.knetfeder.de\/kkpwp\/termine-und-anmeldung\/\">Zur Anmeldung &gt;&gt;&gt;&gt;&gt;&gt;&gt;&gt;&gt;<\/a><\/strong><\/h3>\n<p><span style=\"color: #000000;\"><strong>Ein Interview mit mir \u00fcber das neue PEKiP-Angebot in Wunstorf<\/strong><\/span>,<br \/>\nerschienen in der Wunstorfer Auepost am 9.12.2018 (Klick auf Bild \u00f6ffnet neues Fenster):<\/p>\n<p><a href=\"https:\/\/www.auepost.de\/anzeige\/fuer-die-allerjuengsten-spiel-spass-und-austausch-bei-pekip-kursen-in-wunstorf-22539\/\"><img decoding=\"async\" loading=\"lazy\" class=\"img-gelberrahmen alignleft wp-image-2218 size-full\" src=\"https:\/\/www.knetfeder.de\/kkpwp\/wp-content\/uploads\/2017\/11\/auepostinterview.jpg\" alt=\"\" width=\"599\" height=\"233\" srcset=\"https:\/\/knetfeder.de\/kkpwp\/wp-content\/uploads\/2017\/11\/auepostinterview.jpg 599w, https:\/\/knetfeder.de\/kkpwp\/wp-content\/uploads\/2017\/11\/auepostinterview-300x117.jpg 300w, https:\/\/knetfeder.de\/kkpwp\/wp-content\/uploads\/2017\/11\/auepostinterview-31x12.jpg 31w, https:\/\/knetfeder.de\/kkpwp\/wp-content\/uploads\/2017\/11\/auepostinterview-38x15.jpg 38w, https:\/\/knetfeder.de\/kkpwp\/wp-content\/uploads\/2017\/11\/auepostinterview-425x165.jpg 425w, https:\/\/knetfeder.de\/kkpwp\/wp-content\/uploads\/2017\/11\/auepostinterview-148x58.jpg 148w\" sizes=\"(max-width: 599px) 100vw, 599px\" \/><\/a><\/p>\n<h3><\/h3>\n<h3><\/h3>\n<h3><\/h3>\n<h3><\/h3>\n<h3><\/h3>\n<h3><\/h3>\n<h3 style=\"text-align: center;\"><strong><em>Liebe PEKiP\u00ae-interessierte Eltern,<\/em><\/strong><\/h3>\n<p><em><strong><img decoding=\"async\" loading=\"lazy\" class=\"img-gelberrahmen alignright wp-image-543 size-medium\" src=\"https:\/\/www.knetfeder.de\/kkpwp\/wp-content\/uploads\/2017\/11\/pekiplogo-300x288.jpg\" alt=\"\" width=\"300\" height=\"288\" srcset=\"https:\/\/knetfeder.de\/kkpwp\/wp-content\/uploads\/2017\/11\/pekiplogo.jpg 300w, https:\/\/knetfeder.de\/kkpwp\/wp-content\/uploads\/2017\/11\/pekiplogo-208x200.jpg 208w, https:\/\/knetfeder.de\/kkpwp\/wp-content\/uploads\/2017\/11\/pekiplogo-31x31.jpg 31w, https:\/\/knetfeder.de\/kkpwp\/wp-content\/uploads\/2017\/11\/pekiplogo-38x36.jpg 38w, https:\/\/knetfeder.de\/kkpwp\/wp-content\/uploads\/2017\/11\/pekiplogo-224x215.jpg 224w, https:\/\/knetfeder.de\/kkpwp\/wp-content\/uploads\/2017\/11\/pekiplogo-148x142.jpg 148w\" sizes=\"(max-width: 300px) 100vw, 300px\" \/><\/strong><\/em><\/p>\n<p><em>ich biete als Diplom-P\u00e4dagogin und zertifizierte PEKiP\u00ae-Gruppenleiterin PEKiP\u00ae-Gruppen an.<\/em><\/p>\n<p><em>Auf den folgenden Unterseiten erfahren Sie, <a href=\"https:\/\/www.knetfeder.de\/kkpwp\/termine-und-anmeldung\/\">wann die Kurse <\/a>f\u00fcr Babys verschiedenen Alters starten und\u00a0<\/em><em><a href=\"https:\/\/www.knetfeder.de\/kkpwp\/wer-und-wo\/\">wo sie stattfinden<\/a>. Au\u00dferdem finden Sie hier <a href=\"https:\/\/www.knetfeder.de\/kkpwp\/pekiphintergrund\/\">Wissenswertes \u00fcber das Prager-Eltern-Kind-Programm<\/a> sowie <a href=\"https:\/\/www.knetfeder.de\/kkpwp\/impressionen\/\">Fotos aus Kursen und aus den R\u00e4umlichkeiten<\/a>. Abschlie\u00dfend gibt es eine <a href=\"https:\/\/www.knetfeder.de\/kkpwp\/tipps-fuer-eltern\/\">Liste von Fragen und Antworten <\/a>mit hilfreichen Tipps und Hinweisen zur Teilnahme an einer PEKiP\u00ae-Gruppe.<\/em><\/p>\n<p><em>F\u00fcr offene Fragen und Anmeldungen nehmen Sie bitte unter <a href=\"mailto:pekip@knetfeder.de\">pekip@knetfeder.de<\/a> Kontakt zu mir auf.<\/em><\/p>\n<p><em>Vielen Dank f\u00fcr Ihr Interesse und viel Freude mit Ihrem Baby &#8211; ob mit oder ohne PEKiP\u00ae!<\/em><\/p>\n<div class=\"wp_box_gelb\">\n<p style=\"font-size: 25px;\" align=\"center\"><strong><span style=\"color: #edb340;\">Prager-Eltern-Kind-Programm<\/span><\/strong><br \/>\n<strong><span style=\"color: #edb340;\"> Zeit f\u00fcr Spiel und Spa\u00df mit dem Baby<\/span><\/strong><\/p>\n<p>Das PEKiP\u00ae ist ein Gruppenangebot f\u00fcr M\u00fctter oder V\u00e4ter mit ihren Babys zur Begleitung der Entwicklung im ersten Lebensjahr.<\/p>\n<p>Ihr Baby wird durch Bewegungs-, Sinnes- und Spielanregungen von Ihnen in seiner Entwicklung begleitet.<\/p>\n<p>Die Beziehung zwischen Ihrem Baby und Ihnen wird durch Ihre intensive Aufmerksamkeit, durch gemeinsame im Spiel und Gespr\u00e4ch verbrachte Zeit sowie durch k\u00f6rperliche und gef\u00fchlsm\u00e4\u00dfige N\u00e4he w\u00e4hrend der Gruppenstunden vertieft.<\/p>\n<p>Sie haben die M\u00f6glichkeit, mit den anderen Teilnehmern Kontakte zu kn\u00fcpfen und Erfahrungen der Elternschaft auszutauschen.<\/p>\n<p>Ihr Baby bekommt die M\u00f6glichkeit, andere Babys zu erleben und erste Kontakte zu ihnen und auch zu den erwachsenen Teilnehmern der Gruppe aufzunehmen.<\/p>\n<p style=\"font-size: 18px;\"><span style=\"color: #edb340;\"><strong>Die PEKiP-Gruppe:<\/strong><\/span><\/p>\n<p>&#8230; besteht aus 6 bis 8 Erwachsenen und deren Babys, die altersm\u00e4\u00dfig m\u00f6glichst nahe beieinander liegen.<img decoding=\"async\" loading=\"lazy\" class=\"alignright size-full wp-image-535\" src=\"https:\/\/www.knetfeder.de\/kkpwp\/wp-content\/uploads\/2017\/11\/110819_Pekip_0070-6Monatekl-1.jpg\" alt=\"\" width=\"260\" height=\"177\" srcset=\"https:\/\/knetfeder.de\/kkpwp\/wp-content\/uploads\/2017\/11\/110819_Pekip_0070-6Monatekl-1.jpg 260w, https:\/\/knetfeder.de\/kkpwp\/wp-content\/uploads\/2017\/11\/110819_Pekip_0070-6Monatekl-1-31x21.jpg 31w, https:\/\/knetfeder.de\/kkpwp\/wp-content\/uploads\/2017\/11\/110819_Pekip_0070-6Monatekl-1-38x26.jpg 38w, https:\/\/knetfeder.de\/kkpwp\/wp-content\/uploads\/2017\/11\/110819_Pekip_0070-6Monatekl-1-148x101.jpg 148w\" sizes=\"(max-width: 260px) 100vw, 260px\" \/><\/p>\n<p>&#8230; beginnt fr\u00fchestens ab der 6. Lebenswoche der Babys, \u00fcblich ist aber auch ein sp\u00e4terer Beginn mit etwa 3 Monaten.<\/p>\n<p>&#8230; trifft sich einmal pro Woche f\u00fcr jeweils 90 Minuten.<\/p>\n<p>&#8230; bleibt m\u00f6glichst in der urspr\u00fcnglichen Zusammensetzung \u00fcber das gesamte erste Lebensjahr der Kinder zusammen.<\/p>\n<p>&#8230; wird von einer Gruppenleiterin durchgef\u00fchrt, die eine p\u00e4dagogische Grundausbildung hat sowie in intensiver Fortbildung das PEKiP\u00ae-Zertifikat erworben hat.<\/p>\n<p style=\"font-size: 18px;\"><span style=\"color: #edb340;\"><strong>Die PEKiP-Gruppenstunden:<\/strong><\/span><\/p>\n<p>&#8230; finden in einem freundlichen, gut beheizten Raum statt, da die Babys sich beim PEKiP ohne Kleidung wohl f\u00fchlen, sich so freier bewegen und \u00fcber die Haut vielf\u00e4ltige Anregungen wahrnehmen k\u00f6nnen, z.B. den z\u00e4rtlichen Kontakt zu den Eltern oder die Ber\u00fchrung durch Spielzeuge oder andere Babys.<\/p>\n<p><img decoding=\"async\" loading=\"lazy\" class=\"alignleft size-full wp-image-539\" src=\"https:\/\/www.knetfeder.de\/kkpwp\/wp-content\/uploads\/2017\/11\/pekipgruppe1.jpg\" alt=\"\" width=\"259\" height=\"177\" srcset=\"https:\/\/knetfeder.de\/kkpwp\/wp-content\/uploads\/2017\/11\/pekipgruppe1.jpg 259w, https:\/\/knetfeder.de\/kkpwp\/wp-content\/uploads\/2017\/11\/pekipgruppe1-31x21.jpg 31w, https:\/\/knetfeder.de\/kkpwp\/wp-content\/uploads\/2017\/11\/pekipgruppe1-38x26.jpg 38w, https:\/\/knetfeder.de\/kkpwp\/wp-content\/uploads\/2017\/11\/pekipgruppe1-148x101.jpg 148w\" sizes=\"(max-width: 259px) 100vw, 259px\" \/>&#8230; verbringen das Baby und der Erwachsene auf weichen Matten auf dem Fu\u00dfboden &#8211; auf einer gemeinsamen Ebene, optimal f\u00fcr die Bewegungsentwicklung der Babys, die Kontaktaufnahme aller Teilnehmer untereinander und die Einf\u00fchlung der Eltern in die Lebens- und Wahrnehmungswelt ihres Babys.<\/p>\n<p>&#8230; sind strukturiert durch die Spielanregungen der Gruppenleiterin, die ganz individuell zum Entwicklungsstand sowie zum augenblicklichem Interesse und Bed\u00fcrfnis des Babys passend und daher h\u00e4ufig in Einzelbegleitungen vermittelt werden.<\/p>\n<p style=\"font-size: 18px;\"><span style=\"color: #edb340;\"><strong>Jedes Baby zeigt uns:<\/strong><\/span><\/p>\n<p><img decoding=\"async\" loading=\"lazy\" class=\"alignright size-full wp-image-541\" src=\"https:\/\/www.knetfeder.de\/kkpwp\/wp-content\/uploads\/2017\/11\/110116_PEKIP_0921kl.jpg\" alt=\"\" width=\"260\" height=\"252\" srcset=\"https:\/\/knetfeder.de\/kkpwp\/wp-content\/uploads\/2017\/11\/110116_PEKIP_0921kl.jpg 260w, https:\/\/knetfeder.de\/kkpwp\/wp-content\/uploads\/2017\/11\/110116_PEKIP_0921kl-206x200.jpg 206w, https:\/\/knetfeder.de\/kkpwp\/wp-content\/uploads\/2017\/11\/110116_PEKIP_0921kl-31x31.jpg 31w, https:\/\/knetfeder.de\/kkpwp\/wp-content\/uploads\/2017\/11\/110116_PEKIP_0921kl-38x38.jpg 38w, https:\/\/knetfeder.de\/kkpwp\/wp-content\/uploads\/2017\/11\/110116_PEKIP_0921kl-222x215.jpg 222w, https:\/\/knetfeder.de\/kkpwp\/wp-content\/uploads\/2017\/11\/110116_PEKIP_0921kl-148x143.jpg 148w\" sizes=\"(max-width: 260px) 100vw, 260px\" \/>&#8230; ob und wie lange es die Anregungen annehmen m\u00f6chte!<\/p>\n<p>&#8230; ob es mitspielen, zusehen oder einfach nur trinken oder schlafen m\u00f6chte!<\/p>\n<p>&#8230; ob es noch Freude an der Gruppenstunde hat oder lieber nach Hause m\u00f6chte!<\/p>\n<p>Der begleitende Elternteil liest diese Signale seines Babys und richtet sich selbstverst\u00e4ndlich danach! Die Bed\u00fcrfnisse des Baby gehen in der PEKiP-Gruppenstunde immer vor &#8211; vor den W\u00fcnschen der Eltern, aber auch vor den Vorstellungen und Planungen der Gruppenleitung!<\/p>\n<\/div>\n","protected":false},"excerpt":{"rendered":"<p>PEKiP-Gruppen unter der Leitung von Dr. Melanie Lerch \u00bb Das Kind wird zum Spiel angeregt, wobei seine Bed\u00fcrfnisse im Vordergrund stehen. \u00ab ( Jaroslav Koch ) ******* IN PLANUNG******* Noch kein neuer Kurstarttermin bekannt! F\u00fcr Babys geboren &#8212; Beginn: &#8212; Kosten: 100 Euro f\u00fcr 10 Treffen \u00e0 90 Minuten Zur Anmeldung &gt;&gt;&gt;&gt;&gt;&gt;&gt;&gt;&gt; Ein Interview mit &hellip; <\/p>\n<p><a class=\"more-link btn\" href=\"https:\/\/knetfeder.de\/kkpwp\/pekip\/\">Continue reading<\/a><\/p>\n","protected":false},"author":1,"featured_media":0,"parent":0,"menu_order":0,"comment_status":"closed","ping_status":"closed","template":"","meta":[],"_links":{"self":[{"href":"https:\/\/knetfeder.de\/kkpwp\/wp-json\/wp\/v2\/pages\/65"}],"collection":[{"href":"https:\/\/knetfeder.de\/kkpwp\/wp-json\/wp\/v2\/pages"}],"about":[{"href":"https:\/\/knetfeder.de\/kkpwp\/wp-json\/wp\/v2\/types\/page"}],"author":[{"embeddable":true,"href":"https:\/\/knetfeder.de\/kkpwp\/wp-json\/wp\/v2\/users\/1"}],"replies":[{"embeddable":true,"href":"https:\/\/knetfeder.de\/kkpwp\/wp-json\/wp\/v2\/comments?post=65"}],"version-history":[{"count":49,"href":"https:\/\/knetfeder.de\/kkpwp\/wp-json\/wp\/v2\/pages\/65\/revisions"}],"predecessor-version":[{"id":2737,"href":"https:\/\/knetfeder.de\/kkpwp\/wp-json\/wp\/v2\/pages\/65\/revisions\/2737"}],"wp:attachment":[{"href":"https:\/\/knetfeder.de\/kkpwp\/wp-json\/wp\/v2\/media?parent=65"}],"curies":[{"name":"wp","href":"https:\/\/api.w.org\/{rel}","templated":true}]}}