{"id":71,"date":"2017-11-05T21:37:23","date_gmt":"2017-11-05T20:37:23","guid":{"rendered":"http:\/\/www.knetfeder.de\/kkpwp\/?page_id=71"},"modified":"2026-04-25T11:50:40","modified_gmt":"2026-04-25T09:50:40","slug":"impressum","status":"publish","type":"page","link":"https:\/\/knetfeder.de\/kkpwp\/impressum\/","title":{"rendered":"Impressum"},"content":{"rendered":"<p align=\"left\">Verantwortlich gem\u00e4\u00df \u00a7 55 RStV f\u00fcr alle Seiten von &#8220;Knetfeders Kleinkindp\u00e4dagogik&#8221;:<\/p>\n<table width=\"400\" cellspacing=\"0\" cellpadding=\"3\" align=\"center\">\n<tbody>\n<tr>\n<td style=\"text-align: center;\" bgcolor=\"white\" width=\"686\"><span style=\"color: #ff9966;\"><strong>Dr. phil. Melanie Lerch<\/strong><\/span><br \/>\n<span style=\"color: #ff9966;\"><strong>Dipl.-P\u00e4d.<\/strong><\/span><br \/>\n<span style=\"color: #ff9966;\"><strong>Barnestr. 73<\/strong><\/span><br \/>\n<span style=\"color: #ff9966;\"><strong>31515 Wunstorf<\/strong><\/span><\/td>\n<\/tr>\n<tr>\n<td align=\"center\" valign=\"middle\" bgcolor=\"#FF9966\" width=\"686\">\n<p align=\"center\"><span style=\"color: white; font-family: Arial;\">http:\/\/www.knetfeder.de\/kkp\/<br \/>\n<\/span><span style=\"color: white; font-family: Arial; font-size: small;\">lanie@knetfeder.de<br \/>\nTel.: 015771916880<\/span><\/p>\n<\/td>\n<\/tr>\n<\/tbody>\n<\/table>\n<p style=\"text-align: center;\">Kleinunternehmer gem\u00e4\u00df \u00a7 19 UStG<\/p>\n<p><strong>Hinweis gem\u00e4\u00df Verbraucherstreitbeilegungsgesetz (VSBG)<\/strong><\/p>\n<p>Wir sind nicht verpflichtet und nicht bereit, an Streitbeilegungsverfahren vor einer Verbraucherschlichtungsstelle teilzunehmen.<\/p>\n<p>Unser Unternehmen ist nach den gesetzlichen Vorschriften von den Anforderungen an die Barrierefreiheit ausgenommen. Eine Barrierefreiheitserkl\u00e4rung ist daher nicht erforderlich.<\/p>\n<p><strong>1. Haftung<\/strong><\/p>\n<p>Es besteht keine Gew\u00e4hr f\u00fcr die auf diesen Seiten ver\u00f6ffentlichten Informationen. Die publizierten Inhalte werden nach bestem Wissen und Gewissen mit der gebotenen Sorgfalt zusammengestellt; Fehler und Irrt\u00fcmer k\u00f6nnen jedoch nicht ausgeschlossen werden.<\/p>\n<p><strong>2. Urheberrecht<\/strong><\/p>\n<p>&#8220;Knetfeders Kleinkindp\u00e4dagogik&#8221; ist urheberrechtlich gesch\u00fctzt. Dies umfasst Texte, Grafiken, Dateien und das Arrangement der Gesamtpr\u00e4senz. Insbesondere eine nichtgenehmigte \u00dcbernahme von Inhalten in fremde Angebote wird nicht toleriert und ggf. zivilrechtlich verfolgt.<\/p>\n<p><strong>3. Erlebnisse und Erfahrungen<\/strong><\/p>\n<p>Auf der zum Zwecke der Erfahrungsdokumentation bereitgestellten Seite verfasste Beitr\u00e4ge stellen nicht die Meinung der Seitenbetreiberin dar. Konkrete Anzeigen und Angebote kommerzieller wie privater Natur werden nicht geduldet. Ein genereller Anspruch auf Ver\u00f6ffentlichung besteht nicht.<\/p>\n<p><b>4. Datenschutz<\/b><\/p>\n<p><a href=\"https:\/\/www.knetfeder.de\/kkpwp\/datenschutzerklaerung\/\">&gt;&gt; Zu unserer Datenschutzerkl\u00e4rung<\/a><\/p>\n<p><strong>5. Verlinkung<\/strong><\/p>\n<p>Ich freue mich immer \u00fcber Links zu meinen Artikeln und Angeboten.<br \/>\n<div class=\"woocommerce woocommerce-gzd woocommerce-gzd-complaints-shortcode\">\n\t\t\t<h3>Alternative Streitbeilegung gem\u00e4\u00df Art. 14 Abs. 1 ODR-VO und \u00a7 36 VSBG:<\/h3>\n\t\nZur Teilnahme an einem Streitbeilegungsverfahren vor einer Verbraucherschlichtungsstelle sind wir nicht verpflichtet und nicht bereit.<\/div><\/p>\n","protected":false},"excerpt":{"rendered":"<p>Verantwortlich gem\u00e4\u00df \u00a7 55 RStV f\u00fcr alle Seiten von &#8220;Knetfeders Kleinkindp\u00e4dagogik&#8221;: Dr. phil. Melanie Lerch Dipl.-P\u00e4d. Barnestr. 73 31515 Wunstorf http:\/\/www.knetfeder.de\/kkp\/ lanie@knetfeder.de Tel.: 015771916880 Kleinunternehmer gem\u00e4\u00df \u00a7 19 UStG Hinweis gem\u00e4\u00df Verbraucherstreitbeilegungsgesetz (VSBG) Wir sind nicht verpflichtet und nicht bereit, an Streitbeilegungsverfahren vor einer Verbraucherschlichtungsstelle teilzunehmen. Unser Unternehmen ist nach den gesetzlichen Vorschriften von den &hellip; <\/p>\n<p><a class=\"more-link btn\" href=\"https:\/\/knetfeder.de\/kkpwp\/impressum\/\">Continue reading<\/a><\/p>\n","protected":false},"author":1,"featured_media":0,"parent":0,"menu_order":0,"comment_status":"closed","ping_status":"closed","template":"","meta":{"footnotes":""},"class_list":["post-71","page","type-page","status-publish","hentry","nodate","item-wrap"],"_links":{"self":[{"href":"https:\/\/knetfeder.de\/kkpwp\/wp-json\/wp\/v2\/pages\/71","targetHints":{"allow":["GET"]}}],"collection":[{"href":"https:\/\/knetfeder.de\/kkpwp\/wp-json\/wp\/v2\/pages"}],"about":[{"href":"https:\/\/knetfeder.de\/kkpwp\/wp-json\/wp\/v2\/types\/page"}],"author":[{"embeddable":true,"href":"https:\/\/knetfeder.de\/kkpwp\/wp-json\/wp\/v2\/users\/1"}],"replies":[{"embeddable":true,"href":"https:\/\/knetfeder.de\/kkpwp\/wp-json\/wp\/v2\/comments?post=71"}],"version-history":[{"count":11,"href":"https:\/\/knetfeder.de\/kkpwp\/wp-json\/wp\/v2\/pages\/71\/revisions"}],"predecessor-version":[{"id":3405,"href":"https:\/\/knetfeder.de\/kkpwp\/wp-json\/wp\/v2\/pages\/71\/revisions\/3405"}],"wp:attachment":[{"href":"https:\/\/knetfeder.de\/kkpwp\/wp-json\/wp\/v2\/media?parent=71"}],"curies":[{"name":"wp","href":"https:\/\/api.w.org\/{rel}","templated":true}]}}