{"id":80,"date":"2017-11-05T22:56:08","date_gmt":"2017-11-05T21:56:08","guid":{"rendered":"http:\/\/www.knetfeder.de\/kkpwp\/?page_id=80"},"modified":"2021-04-16T13:16:14","modified_gmt":"2021-04-16T11:16:14","slug":"pekiphintergrund","status":"publish","type":"page","link":"https:\/\/knetfeder.de\/kkpwp\/pekiphintergrund\/","title":{"rendered":"PEKiP \u00ae &#8211; Das Prager Eltern-Kind-Programm"},"content":{"rendered":"<p align=\"center\"><span style=\"color: #333333; font-family: Arial;\"><b>\u00bb<\/b><\/span><span style=\"color: #ffcc66;\">&nbsp;<\/span><span style=\"color: #df9b12;\"><b>Das Prager-Eltern-Kind-Programm ist ein Konzept der p\u00e4dagogischen Gruppenarbeit mit Eltern und ihren Kindern im ersten Lebensjahr.<\/b><\/span><span style=\"color: #df9b12;\">&nbsp;<\/span><span style=\"color: #333333;\"><b>\u00ab<\/b><\/span><span style=\"color: #ffcc66;\">&nbsp;<b><br \/>\n<\/b><\/span><\/p>\n<p align=\"center\">&nbsp;<\/p>\n<table width=\"90%\" cellspacing=\"0\" cellpadding=\"0\" align=\"center\">\n<tbody>\n<tr>\n<td width=\"801\"><img decoding=\"async\" loading=\"lazy\" class=\"img-gelberrahmen alignnone\" src=\"https:\/\/www.knetfeder.de\/kkpwp\/wp-content\/uploads\/2018\/05\/pekiplogo.jpg\" alt=\"\" width=\"300\" height=\"288\" align=\"left\" border=\"0\">Der <strong><span style=\"color: #edb340;\">Prager<\/span><\/strong> Psychologe Dr. Jaroslav Koch erforschte zwischen den 1950er und 1970er Jahren die Entwicklung des Kindes im ersten Lebensjahr. Er erkannte die Bedeutung der fr\u00fchen Anregung des S\u00e4uglings f\u00fcr dessen motorische und psychische Entwicklung. Zur Anwendung seiner Erkenntnisse entwickelte er zahlreiche Bewegungsanregungen und -spiele mit dem S\u00e4ugling, die &#8211; ohne jeglichen Druck oder Zwang &#8211; von der Eigenaktivit\u00e4t des S\u00e4uglings ausgehen und ihn in seiner Entwicklung unterst\u00fctzen.<br \/>\nAls Koch seine Forschungsergebnisse 1969 in der BRD auf einem Kongress vorstellte, entdeckte die Bochumer Psychologin Dr. Christa Ruppelt die Ergebnisse Kochs als Grundlage f\u00fcr die pr\u00e4ventive Gruppenarbeit mit M\u00fcttern und ihren Babys im 1. Lebensjahr und \u00fcbertrug sie in den Folgejahren mit Hilfe ihrer Mitarbeiter in ein gruppenp\u00e4dagogisches Konzept.<br \/>\n1978 wurde die Namensgebung &#8220;Prager Eltern-Kind-Programm&#8221; (PEKiP) &#8211; zu Ehren des Pragers Kochs &#8211; beschlossen.<\/td>\n<\/tr>\n<tr>\n<td width=\"801\">&nbsp;<\/td>\n<\/tr>\n<tr>\n<td width=\"801\"><strong><span style=\"color: #edb340;\">Eltern<\/span><\/strong> werden in der PEKiP-Gruppe von der Gruppenleiterin individuell angeleitet, die zu ihrem Baby und<img decoding=\"async\" loading=\"lazy\" class=\"img-gelberrahmen alignright wp-image-2101 size-full\" src=\"https:\/\/www.knetfeder.de\/kkpwp\/wp-content\/uploads\/2017\/11\/eltern1.jpg\" alt=\"\" width=\"262\" height=\"300\" srcset=\"https:\/\/knetfeder.de\/kkpwp\/wp-content\/uploads\/2017\/11\/eltern1.jpg 262w, https:\/\/knetfeder.de\/kkpwp\/wp-content\/uploads\/2017\/11\/eltern1-175x200.jpg 175w, https:\/\/knetfeder.de\/kkpwp\/wp-content\/uploads\/2017\/11\/eltern1-27x31.jpg 27w, https:\/\/knetfeder.de\/kkpwp\/wp-content\/uploads\/2017\/11\/eltern1-33x38.jpg 33w, https:\/\/knetfeder.de\/kkpwp\/wp-content\/uploads\/2017\/11\/eltern1-188x215.jpg 188w, https:\/\/knetfeder.de\/kkpwp\/wp-content\/uploads\/2017\/11\/eltern1-129x148.jpg 129w\" sizes=\"(max-width: 262px) 100vw, 262px\" \/> dessen momentanen Bed\u00fcrfnissen und Entwicklungsstand passenden Spiel- und Bewegungsanregungen mit ihm auszuf\u00fchren.<br \/>\nSie erhalten die M\u00f6glichkeit, \u00fcber das 1. Lebensjahr der Kinder intensive Kontakte zu den anderen Teilnehmern aufzubauen, die sich alle in einer \u00e4hnlichen Lebenssituation befinden. Die Eltern k\u00f6nnen sich w\u00e4hrend der Gruppentreffen \u00fcber Fragen zum Alltag mit Baby, die beispielsweise Ern\u00e4hrung oder Schlaf betreffen, austauschen und sich gegenseitig unterst\u00fctzen.<br \/>\nSie lernen etwas \u00fcber die Entwicklung des Babys, k\u00f6nnen Neues zu Hause ausprobieren und nehmen Ideen f\u00fcr das Spiel mit ihrem Baby mit.<br \/>\nDurch die intensive Besch\u00e4ftigung mit ihrem Baby w\u00e4hrend der Gruppentreffen nehmen die Eltern dessen Bed\u00fcrfnisse und F\u00e4higkeiten deutlicher wahr, k\u00f6nnen einf\u00fchlsam reagieren und festigen so die Eltern-Kind-Beziehung. Sie werden sicherer im Umgang mit dem Baby und lernen, seinen F\u00e4higkeiten und deren Entwicklung zu vertrauen.<\/td>\n<\/tr>\n<tr>\n<td width=\"801\">&nbsp;<\/td>\n<\/tr>\n<tr>\n<td width=\"801\"><img decoding=\"async\" loading=\"lazy\" class=\"img-gelberrahmen alignleft wp-image-2102 size-full\" src=\"https:\/\/www.knetfeder.de\/kkpwp\/wp-content\/uploads\/2017\/11\/babys1.jpg\" alt=\"\" width=\"262\" height=\"148\" srcset=\"https:\/\/knetfeder.de\/kkpwp\/wp-content\/uploads\/2017\/11\/babys1.jpg 262w, https:\/\/knetfeder.de\/kkpwp\/wp-content\/uploads\/2017\/11\/babys1-31x18.jpg 31w, https:\/\/knetfeder.de\/kkpwp\/wp-content\/uploads\/2017\/11\/babys1-38x21.jpg 38w, https:\/\/knetfeder.de\/kkpwp\/wp-content\/uploads\/2017\/11\/babys1-148x84.jpg 148w\" sizes=\"(max-width: 262px) 100vw, 262px\" \/>Dem kleinen <span style=\"color: #edb340;\"><strong>Kind<\/strong><\/span> bieten sich in der PEKiP-Gruppe mit seiner Mutter oder seinem Vater vielf\u00e4ltige neue Erfahrungsm\u00f6glichkeiten. Es genie\u00dft den intensiven Kontakt mit seiner Mutter, erprobt mit der Sicherheit ihrer Anwesenheit im Hintergrund neue Bewegungen, entdeckt Spielzeuge und verschiedenste Materialien und lernt im Laufe des Jahres seinen eigenen K\u00f6rper immer besser kennen und beherrschen.<br \/>\nDie Babys f\u00fchlen sich ohne Kleidung besonders wohl und bewegen sich ungehemmt. Sie genie\u00dfen die Ber\u00fchrungen der Eltern und die Sinneseindr\u00fccke der Spielmaterialien \u00fcber die Haut.<br \/>\nMit etwa 3 Monaten beginnen die Kinder, auch untereinander Kontakt aufzunehmen durch Blicke, L\u00e4cheln, Laute, Ber\u00fchrungen sowie sp\u00e4ter durch das Aufeinanderzubewegen durch Robben, Krabbeln oder Laufen und das gemeinsame &#8220;Spiel&#8221; mit einem Gegenstand.<br \/>\nAlle Angebote richten sich nur an das wache, satte und aufmerksame Baby, das seine Freude am Spiel <img decoding=\"async\" loading=\"lazy\" class=\"img-gelberrahmen alignright wp-image-2103 size-full\" src=\"https:\/\/www.knetfeder.de\/kkpwp\/wp-content\/uploads\/2017\/11\/Babys2.jpg\" alt=\"\" width=\"299\" height=\"141\" srcset=\"https:\/\/knetfeder.de\/kkpwp\/wp-content\/uploads\/2017\/11\/Babys2.jpg 299w, https:\/\/knetfeder.de\/kkpwp\/wp-content\/uploads\/2017\/11\/Babys2-31x15.jpg 31w, https:\/\/knetfeder.de\/kkpwp\/wp-content\/uploads\/2017\/11\/Babys2-38x18.jpg 38w, https:\/\/knetfeder.de\/kkpwp\/wp-content\/uploads\/2017\/11\/Babys2-148x70.jpg 148w\" sizes=\"(max-width: 299px) 100vw, 299px\" \/>zeigt. Die Bed\u00fcrfnisse des Babys, wie schlafen, trinken, ruhen, zuschauen, gehen immer vor, werden sensibel wahrgenommen und angemessen beantwortet &#8211; kein schlafendes Kind wird zum PEKiP geweckt, keines wird zum Spiel oder zur Kontaktaufnahme gezwungen. Die Gruppenleiterin versteht sich diesbez\u00fcglich auch als &#8220;Dolmetscher&#8221; und &#8220;Anw\u00e4ltin&#8221; des Babys.<\/td>\n<\/tr>\n<tr>\n<td width=\"801\">&nbsp;<\/td>\n<\/tr>\n<tr>\n<td width=\"801\"><img decoding=\"async\" loading=\"lazy\" class=\"img-gelberrahmen alignleft wp-image-2104 \" src=\"https:\/\/www.knetfeder.de\/kkpwp\/wp-content\/uploads\/2017\/11\/Pr1.jpg\" alt=\"\" width=\"228\" height=\"246\" srcset=\"https:\/\/knetfeder.de\/kkpwp\/wp-content\/uploads\/2017\/11\/Pr1.jpg 300w, https:\/\/knetfeder.de\/kkpwp\/wp-content\/uploads\/2017\/11\/Pr1-278x300.jpg 278w, https:\/\/knetfeder.de\/kkpwp\/wp-content\/uploads\/2017\/11\/Pr1-185x200.jpg 185w, https:\/\/knetfeder.de\/kkpwp\/wp-content\/uploads\/2017\/11\/Pr1-29x31.jpg 29w, https:\/\/knetfeder.de\/kkpwp\/wp-content\/uploads\/2017\/11\/Pr1-35x38.jpg 35w, https:\/\/knetfeder.de\/kkpwp\/wp-content\/uploads\/2017\/11\/Pr1-199x215.jpg 199w, https:\/\/knetfeder.de\/kkpwp\/wp-content\/uploads\/2017\/11\/Pr1-137x148.jpg 137w\" sizes=\"(max-width: 228px) 100vw, 228px\" \/>Ein <span style=\"color: #edb340;\"><strong>Programm<\/strong><\/span> im modernen Gebrauchssinn des Wortes ist PEKiP nicht. Es gibt keinen Ablaufplan, der verfolgt wird und es wird auch keine &#8220;Baby-Animation&#8221; betrieben. PEKiP ist ein Konzept, das Eltern und Babys in einer kleinen Gruppe auf der Grundlage von speziellen Spiel-, Sinnes- und Bewegungsanregungen Begleitung, Unterst\u00fctzung und Kontakte im ersten Lebensjahr bietet und dabei die gro\u00dfe Individualit\u00e4t von Babys und ihren Eltern sowie die Bed\u00fcrfnisse des Babys nach Sicherheit, aber auch nach Anregung, achtet.<br \/>\nDer erste PEKiP-Kurs fand 1973 unter der Leitung von Dr. Christa Ruppelt statt. Prof. Dr. Hans Ruppelt begleitete die ersten Jahre der Anwendung des Konzepts wissenschaftlich, f\u00fchrte Studien durch und publizierte die Ergebnisse. Dr. Dana Kubani erg\u00e4nzte seine Forschungen in den 1980er Jahren.<br \/>\nHeute bieten 1600 Institutionen PEKiP an und 55000 Familien nehmen jede Woche an den von 2500 p\u00e4dagogisch ausgebildeten und vom PEKiP e.V in ca. zweij\u00e4hriger Fortbildung zertifizierten Gruppenleiterinnen angebotenen Kursen teil.<\/td>\n<\/tr>\n<tr>\n<td width=\"801\">\n<p align=\"right\"><span style=\"font-family: Arial; font-size: small;\">(c) Melanie Lerch 2010<\/span><\/p>\n<\/td>\n<\/tr>\n<\/tbody>\n<\/table>\n<p>&nbsp;<\/p>\n<table width=\"90%\" cellspacing=\"0\" cellpadding=\"7\" align=\"center\">\n<tbody>\n<tr>\n<td align=\"center\" valign=\"middle\" bgcolor=\"#FFCC66\">\n<p align=\"center\"><span style=\"font-family: Arial; font-size: large; color: #ffffff;\"><b>Die PEKiP-Standards<\/b><\/span><\/p>\n<\/td>\n<\/tr>\n<tr>\n<td bgcolor=\"white\">Eine PEKiP-Gruppe besteht aus 6-8 Erwachsenen und deren m\u00f6glichst gleichaltrigen Babys.<\/p>\n<p>Sie beginnt ab der 4.-6. Lebenswoche der Babys, auch ein Start mit \u00e4lteren Babys ist denkbar.<\/p>\n<p>Die Entwicklungsbegleitung erstreckt sich \u00fcber das 1. Lebensjahr.<\/p>\n<p>Die Treffen finden einmal w\u00f6chentlich f\u00fcr 90 Minuten, vor- oder nachmittags, statt, wobei das Aus- und Anziehen der Babys Teil des Gruppentreffens ist.<\/p>\n<p>Die Babys sind w\u00e4hrend der Spielzeit nackt.<\/p>\n<p>Die Gruppenarbeit wird in einem gen\u00fcgend gro\u00dfen, warmen, sauberen Raum angeboten.<\/p>\n<p>Die PEKiP-Anregungen stehen im Mittelpunkt der Gruppenarbeit.Sie erm\u00f6glichen eine entwicklungsad\u00e4quate Begleitung der Kinder und eine handlungsorientierte und situationsbezogene Bildungsarbeit mit den Erwachsenen.<\/p>\n<p>PEKiP-Gruppen k\u00f6nnen mit weiteren Formen der Elternarbeit erg\u00e4nzt werden.<\/p>\n<p>Eine PEKiP\u00ae-Gruppe wird von einer PEKiP\u00ae-GruppenleiterIn mit PEKiP\u00ae-Zertifikat durchgef\u00fchrt.<\/p>\n<p>In der werteorientierten Grundhaltung der PEKiP-Gruppenarbeit wird die UN-Kinderrechtskonvention geachtet.<\/p>\n<p align=\"right\"><span style=\"font-family: Arial; font-size: xx-small;\">(c) PEKiP e.V., Am B\u00f6llert 3, 47269 Duisburg<\/span><\/p>\n<\/td>\n<\/tr>\n<\/tbody>\n<\/table>\n<h3><strong><span style=\"color: #edb340;\">PEKiP \u00ae IM INTERNET:<\/span><\/strong><\/h3>\n<ul>\n<li>&#8220;<a href=\"http:\/\/www.urbia.de\/magazin\/baby\/spiel-und-beschaeftigung\/pekip-zeit-der-zaertlichkeit\" target=\"_blank\" rel=\"noopener\">PEKiP: Zeit der Z\u00e4rtlichkeit<\/a>&#8220;; Artikel bei urbia.de<\/li>\n<li><a href=\"http:\/\/www.pekip.de\" target=\"_blank\" rel=\"noopener\">PEKiP e.V. mit Kurssuche f\u00fcr Eltern<\/a><\/li>\n<\/ul>\n","protected":false},"excerpt":{"rendered":"<p>\u00bb&nbsp;Das Prager-Eltern-Kind-Programm ist ein Konzept der p\u00e4dagogischen Gruppenarbeit mit Eltern und ihren Kindern im ersten Lebensjahr.&nbsp;\u00ab&nbsp; &nbsp; Der Prager Psychologe Dr. Jaroslav Koch erforschte zwischen den 1950er und 1970er Jahren die Entwicklung des Kindes im ersten Lebensjahr. Er erkannte die Bedeutung der fr\u00fchen Anregung des S\u00e4uglings f\u00fcr dessen motorische und psychische Entwicklung. Zur Anwendung seiner &hellip; <\/p>\n<p><a class=\"more-link btn\" href=\"https:\/\/knetfeder.de\/kkpwp\/pekiphintergrund\/\">Continue reading<\/a><\/p>\n","protected":false},"author":1,"featured_media":0,"parent":0,"menu_order":0,"comment_status":"closed","ping_status":"closed","template":"","meta":[],"_links":{"self":[{"href":"https:\/\/knetfeder.de\/kkpwp\/wp-json\/wp\/v2\/pages\/80"}],"collection":[{"href":"https:\/\/knetfeder.de\/kkpwp\/wp-json\/wp\/v2\/pages"}],"about":[{"href":"https:\/\/knetfeder.de\/kkpwp\/wp-json\/wp\/v2\/types\/page"}],"author":[{"embeddable":true,"href":"https:\/\/knetfeder.de\/kkpwp\/wp-json\/wp\/v2\/users\/1"}],"replies":[{"embeddable":true,"href":"https:\/\/knetfeder.de\/kkpwp\/wp-json\/wp\/v2\/comments?post=80"}],"version-history":[{"count":16,"href":"https:\/\/knetfeder.de\/kkpwp\/wp-json\/wp\/v2\/pages\/80\/revisions"}],"predecessor-version":[{"id":2199,"href":"https:\/\/knetfeder.de\/kkpwp\/wp-json\/wp\/v2\/pages\/80\/revisions\/2199"}],"wp:attachment":[{"href":"https:\/\/knetfeder.de\/kkpwp\/wp-json\/wp\/v2\/media?parent=80"}],"curies":[{"name":"wp","href":"https:\/\/api.w.org\/{rel}","templated":true}]}}