{"id":815,"date":"2018-02-05T22:54:52","date_gmt":"2018-02-05T21:54:52","guid":{"rendered":"http:\/\/www.knetfeder.de\/kkpwp\/?page_id=815"},"modified":"2025-12-07T17:21:01","modified_gmt":"2025-12-07T16:21:01","slug":"datenschutzerklaerung","status":"publish","type":"page","link":"https:\/\/knetfeder.de\/kkpwp\/datenschutzerklaerung\/","title":{"rendered":"Datenschutzerkl\u00e4rung"},"content":{"rendered":"<p>Als Anbieter dieser Internetseiten sind wir gesetzlich verpflichtet, Sie \u00fcber Zweck, Umfang und Art der Erhebung und Verwendung Ihrer personenbezogenen Daten zu informieren. Wir informieren Sie hier \u00fcber die Erhebung, Verarbeitung und Nutzung personenbezogener Daten gem\u00e4\u00df DSGVO.. Bei weiteren Fragen d\u00fcrfen Sie sich selbstverst\u00e4ndlich jederzeit gerne an uns wenden.<\/p>\n<h3><span style=\"color: #ff9966;\">1. Name und Anschrift des Verantwortlichen<\/span><\/h3>\n<p>Dr. phil. Melanie Lerch<br \/>\nBarnestr. 73<br \/>\n31515 Wunstorf<br \/>\nDeutschland<br \/>\nE-Mail: lanie@knetfeder.de<\/p>\n<p>Mit der nachfolgenden Datenschutzerkl\u00e4rung informieren wir Sie insbesondere \u00fcber Art, Umfang, Zweck, Dauer und Rechtsgrundlage der Verarbeitung personenbezogener Daten, soweit wir entweder allein oder gemeinsam mit anderen \u00fcber die Zwecke und Mittel der Verarbeitung entscheiden. Zudem informieren wir Sie nachfolgend \u00fcber die von uns zu Optimierungszwecken sowie zur Steigerung der Nutzungsqualit\u00e4t eingesetzten Fremdkomponenten, soweit hierdurch Dritte Daten in wiederum eigener Verantwortung verarbeiten.<\/p>\n<h3><span style=\"color: #ff9966;\">2. Informationen zur Datenverarbeitung<\/span><\/h3>\n<p>Personenbezogene Daten (nachfolgend zumeist nur \u201eDaten\u201c genannt) werden von uns nur im Rahmen der Erforderlichkeit sowie zum Zwecke der Bereitstellung eines funktionsf\u00e4higen und nutzerfreundlichen Internetauftritts, inklusive seiner Inhalte und der dort angebotenen Leistungen, verarbeitet.<\/p>\n<p><span style=\"color: #ff9966;\"><strong>Serverdaten<\/strong><\/span><\/p>\n<p>Aus technischen Gr\u00fcnden, insbesondere zur Gew\u00e4hrleistung eines sicheren und stabilen Internetauftritts, werden Daten durch Ihren Internet-Browser an uns bzw. an unseren Webspace-Provider \u00fcbermittelt. Mit diesen sog. Server-Logfiles werden u.a. Typ und Version Ihres Internetbrowsers, das Betriebssystem, die Website, von der aus Sie auf unseren Internetauftritt gewechselt haben (Referrer URL), die Website(s) unseres Internetauftritts, die Sie besuchen, Datum und Uhrzeit des jeweiligen Zugriffs sowie die IP-Adresse des Internetanschlusses, von dem aus die Nutzung unseres Internetauftritts erfolgt, erhoben.<\/p>\n<p>Wir setzen auf Grundlage unserer berechtigten Interessen (d.h. Interesse an der Analyse, Optimierung und wirtschaftlichem Betrieb unseres Onlineangebotes im Sinne des Art. 6 Abs. 1 lit. f. DSGVO) einen einfachen Besucherz\u00e4hler ein, der sie anhand Ihrer IP-Adresse als Besucher z\u00e4hlt.<\/p>\n<p>Wenn Sie an einem Quiz auf diesen Seiten teilnehmen, wird Ihre IP ebenfalls an uns \u00fcbermittelt.<\/p>\n<p>Die gespeicherten Daten werden nur zu statistischen Zwecken und nicht zur Herstellung eines konkreten Personenbezuges ausgewertet und nicht an Dritte \u00fcbermittelt.<\/p>\n<p>Diese so erhobenen Daten werden vorr\u00fcbergehend gespeichert, dies jedoch nicht gemeinsam mit anderen Daten von Ihnen.<\/p>\n<p>Diese Speicherung erfolgt auf der Rechtsgrundlage von Art. 6 Abs. 1 lit. f) DSGVO. Unser berechtigtes Interesse liegt in der Verbesserung, Stabilit\u00e4t, Funktionalit\u00e4t und Sicherheit unseres Internetauftritts.<\/p>\n<p><strong><span style=\"color: #ff9966;\">Gesch\u00e4ftsbezogene Verarbeitung<\/span><br \/>\n<\/strong><\/p>\n<p>Zus\u00e4tzlich verarbeiten wir<br \/>\n&#8211; Vertragsdaten (z.B. Vertragsgegenstand).<br \/>\n&#8211; Zahlungsdaten (z.B. Rechnungs- und Lieferadresse)<br \/>\nvon unseren Kunden, Interessenten und Gesch\u00e4ftspartnern zwecks Erbringung vertraglicher Leistungen.<\/p>\n<p><span style=\"color: #ff9966;\"><strong>Bestellabwicklung im Onlineshop<\/strong><\/span><\/p>\n<p>Wir verarbeiten die Daten unserer Kunden im Rahmen der Bestellvorg\u00e4nge in unserem Onlineshop, um ihnen die Auswahl und die Bestellung der gew\u00e4hlten Produkte und Leistungen, sowie deren Bezahlung und Zustellung zu erm\u00f6glichen.<\/p>\n<p>Zu den verarbeiteten Daten geh\u00f6ren Bestandsdaten, Kommunikationsdaten, Vertragsdaten und Zahlungsdaten. Zu den von der Verarbeitung betroffenen Personen geh\u00f6ren unsere Kunden, Interessenten und sonstige Gesch\u00e4ftspartner. Die Verarbeitung erfolgt zum Zweck der Erbringung von Vertragsleistungen im Rahmen des Betriebs eines Onlineshops, Abrechnung, Auslieferung und der Kundenservices. Hierbei setzen wir Session Cookies f\u00fcr die Speicherung des Warenkorb-Inhalts.<\/p>\n<p>Die Verarbeitung erfolgt auf Grundlage des Art. 6 Abs. 1 lit. b (Durchf\u00fchrung Bestellvorg\u00e4nge) und c (Gesetzlich erforderliche Archivierung) DSGVO. Dabei sind die als erforderlich gekennzeichneten Angaben zur Begr\u00fcndung und Erf\u00fcllung des Vertrages erforderlich. Die Daten offenbaren wir gegen\u00fcber Dritten nur im Rahmen der Auslieferung, Zahlung oder im Rahmen der gesetzlichen Erlaubnisse und Pflichten gegen\u00fcber Rechtsberatern und Beh\u00f6rden.<\/p>\n<p>Die L\u00f6schung erfolgt nach Ablauf gesetzlicher Gew\u00e4hrleistungs- und vergleichbarer Pflichten, die Erforderlichkeit der Aufbewahrung der Daten wird alle drei Jahre \u00fcberpr\u00fcft; im Fall der gesetzlichen Archivierungspflichten erfolgt die L\u00f6schung nach deren Ablauf (Ende handelsrechtlicher (6 Jahre) und steuerrechtlicher (10 Jahre) Aufbewahrungspflicht).<\/p>\n<p><strong><span style=\"color: #ff9966;\">Administration, Finanzbuchhaltung, B\u00fcroorganisation, Kontaktverwaltung<\/span><\/strong><\/p>\n<p>Wir verarbeiten Daten im Rahmen von Verwaltungsaufgaben sowie Organisation unseres Betriebs, Finanzbuchhaltung und Befolgung der gesetzlichen Pflichten, wie z.B. der Archivierung. Hierbei verarbeiten wir dieselben Daten, die wir im Rahmen der Erbringung unserer vertraglichen Leistungen verarbeiten. Die Verarbeitungsgrundlagen sind Art. 6 Abs. 1 lit. c. DSGVO, Art. 6 Abs. 1 lit. f. DSGVO. Von der Verarbeitung sind Kunden, Interessenten, Gesch\u00e4ftspartner und Websitebesucher betroffen. Der Zweck und unser Interesse an der Verarbeitung liegt in der Administration, Finanzbuchhaltung, B\u00fcroorganisation, Archivierung von Daten, also Aufgaben die der Aufrechterhaltung unserer Gesch\u00e4ftst\u00e4tigkeiten, Wahrnehmung unserer Aufgaben und Erbringung unserer Leistungen dienen. Die L\u00f6schung der Daten im Hinblick auf vertragliche Leistungen und die vertragliche Kommunikation entspricht den bei diesen Verarbeitungst\u00e4tigkeiten genannten Angaben.<\/p>\n<p>Wir offenbaren oder \u00fcbermitteln hierbei Daten an die Finanzverwaltung.<\/p>\n<p>Ferner speichern wir auf Grundlage unserer betriebswirtschaftlichen Interessen Angaben zu Lieferanten und sonstigen Gesch\u00e4ftspartnern, z.B. zwecks sp\u00e4terer Kontaktaufnahme. Diese mehrheitlich unternehmensbezogenen Daten speichern wir grunds\u00e4tzlich dauerhaft.<\/p>\n<p><span style=\"color: #ff9966;\"><strong>Cookies<\/strong><\/span><\/p>\n<p>Wir verwenden mit unserem Internetauftritt sog. Cookies. Cookies sind kleine Textdateien oder andere Speichertechnologien, die durch den von Ihnen eingesetzten Internet-Browser auf Ihrem Endger\u00e4t ablegt und gespeichert werden. Daher haben Sie als Nutzer auch die volle Kontrolle \u00fcber die Verwendung von Cookies. Durch eine \u00c4nderung der Einstellungen in Ihrem Internetbrowser k\u00f6nnen Sie die \u00dcbertragung von Cookies deaktivieren oder einschr\u00e4nken.<\/p>\n<p>Bereits gespeicherte Cookies k\u00f6nnen jederzeit gel\u00f6scht werden. Dies kann auch automatisiert erfolgen. Werden Cookies f\u00fcr unsere Website deaktiviert, k\u00f6nnen m\u00f6glicherweise nicht mehr alle Funktionen der Website vollumf\u00e4nglich genutzt werden.<\/p>\n<p><span style=\"color: #ff9966;\"><em>a) Sitzungs-Cookies\/Session-Cookies<\/em><\/span><\/p>\n<p>Durch diese Cookies werden im individuellen Umfang bestimmte Informationen von Ihnen, wie beispielsweise Ihre Browser- oder Standortdaten oder Ihre IP-Adresse, verarbeitet.<\/p>\n<p>Durch diese Verarbeitung wird unser Internetauftritt benutzerfreundlicher, effektiver und sicherer, da sie beispielsweise das Angebot einer Warenkorbfunktion erm\u00f6glicht.<\/p>\n<p>Rechtsgrundlage dieser Verarbeitung ist Art. 6 Abs. 1 lit b.) DSGVO, sofern durch diese Cookies Daten zur Vertragsanbahnung oder Vertragsabwicklung verarbeitet werden.<\/p>\n<p>Falls die Verarbeitung nicht der Vertragsanbahnung oder Vertragsabwicklung dient, liegt unser berechtigtes Interesse in der Verbesserung der Funktionalit\u00e4t bzw. in der Analyse, Optimierung und dem wirtschaftlichen Betrieb unseres Onlineangebotes. Rechtsgrundlage ist dann Art. 6 Abs. 1 lit. f) DSGVO.<\/p>\n<p>Mit Schlie\u00dfen Ihres Internet-Browsers werden diese Session-Cookies gel\u00f6scht.<\/p>\n<p><span style=\"color: #ff9966;\"><em>b) Drittanbieter-Cookies<\/em><\/span><\/p>\n<p>Gegebenenfalls werden mit unserem Internetauftritt auch Cookies von Partnerunternehmen, mit denen wir zum Zwecke der Werbung, der Analyse oder der Funktionalit\u00e4ten unseres Internetauftritts zusammenarbeiten, verwendet.<\/p>\n<p>Die Einzelheiten hierzu, insbesondere zu den Zwecken und den Rechtsgrundlagen der Verarbeitung solcher Drittanbieter-Cookies, entnehmen Sie bitte den nachfolgenden Informationen.<\/p>\n<p><strong><span style=\"color: #ff9966;\">Kontaktanfragen \/ Kontaktm\u00f6glichkeit<\/span><\/strong><\/p>\n<p>Sofern Sie per Kontaktformular oder E-Mail mit uns in Kontakt treten, werden die dabei von Ihnen angegebenen Daten zur Bearbeitung Ihrer Anfrage genutzt. Die Angabe der Daten ist zur Bearbeitung und Beantwortung Ihre Anfrage erforderlich &#8211; ohne deren Bereitstellung k\u00f6nnen wir Ihre Anfrage nicht oder allenfalls eingeschr\u00e4nkt beantworten.<\/p>\n<p>Rechtsgrundlage f\u00fcr diese Verarbeitung ist Art. 6 Abs. 1 lit. b) DSGVO.<\/p>\n<p>Ihre Daten werden gel\u00f6scht, sofern Ihre Anfrage abschlie\u00dfend beantwortet worden ist und der L\u00f6schung keine gesetzlichen Aufbewahrungspflichten entgegenstehen, wie z.B. bei einer sich m\u00f6glicherweise anschlie\u00dfenden Vertragsabwicklung.<\/p>\n<p>Dar\u00fcber hinaus werden die oben unter dem Punkt &#8220;Serverdaten&#8221; aufgef\u00fchrten technischen Daten aus ebenfalls oben angegebenen Gr\u00fcnden protokolliert.<\/p>\n<p><strong><span style=\"color: #ff9966;\">Nutzerbeitr\u00e4ge und Kommentare<\/span><br \/>\n<\/strong><\/p>\n<p>Wenn Nutzer Kommentare oder sonstige Beitr\u00e4ge hinterlassen, verarbeiten und ver\u00f6ffentlichen wir Ihren Beitrag, Datum und Uhrzeit der Einreichung sowie das von Ihnen ggf. genutzte Pseudonym.<\/p>\n<p>Rechtsgrundlage hierbei ist Art. 6 Abs. 1 lit. a) DSGVO. Die Einwilligung k\u00f6nnen Sie gem\u00e4\u00df Art. 7 Abs. 3 DSGVO jederzeit mit Wirkung f\u00fcr die Zukunft widerrufen. Hierzu m\u00fcssen Sie uns lediglich \u00fcber Ihren Widerruf in Kenntnis setzen.<\/p>\n<p>Dar\u00fcber hinaus verarbeiten wir auch Ihre IP- und E-Mail-Adresse. Die IP-Adresse wird verarbeitet, weil wir ein berechtigtes Interesse daran haben, weitere Schritte einzuleiten oder zu unterst\u00fctzen, sofern Ihr Beitrag in Rechte Dritter eingreift und\/oder er sonst wie rechtswidrig erfolgt.<\/p>\n<p>Rechtsgrundlage ist in diesem Fall Art. 6 Abs. 1 lit. f) DSGVO. Unser berechtigtes Interesse liegt in der ggf. notwendigen Rechtsverteidigung.<\/p>\n<h3><span style=\"color: #ff9966;\">Einbindung von Diensten und Inhalten Dritter<\/span><\/h3>\n<p data-start=\"196\" data-end=\"337\">Wir binden innerhalb unseres Onlineangebotes Inhalte von Drittanbietern ein, darunter <strong data-start=\"282\" data-end=\"300\">YouTube-Videos, Emojis, OpenStreetMap, GoogleAdSense<\/strong>\u00a0und den <strong data-start=\"309\" data-end=\"334\">Z\u00e4hlpixel der VG Wort<\/strong>. Die Verarbeitung der Daten erfolgt auf Grundlage unseres berechtigten Interesses (Art. 6 Abs. 1 lit. f DSGVO) an der Darstellung der Inhalte und an der statistischen Auswertung der Seitenaufrufe.<\/p>\n<p data-start=\"339\" data-end=\"583\">Bei Aufruf dieser Inhalte werden technisch notwendige Daten, wie z.\u202fB. <strong data-start=\"410\" data-end=\"461\">IP-Adresse, Browserinformationen, Datum\/Uhrzeit<\/strong> an die jeweiligen Anbieter \u00fcbertragen, damit die Inhalte korrekt dargestellt und statistisch ausgewertet werden k\u00f6nnen.<\/p>\n<p data-start=\"585\" data-end=\"691\"><span style=\"color: #ff9966;\"><strong>Abruf von Emojis und Smilies<\/strong><\/span><\/p>\n<p>Die Emojis werden von externen Servern der Automattic Inc. (Domains: s.w.org, twemoji.maxcdn.com) geladen. Dabei werden technisch notwendige Daten wie IP-Adresse \u00fcbertragen. Die Verarbeitung erfolgt auf Grundlage unseres berechtigten Interesses (Art. 6 Abs. 1 lit. f DSGVO). Datenschutzhinweise: <a class=\"decorated-link\" href=\"https:\/\/automattic.com\/privacy\/\" target=\"_new\" rel=\"noopener\" data-start=\"1134\" data-end=\"1200\">https:\/\/automattic.com\/privacy\/<\/a><\/p>\n<p><span style=\"color: #ff9966;\"><strong>Z\u00e4hlpixel der Verwertungsgesellschaft WORT (VG WORT)<\/strong><\/span><\/p>\n<p><strong>Cookies und Meldungen zu Zugriffszahlen<\/strong><br \/>\nWir setzen \u201eSession-Cookies\u201c der VG Wort, M\u00fcnchen, zur Messung von Zugriffen auf Texten ein, um die Kopierwahrscheinlichkeit zu erfassen. Session-Cookies sind kleine Informationseinheiten, die ein Anbieter im Arbeitsspeicher des Computers des Besuchers speichert. In einem Session-Cookie wird eine zuf\u00e4llig erzeugte eindeutige Identifikationsnummer abgelegt, eine sogenannte Session-ID. Au\u00dferdem enth\u00e4lt ein Cookie die Angabe \u00fcber seine Herkunft und die Speicherfrist. Session-Cookies k\u00f6nnen keine anderen Daten speichern. Diese Messungen werden von der Kantar Germany GmbH nach dem Skalierbaren Zentralen Messverfahren (SZM) durchgef\u00fchrt. Sie helfen dabei, die Kopierwahrscheinlichkeit einzelner Texte zur Verg\u00fctung von gesetzlichen Anspr\u00fcchen von Autoren und Verlagen zu ermitteln. Wir erfassen keine personenbezogenen Daten \u00fcber Cookies.<\/p>\n<p>Viele unserer Seiten sind mit JavaScript-Aufrufen versehen, \u00fcber die wir die Zugriffe an die Verwertungsgesellschaft Wort (VG Wort) melden. Wir erm\u00f6glichen damit, dass unsere Autoren an den Aussch\u00fcttungen der VG Wort partizipieren, die die gesetzliche Verg\u00fctung f\u00fcr die Nutzungen urheberrechtlich gesch\u00fctzter Werke gem. \u00a7 53 UrhG sicherstellen.<\/p>\n<p>Eine Nutzung unserer Angebote ist auch ohne Cookies m\u00f6glich. Die meisten Browser sind so eingestellt, dass sie Cookies automatisch akzeptieren. Sie k\u00f6nnen das Speichern von Cookies jedoch deaktivieren oder Ihren Browser so einstellen, dass er Sie benachrichtigt, sobald Cookies gesendet werden.<\/p>\n<p><strong>Datenschutzerkl\u00e4rung zur Nutzung des Skalierbaren Zentralen Messverfahrens<\/strong><br \/>\nUnsere Website und unser mobiles Webangebot nutzen das \u201eSkalierbare Zentrale Messverfahren\u201c (SZM) der Kantar Germany GmbH f\u00fcr die Ermittlung statistischer Kennwerte zur Ermittlung der Kopierwahrscheinlichkeit von Texten.<\/p>\n<p>Dabei werden anonyme Messwerte erhoben. Die Zugriffszahlenmessung verwendet zur Wiedererkennung von Computersystemen alternativ ein Session-Cookie oder eine Signatur, die aus verschiedenen automatisch \u00fcbertragenen Informationen Ihres Browsers erstellt wird. IP-Adressen werden nur in anonymisierter Form verarbeitet.<\/p>\n<p>Das Verfahren wurde unter der Beachtung des Datenschutzes entwickelt. Einziges Ziel des Verfahrens ist es, die Kopierwahrscheinlichkeit einzelner Texte zu ermitteln.<\/p>\n<p>Zu keinem Zeitpunkt werden einzelne Nutzer identifiziert. Ihre Identit\u00e4t bleibt immer gesch\u00fctzt. Sie erhalten \u00fcber das System keine Werbung.<\/p>\n<p><span style=\"color: #ff9966;\"><strong>YouTube<\/strong><\/span><\/p>\n<p>YouTube-Videos<br \/>\nWir binden auf unserer Website Videos von YouTube (Google LLC, 1600 Amphitheatre Parkway, Mountain View, CA 94043, USA) ein.<br \/>\nBeim Aufruf einer Seite mit YouTube-Videos werden Daten an Google in den USA \u00fcbertragen. Das fr\u00fchere EU-US Privacy Shield ist ung\u00fcltig (Schrems II-Urteil). Google verarbeitet die Daten daher auf Grundlage der Standardvertragsklauseln (SCC) der EU-Kommission, um ein angemessenes Datenschutzniveau sicherzustellen.<br \/>\nDie Videos werden erst nach Ihrer aktiven Zustimmung \u00fcber den Cookie-Banner geladen.<br \/>\nWeitere Informationen: https:\/\/policies.google.com\/privacy<\/p>\n<p><span style=\"color: #ff9966;\"><strong>OpenStreetMap<\/strong><\/span><\/p>\n<p>Wir binden interaktive Karten von OpenStreetMap (https:\/\/www.openstreetmap.de<br \/>\n) ein. Beim Laden der Karten werden technische Daten, darunter IP-Adresse und Standortinformationen, an die OpenStreetMap-Server \u00fcbertragen.<br \/>\nDie Karten werden erst nach Ihrer aktiven Zustimmung \u00fcber den Cookie-Banner geladen.<br \/>\nDatenschutzhinweise: https:\/\/wiki.openstreetmap.org\/wiki\/Privacy_Policy<\/p>\n<p><span style=\"color: #ff9966;\"><strong>Google Adsense mit nicht-personalisierten Anzeigen<\/strong><\/span><\/p>\n<p>Wir setzen Google AdSense ein, um Werbeanzeigen auf unserer Website anzuzeigen. Auch hier werden Daten an Google-Server in den USA \u00fcbertragen, wobei IP-Adressen nur teilweise verwendet und pseudonymisiert verarbeitet werden.<br \/>\nDie Anzeigen werden erst nach Ihrer aktiven Zustimmung \u00fcber den Cookie-Banner geladen.<br \/>\nWeitere Informationen: https:\/\/policies.google.com\/technologies\/ads<\/p>\n<h3 data-start=\"2794\" data-end=\"2816\"><span style=\"color: #ff9966;\">Hinweis zum Opt-In<\/span><\/h3>\n<p data-start=\"2818\" data-end=\"3095\">Alle oben genannten Dienste und deren Tracking-\/Cookie-Funktionen werden <strong data-start=\"2891\" data-end=\"2969\">erst aktiviert, wenn Sie dies ausdr\u00fccklich \u00fcber den Cookie-Banner zulassen<\/strong>. Ohne Ihre Zustimmung werden keine nicht notwendigen personenbezogenen Daten verarbeitet oder an Drittanbieter \u00fcbermittelt.<\/p>\n<h3><span style=\"color: #ff9966;\">Rechte der Nutzer<\/span><\/h3>\n<p>Sie haben das Recht, Auskunft \u00fcber Art, Umfang, Herkunft und Verwendungszweck der gespeicherten Daten Sie betreffend von uns zu erhalten, ebenso haben Sie das Recht, eine erteilte Einwilligung zur Datenspeicherung jederzeit zu widerrufen (eine ggf. bis zum Widerruf bereits erfolgte Verarbeitung der Daten wird dadurch jedoch nicht unrechtm\u00e4\u00dfig); vorhandene Daten werden dann gel\u00f6scht. Weiter besteht das Recht, personenbezogene Daten berichtigen, die Verarbeitung einschr\u00e4nken oder die Daten \u00fcbertragen zu lassen. Wenden Sie sich hierzu bitte an die oben genannte Kontaktadresse. Es besteht au\u00dferdem ein Beschwerderecht bei der zust\u00e4ndigen Aufsichtsbeh\u00f6rde.<\/p>\n<h4><span style=\"color: #ff9966;\"><strong>Quellen:<\/strong><\/span><br \/>\nZur Erstellung dieser Datenschutzerkl\u00e4rung wurden folgende Quellen genutzt und erg\u00e4nzt bzw. entsprechend angepasst:<br \/>\n&#8211; <a href=\"https:\/\/datenschutz-generator.de\/\">Datenschutz-Generator.de von RA Dr Thomas Schwenke<\/a><br \/>\n&#8211; <a href=\"https:\/\/www.ratgeberrecht.eu\/leistungen\/muster-datenschutzerklaerung.html\">Muster-Datenschutzerkl\u00e4rung<\/a> der <a href=\"https:\/\/www.ratgeberrecht.eu\/\">Anwaltskanzlei Wei\u00df &amp; Partner<\/a><br \/>\n&#8211; <a href=\"http:\/\/www.datenschutz-guru.de\">www.datenschutz-guru.de<\/a><\/h4>\n","protected":false},"excerpt":{"rendered":"<p>Als Anbieter dieser Internetseiten sind wir gesetzlich verpflichtet, Sie \u00fcber Zweck, Umfang und Art der Erhebung und Verwendung Ihrer personenbezogenen Daten zu informieren. Wir informieren Sie hier \u00fcber die Erhebung, Verarbeitung und Nutzung personenbezogener Daten gem\u00e4\u00df DSGVO.. Bei weiteren Fragen d\u00fcrfen Sie sich selbstverst\u00e4ndlich jederzeit gerne an uns wenden. 1. Name und Anschrift des Verantwortlichen &hellip; <\/p>\n<p><a class=\"more-link btn\" href=\"https:\/\/knetfeder.de\/kkpwp\/datenschutzerklaerung\/\">Continue reading<\/a><\/p>\n","protected":false},"author":1,"featured_media":0,"parent":0,"menu_order":0,"comment_status":"closed","ping_status":"closed","template":"","meta":[],"_links":{"self":[{"href":"https:\/\/knetfeder.de\/kkpwp\/wp-json\/wp\/v2\/pages\/815"}],"collection":[{"href":"https:\/\/knetfeder.de\/kkpwp\/wp-json\/wp\/v2\/pages"}],"about":[{"href":"https:\/\/knetfeder.de\/kkpwp\/wp-json\/wp\/v2\/types\/page"}],"author":[{"embeddable":true,"href":"https:\/\/knetfeder.de\/kkpwp\/wp-json\/wp\/v2\/users\/1"}],"replies":[{"embeddable":true,"href":"https:\/\/knetfeder.de\/kkpwp\/wp-json\/wp\/v2\/comments?post=815"}],"version-history":[{"count":17,"href":"https:\/\/knetfeder.de\/kkpwp\/wp-json\/wp\/v2\/pages\/815\/revisions"}],"predecessor-version":[{"id":3345,"href":"https:\/\/knetfeder.de\/kkpwp\/wp-json\/wp\/v2\/pages\/815\/revisions\/3345"}],"wp:attachment":[{"href":"https:\/\/knetfeder.de\/kkpwp\/wp-json\/wp\/v2\/media?parent=815"}],"curies":[{"name":"wp","href":"https:\/\/api.w.org\/{rel}","templated":true}]}}