{"id":85,"date":"2017-11-05T23:05:39","date_gmt":"2017-11-05T22:05:39","guid":{"rendered":"http:\/\/www.knetfeder.de\/kkpwp\/?page_id=85"},"modified":"2025-12-13T12:54:28","modified_gmt":"2025-12-13T11:54:28","slug":"ratgeber","status":"publish","type":"page","link":"https:\/\/knetfeder.de\/kkpwp\/ratgeber\/","title":{"rendered":"Ratgeber-Portal"},"content":{"rendered":"\n<h3><span style=\"color: #ffffff;\"><strong>\u00dcbersicht des Angebots<\/strong><\/span><\/h3>\n\n\n\n<p>Auf den Unterseiten dieser Kategorie finden sich Artikel und \u00dcbersichten zur Entwicklung von Kleinkindern in den Entwicklungsbereichen Eltern-Kind-Beziehung, Sprache, Motorik, Malen und Zeichnen sowie Spiel.<\/p>\n\n\n\n<p>Die Zielgruppe dieser \u00dcbersichten sind weniger Studenten einschl\u00e4giger Fachbereiche, als diejenigen, die t\u00e4glich mit Kindern zu tun haben und ihre Entwicklung miterleben oder sich einfach aus Interesse mit dem Thema Kindheit besch\u00e4ftigen wollen. Daraus folgt, dass ich Wert darauf gelegt habe, m\u00f6glichst wenig Fachbegriffe zu verwenden und keine Grundkenntnisse vorauszusetzen. Falls doch einmal etwas unverst\u00e4ndlich sein sollte oder Euch gar falsch vorkommt, schreibt mir bitte eine <a href=\"mailto:lanie@knetfeder.de\">Mail<\/a>. Bez\u00fcglich der eigenen Texte ist man ja oft ein bisschen blind.<\/p>\n\n\n\n<div class=\"is-layout-flex wp-container-3 wp-block-columns\">\n<div class=\"is-layout-flow wp-block-column\">\n<h3><a href=\"https:\/\/www.knetfeder.de\/kkpwp\/eltern-kind-beziehung\/\"><strong>Die fr\u00fche Eltern-Kind-Beziehung<\/strong><\/a><\/h3>\n<p><a href=\"https:\/\/www.knetfeder.de\/kkpwp\/eltern-kind-beziehung\/\"><img decoding=\"async\" loading=\"lazy\" class=\"img-blauerrahmen alignleft wp-image-628 size-full\" src=\"https:\/\/www.knetfeder.de\/kkpwp\/wp-content\/uploads\/2017\/11\/portalbndg.jpg\" sizes=\"(max-width: 200px) 100vw, 200px\" srcset=\"https:\/\/www.knetfeder.de\/kkpwp\/wp-content\/uploads\/2017\/11\/portalbndg.jpg 200w, https:\/\/www.knetfeder.de\/kkpwp\/wp-content\/uploads\/2017\/11\/portalbndg-31x21.jpg 31w, https:\/\/www.knetfeder.de\/kkpwp\/wp-content\/uploads\/2017\/11\/portalbndg-38x25.jpg 38w, https:\/\/www.knetfeder.de\/kkpwp\/wp-content\/uploads\/2017\/11\/portalbndg-148x99.jpg 148w\" alt=\"\" width=\"200\" height=\"134\"><\/a>Liebe Eltern, Sie haben (oder wollen vielleicht demn\u00e4chst) ein Baby bekommen. Wahrscheinlich haben sie an einem S\u00e4uglingspflege- oder Geburtsvorbereitungskurs teilgenommen, wo Sie gelernt haben, wie man ein Baby f\u00fcttert, wickelt, w\u00e4scht und tr\u00e4gt. Aber zur gesunden Entwicklung Ihres Babys geh\u00f6rt viel mehr als nur sein k\u00f6rperliches Wohl. Um gesund und gl\u00fccklich heranwachsen zu k\u00f6nnen, muss Ihr Baby sich geliebt und in all seinen Bed\u00fcrfnissen verstanden f\u00fchlen. Hierzu geh\u00f6rt auch sein gro\u00dfes, lebenswichtiges Bed\u00fcrfnis nach zuverl\u00e4ssiger, einf\u00fchlsamer Zuwendung und Sicherheit durch die Menschen, die ihm am n\u00e4chsten stehen \u2013 durch Sie als seine Eltern. Diese Informationsschrift f\u00fchrt Sie in aktuelle Erkenntnisse der Forschung \u00fcber die Eltern-Kind-Beziehung und die S\u00e4uglingsforschung ein, die im ersten Lebensjahr Ihres Kindes f\u00fcr Sie bedeutsam sind.&nbsp;<strong><a href=\"https:\/\/www.knetfeder.de\/kkpwp\/eltern-kind-beziehung\/\">&gt;&gt; weiterlesen\u2026<\/a><\/strong><\/p>\n<\/div>\n\n\n\n<div class=\"is-layout-flow wp-block-column\">\n<h3><a href=\"https:\/\/www.knetfeder.de\/kkpwp\/sprache\/\">Die Sprachentwicklung<\/a><\/h3>\n<h3><a href=\"https:\/\/www.knetfeder.de\/kkpwp\/sprache\/\"><img decoding=\"async\" loading=\"lazy\" class=\"img-blauerrahmen alignleft wp-image-634 size-full\" src=\"https:\/\/www.knetfeder.de\/kkpwp\/wp-content\/uploads\/2017\/11\/portalsprache.jpg\" sizes=\"(max-width: 200px) 100vw, 200px\" srcset=\"https:\/\/www.knetfeder.de\/kkpwp\/wp-content\/uploads\/2017\/11\/portalsprache.jpg 200w, https:\/\/www.knetfeder.de\/kkpwp\/wp-content\/uploads\/2017\/11\/portalsprache-31x21.jpg 31w, https:\/\/www.knetfeder.de\/kkpwp\/wp-content\/uploads\/2017\/11\/portalsprache-38x25.jpg 38w, https:\/\/www.knetfeder.de\/kkpwp\/wp-content\/uploads\/2017\/11\/portalsprache-148x98.jpg 148w\" alt=\"\" width=\"200\" height=\"133\"><\/a><\/h3>\n<p>Zwar kann das Baby in seinem ersten Lebensjahr noch nicht sprechen, aber es erwirbt schon die grundlegenden F\u00e4higkeiten, die es brauchen wird, um das Sprechen und die Kommunikation in seinen kommenden Lebensjahren zu erlernen. Es macht viele notwendige Erfahrungen mit der Sprache in seiner Umgebung und mit der Funktionsweise seiner Sprechorgane. Diese Phase wird bis zu den ersten richtigen Worten des Kindes als vorsprachliche Entwicklungsphase bezeichnet.<br>\u00c4hnlich, wie das Kind \u201cMama\u201d und \u201cPapa\u201d gelernt hat, indem seine Eltern seinen Lallmonologen eine Bedeutung verliehen, lernt das Kind bis zum 18. Monat ca. 2-10 weitere W\u00f6rter.&nbsp;<strong><a href=\"https:\/\/www.knetfeder.de\/kkpwp\/sprache\/\">&gt;&gt; weiterlesen\u2026&nbsp;<\/a><\/strong><\/p>\n<\/div>\n<\/div>\n\n\n\n<h1 class=\"has-text-align-center\"><span style=\"color: #8080aa;\">Tabelle der kindlichen Entwicklung<\/span><\/h1>\n\n\n<div class=\"wp-block-image\">\n<figure class=\"alignleft\"><a href=\"https:\/\/www.knetfeder.de\/kkpwp\/kkpwoo\/\"><img decoding=\"async\" loading=\"lazy\" width=\"89\" height=\"81\" src=\"https:\/\/www.knetfeder.de\/kkpwp\/wp-content\/uploads\/2017\/11\/kaufen.gif\" alt=\"Tabelle als Poster kaufen\" class=\"wp-image-707\" srcset=\"https:\/\/knetfeder.de\/kkpwp\/wp-content\/uploads\/2017\/11\/kaufen.gif 89w, https:\/\/knetfeder.de\/kkpwp\/wp-content\/uploads\/2017\/11\/kaufen-31x28.gif 31w, https:\/\/knetfeder.de\/kkpwp\/wp-content\/uploads\/2017\/11\/kaufen-38x35.gif 38w\" sizes=\"(max-width: 89px) 100vw, 89px\" \/><\/a><figcaption class=\"wp-element-caption\">Tabelle als Poster im Shop kaufen<\/figcaption><\/figure><\/div>\n\n\n<p>Die folgende Tabelle &#8211; vollst\u00e4ndig lesbar in einem gesonderten Fenster\/Tab bei Klick auf das Bild &#8211;&nbsp; parallelisiert die Fortschritte in den verschiedenen Entwicklungsbereichen. So wird deutlich, dass bestimmte Entwicklungen in einem Bereich oftmals Fortschritte in einem anderen Bereich voraussetzen. So bildet die gelungene Eltern-Kind-Interaktion nicht nur eine Voraussetzung f\u00fcr den Bindungsaufbau, sondern durch ihre rhythmischen und sprachlichen Anteile auch die Grundlage der Sprachentwicklung. Ebenso kann ein Kind erst mit dem Malen beginnen, wenn es feinmotorisch in der Lage ist, einen Stift zu halten.<\/p>\n\n\n<div class=\"wp-block-image\">\n<figure class=\"aligncenter size-full\"><a href=\"https:\/\/www.knetfeder.de\/kkpwp\/entwuebersichtfenster.html\"><img decoding=\"async\" loading=\"lazy\" width=\"800\" height=\"534\" src=\"https:\/\/knetfeder.de\/kkpwp\/wp-content\/uploads\/2025\/12\/shopproduktentwtabvorschau-1.jpg\" alt=\"\" class=\"wp-image-3349\" title=\"Klick \u00f6ffnet Tabelle in eigenem Fenster\/Tab\" srcset=\"https:\/\/knetfeder.de\/kkpwp\/wp-content\/uploads\/2025\/12\/shopproduktentwtabvorschau-1.jpg 800w, https:\/\/knetfeder.de\/kkpwp\/wp-content\/uploads\/2025\/12\/shopproduktentwtabvorschau-1-300x200.jpg 300w, https:\/\/knetfeder.de\/kkpwp\/wp-content\/uploads\/2025\/12\/shopproduktentwtabvorschau-1-768x513.jpg 768w, https:\/\/knetfeder.de\/kkpwp\/wp-content\/uploads\/2025\/12\/shopproduktentwtabvorschau-1-600x401.jpg 600w\" sizes=\"(max-width: 800px) 100vw, 800px\" \/><\/a><\/figure><\/div>\n\n\n<h3 class=\"has-text-align-center\"><a href=\"https:\/\/www.knetfeder.de\/kkpwp\/kkpwoo\" data-type=\"URL\" data-id=\"https:\/\/www.knetfeder.de\/kkpwp\/kkpwoo\">Die Tabelle der kindlichen Entwicklung gibt es als POSTER im SHOP!<\/a><\/h3>\n\n\n<div class=\"wp-block-image\">\n<figure class=\"aligncenter\"><a href=\"https:\/\/www.knetfeder.de\/kkpwp\/kkpwoo\/\"><img decoding=\"async\" loading=\"lazy\" width=\"195\" height=\"135\" src=\"https:\/\/www.knetfeder.de\/kkpwp\/wp-content\/uploads\/2017\/11\/shophinweis.jpg\" alt=\"\" class=\"wp-image-704\" srcset=\"https:\/\/knetfeder.de\/kkpwp\/wp-content\/uploads\/2017\/11\/shophinweis.jpg 195w, https:\/\/knetfeder.de\/kkpwp\/wp-content\/uploads\/2017\/11\/shophinweis-31x21.jpg 31w, https:\/\/knetfeder.de\/kkpwp\/wp-content\/uploads\/2017\/11\/shophinweis-38x26.jpg 38w, https:\/\/knetfeder.de\/kkpwp\/wp-content\/uploads\/2017\/11\/shophinweis-148x102.jpg 148w\" sizes=\"(max-width: 195px) 100vw, 195px\" \/><\/a><\/figure><\/div>\n\n\n<p class=\"has-text-align-right\"><\/p>\n\n\n\n<div class=\"is-layout-flex wp-container-6 wp-block-columns\">\n<div class=\"is-layout-flow wp-block-column\">\n<h3><a href=\"https:\/\/www.knetfeder.de\/kkpwp\/motorik\/\"><strong>Die Entwicklung der Motorik<\/strong><\/a><\/h3>\n<p><a href=\"https:\/\/www.knetfeder.de\/kkpwp\/motorik\/\"><img decoding=\"async\" loading=\"lazy\" class=\"img-blauerrahmen alignleft wp-image-1613 \" src=\"https:\/\/www.knetfeder.de\/kkpwp\/wp-content\/uploads\/2017\/11\/fotomotorik7.jpg\" alt=\"\" width=\"191\" height=\"287\" srcset=\"https:\/\/knetfeder.de\/kkpwp\/wp-content\/uploads\/2017\/11\/fotomotorik7.jpg 100w, https:\/\/knetfeder.de\/kkpwp\/wp-content\/uploads\/2017\/11\/fotomotorik7-21x31.jpg 21w, https:\/\/knetfeder.de\/kkpwp\/wp-content\/uploads\/2017\/11\/fotomotorik7-25x38.jpg 25w, https:\/\/knetfeder.de\/kkpwp\/wp-content\/uploads\/2017\/11\/fotomotorik7-99x148.jpg 99w\" sizes=\"(max-width: 191px) 100vw, 191px\" \/><\/a><\/p>\n<p>Der motorischen Entwicklung von Kleinkindern &#8211; also der Ver\u00e4nderungen ihrer Bewegungsm\u00f6glichkeiten mit fortschreitendem Alter &#8211; widmen Eltern oft vergleichsweise gro\u00dfe Aufmerksamkeit. Obwohl die Fortschritte des Kindes in anderen Bereichen wie dem Denken oder der emotionalen Entwicklung genauso gro\u00df sind, ist besonders das erste Lebensjahr des Kindes doch gepr\u00e4gt von den leicht erkennbaren und vielf\u00e4ltigen Ver\u00e4nderungen in Bewegung, Koordination und Gleichgewicht.<br data-rich-text-line-break=\"true\">Wenn hier von der motorischen Entwicklung die Rede ist, dann sind sowohl der grobmotorische als auch der feinmotorische Entwicklungsbereich gemeint. W\u00e4hrend grobmotorische F\u00e4higkeiten dem Menschen erm\u00f6glichen, sich gegen die Schwerkraft aufrecht zu halten und sich fortzubewegen, sind Bewegungen der Mimik, Gestik, der sprachlichen Artikulation genauso wie das Malen und Schreiben der Feinmotorik zuzuordnen.&nbsp; <strong> <a href=\"https:\/\/www.knetfeder.de\/kkpwp\/motorik\/\">&gt;&gt; weiterlesen&#8230;&nbsp;<\/a><\/strong><\/p>\n<\/div>\n\n\n\n<div class=\"is-layout-flow wp-block-column\">\n<h3><a href=\"https:\/\/www.knetfeder.de\/kkpwp\/malen-und-zeichnen\/\"><strong>Die Kinderzeichnung<\/strong><\/a><\/h3>\n<p><a href=\"https:\/\/www.knetfeder.de\/kkpwp\/malen-und-zeichnen\/\"><img decoding=\"async\" loading=\"lazy\" class=\"img-blauerrahmen alignleft wp-image-2403 size-medium\" src=\"https:\/\/www.knetfeder.de\/kkpwp\/wp-content\/uploads\/2017\/11\/pinterest-malen-200x300.jpg\" sizes=\"(max-width: 200px) 100vw, 200px\" srcset=\"https:\/\/www.knetfeder.de\/kkpwp\/wp-content\/uploads\/2017\/11\/pinterest-malen-200x300.jpg 200w, https:\/\/www.knetfeder.de\/kkpwp\/wp-content\/uploads\/2017\/11\/pinterest-malen-768x1152.jpg 768w, https:\/\/www.knetfeder.de\/kkpwp\/wp-content\/uploads\/2017\/11\/pinterest-malen-683x1024.jpg 683w, https:\/\/www.knetfeder.de\/kkpwp\/wp-content\/uploads\/2017\/11\/pinterest-malen-333x500.jpg 333w, https:\/\/www.knetfeder.de\/kkpwp\/wp-content\/uploads\/2017\/11\/pinterest-malen-133x200.jpg 133w, https:\/\/www.knetfeder.de\/kkpwp\/wp-content\/uploads\/2017\/11\/pinterest-malen-21x31.jpg 21w, https:\/\/www.knetfeder.de\/kkpwp\/wp-content\/uploads\/2017\/11\/pinterest-malen-25x38.jpg 25w, https:\/\/www.knetfeder.de\/kkpwp\/wp-content\/uploads\/2017\/11\/pinterest-malen-143x215.jpg 143w, https:\/\/www.knetfeder.de\/kkpwp\/wp-content\/uploads\/2017\/11\/pinterest-malen-99x148.jpg 99w, https:\/\/www.knetfeder.de\/kkpwp\/wp-content\/uploads\/2017\/11\/pinterest-malen.jpg 1000w\" alt=\"\" width=\"200\" height=\"300\"><\/a><\/p>\n<p>\u00bbDie Kraft, mit der ein Kind wird und w\u00e4chst, ist es auch, die ihm die Hand f\u00fchrt bei seinem Kritzeln und Malen.\u00ab<br>( Leb\u00e9us: Kinderbilder und was sie uns sagen )<\/p>\n<p>Dieses Zitat sagt uns, dass man keinem Kind das Malen und Zeichnen beibringen muss, weil die bildnerische Gestaltung ebenso einem Entwicklungsprozess unterliegt wie andere Entwicklugsbereiche des Kindes auch. So, wie das Kind brabbelt und lallt, bevor es die ersten W\u00f6rter sprechen kann, so, wie es krabbelt, bevor es sicher auf zwei Beinen l\u00e4uft, so differenziert sich auch die Bildsprache des Kindes nach eigenen Gesetzm\u00e4\u00dfigkeiten.<br>Jeder Entwicklungsabschnitt wird dabei von jedem Kind auf individuelle Weise durchlebt, wobei sowohl ein l\u00e4ngeres Verweilen in einer Phase als auch das \u00dcberspringen von Phasen v\u00f6llig normal sind.&nbsp;<strong><a href=\"https:\/\/www.knetfeder.de\/kkpwp\/malen-und-zeichnen\/\">&gt;&gt; weiterlesen<\/a><\/strong><\/p>\n<\/div>\n<\/div>\n\n\n\n<p><\/p>\n\n\n\n<div class=\"is-layout-flex wp-container-8 wp-block-columns\">\n<div class=\"is-layout-flow wp-block-column has-white-background-color has-background\">\n<h2 class=\"has-text-align-center has-white-background-color has-background\"><strong>Teste Dein Wissen \u00fcber die kindliche Entwicklung<\/strong><br>im QUIZ!<strong> <\/strong><\/h2>\n\n\n<div class=\"wp-block-image is-style-default\">\n<figure class=\"aligncenter is-resized\"><a href=\"https:\/\/www.knetfeder.de\/kkpwp\/quiz\"><img decoding=\"async\" loading=\"lazy\" src=\"https:\/\/www.knetfeder.de\/kkpwp\/wp-content\/uploads\/2017\/11\/teaserquiz.jpg\" alt=\"\" class=\"img-blauerrahmen\" width=\"253\" height=\"169\"\/><\/a><\/figure><\/div><\/div>\n<\/div>\n\n\n\n<div class=\"is-layout-flex wp-container-11 wp-block-columns\">\n<div class=\"is-layout-flow wp-block-column\">\n<h3><a href=\"https:\/\/www.knetfeder.de\/kkpwp\/spiel\/\">Das Kinderspiel im 2. Jahr<\/a><\/h3>\n<p><a href=\"https:\/\/www.knetfeder.de\/kkpwp\/spiel\/\"><img decoding=\"async\" loading=\"lazy\" class=\"img-blauerrahmen alignleft wp-image-2403 size-medium\" src=\"https:\/\/www.knetfeder.de\/kkpwp\/wp-content\/uploads\/2017\/11\/portalspiel.jpg\" sizes=\"(max-width: 200px) 100vw, 200px\" srcset=\"https:\/\/www.knetfeder.de\/kkpwp\/wp-content\/uploads\/2017\/11\/portalspiel.jpg 200w, https:\/\/www.knetfeder.de\/kkpwp\/wp-content\/uploads\/2017\/11\/portalspiel-186x200.jpg 186w, https:\/\/www.knetfeder.de\/kkpwp\/wp-content\/uploads\/2017\/11\/portalspiel-29x31.jpg 29w, https:\/\/www.knetfeder.de\/kkpwp\/wp-content\/uploads\/2017\/11\/portalspiel-35x38.jpg 35w, https:\/\/www.knetfeder.de\/kkpwp\/wp-content\/uploads\/2017\/11\/portalspiel-138x148.jpg 138w\" alt=\"\" width=\"200\" height=\"215\"><\/a><\/p>\n<p>R\u00e4umliche Spiele (Lernbereich: Beziehungen zwischen Gegenst\u00e4nden \u2013 auf, unter, mit, gr\u00f6\u00dfer, schwerer\u2026, die Lage im Raum und die Schwerkraft)<br>Besch\u00e4ftigung: Aus- und Einr\u00e4umen von Gef\u00e4\u00dfen und Taschen; Spielzeug: ganz einfach entsprechender (sicherer!) Haushaltskram wie Becher, T\u00f6pfe, gr\u00f6\u00dfere trockene Nudeln zum Bef\u00fcllen, Deckel dazu, Taschen (kein Plastik, Erstickungsgefahr!) und Papiert\u00fcten, Kartons in ganz mini und riesengro\u00df\u2026&nbsp;<a href=\"https:\/\/www.knetfeder.de\/kkpwp\/spiel\/\">&gt;&gt;&nbsp;<strong>weiterlesen<\/strong><\/a><\/p>\n<\/div>\n\n\n\n<div class=\"is-layout-flow wp-block-column\">\n<h3><a href=\"https:\/\/www.knetfeder.de\/kkpwp\/betreuung\/\">Kinderbetreuung<\/a><\/h3>\n<p><a href=\"https:\/\/www.knetfeder.de\/kkpwp\/betreuung\/\"><img decoding=\"async\" class=\"img-blauerrahmen alignleft\" src=\"https:\/\/www.knetfeder.de\/kkpwp\/wp-content\/uploads\/2017\/11\/portalbetr.jpg\"><\/a>Babysitten, bzw. jegliche Form der Kinderbetreuung, ist nicht einfach nur ein Job, mit dem sich jedermann etwas dazuverdienen kann. Zun\u00e4chst erscheint es vielleicht sehr einfach, ein paar Stunden am Tag oder gar nur abends, wenn das Kind schl\u00e4ft, aufzupassen, dass ihm nichts passiert. In Wirklichkeit aber ist Babysitten viel mehr, als nur den Aufpasser zu spielen.<br>Als Betreuer von Kindern \u00fcbernimmt man eine Riesenverantwortung, denn Kinder sind das Allerwichtigste und Wertvollste im Leben ihrer Eltern. Diese w\u00fcnschen sich deshalb nicht nur einen Aufpasser f\u00fcr die Stunden, in denen sie selbst nicht bei <a href=\"https:\/\/www.knetfeder.de\/kkpwp\/wp-content\/uploads\/2018\/02\/kinderbetreuungsreferenz.pdf\"><img decoding=\"async\" loading=\"lazy\" class=\"alignright\" src=\"https:\/\/www.knetfeder.de\/kkpwp\/wp-content\/uploads\/2017\/11\/teaserreferenz.jpg\" alt=\"\" width=\"250\" height=\"200\"><\/a>ihrem Kind sind, sondern sie m\u00f6chten, dass es ihrem Kind rundum gut geht, dass es nicht allzu gro\u00dfe Sehnsucht nach Mama und Papa haben muss, weil der Babysitter liebevoll auf es eingeht, sich mit ihm besch\u00e4ftigt und mit ihm eine lustige Zeit verbringt.&nbsp;<a href=\"https:\/\/www.knetfeder.de\/kkpwp\/betreuung\/\"><strong>&gt;&gt; weiterlesen<\/strong><\/a><\/p>\n<\/div>\n<\/div>\n","protected":false},"excerpt":{"rendered":"<p>\u00dcbersicht des Angebots Auf den Unterseiten dieser Kategorie finden sich Artikel und \u00dcbersichten zur Entwicklung von Kleinkindern in den Entwicklungsbereichen Eltern-Kind-Beziehung, Sprache, Motorik, Malen und Zeichnen sowie Spiel. Die Zielgruppe dieser \u00dcbersichten sind weniger Studenten einschl\u00e4giger Fachbereiche, als diejenigen, die t\u00e4glich mit Kindern zu tun haben und ihre Entwicklung miterleben oder sich einfach aus Interesse &hellip; <\/p>\n<p><a class=\"more-link btn\" href=\"https:\/\/knetfeder.de\/kkpwp\/ratgeber\/\">Continue reading<\/a><\/p>\n","protected":false},"author":1,"featured_media":0,"parent":0,"menu_order":0,"comment_status":"closed","ping_status":"closed","template":"","meta":[],"_links":{"self":[{"href":"https:\/\/knetfeder.de\/kkpwp\/wp-json\/wp\/v2\/pages\/85"}],"collection":[{"href":"https:\/\/knetfeder.de\/kkpwp\/wp-json\/wp\/v2\/pages"}],"about":[{"href":"https:\/\/knetfeder.de\/kkpwp\/wp-json\/wp\/v2\/types\/page"}],"author":[{"embeddable":true,"href":"https:\/\/knetfeder.de\/kkpwp\/wp-json\/wp\/v2\/users\/1"}],"replies":[{"embeddable":true,"href":"https:\/\/knetfeder.de\/kkpwp\/wp-json\/wp\/v2\/comments?post=85"}],"version-history":[{"count":134,"href":"https:\/\/knetfeder.de\/kkpwp\/wp-json\/wp\/v2\/pages\/85\/revisions"}],"predecessor-version":[{"id":3351,"href":"https:\/\/knetfeder.de\/kkpwp\/wp-json\/wp\/v2\/pages\/85\/revisions\/3351"}],"wp:attachment":[{"href":"https:\/\/knetfeder.de\/kkpwp\/wp-json\/wp\/v2\/media?parent=85"}],"curies":[{"name":"wp","href":"https:\/\/api.w.org\/{rel}","templated":true}]}}