{"id":2638,"date":"2023-01-22T16:18:35","date_gmt":"2023-01-22T15:18:35","guid":{"rendered":"https:\/\/www.knetfeder.de\/kkpwp\/?post_type=product&#038;p=2638"},"modified":"2026-01-20T13:13:53","modified_gmt":"2026-01-20T12:13:53","slug":"poster-kindliche-entwicklung-eine-uebersicht","status":"publish","type":"product","link":"https:\/\/knetfeder.de\/kkpwp\/product\/poster-kindliche-entwicklung-eine-uebersicht\/","title":{"rendered":"Poster &#8220;Kindliche Entwicklung &#8211; eine \u00dcbersicht&#8221;"},"content":{"rendered":"<p><strong>Das Poster bietet einen ansprechenden \u00dcberblick \u00fcber kindliche Entwicklungsschritte zwischen dem ersten Vierteljahr und dem Schulalter und eignet sich sehr gut f\u00fcr Vortr\u00e4ge (in den gr\u00f6\u00dferen Formaten) oder zur Wandgestaltung in Kindertagesst\u00e4tten und Arztpraxen.<\/strong><\/p>\n<p>Die Tabelle parallelisiert die Fortschritte in den Entwicklungsbereichen Eltern-Kind-Beziehung, Motorik, Sprache und Malen. Es wird deutlich, dass bestimmte Entwicklungen in einem Bereich\u00a0oftmals Fortschritte in einem anderen Bereich voraussetzen. So bildet beispielsweise die gelungene Eltern-Kind-Interaktion nicht nur eine Voraussetzung f\u00fcr den Bindungsaufbau, sondern durch ihre rhythmischen und sprachlichen Anteile auch die Grundlage der Sprachentwicklung.<\/p>\n<p><a href=\"https:\/\/www.knetfeder.de\/kkpwp\/entwuebersichtfenster.html\"><img decoding=\"async\" loading=\"lazy\" class=\"wp-image-478 size-full alignleft\" src=\"https:\/\/www.knetfeder.de\/kkpwp\/wp-content\/uploads\/2017\/11\/home.jpg\" alt=\"\" width=\"26\" height=\"26\" \/> \u00a0<\/a><a href=\"https:\/\/www.knetfeder.de\/kkpwp\/entwuebersichtfenster.html\" target=\"_blank\" rel=\"noopener\">Web-Version der Entwicklungs\u00fcbersicht (inhaltlich mit Druckversion identisch, optisch leicht abweichend)<\/a><\/p>\n<p>&nbsp;<\/p>\n<p><strong><span style=\"color: #ff00ff;\">Bitte beachten: Die kleinste Gr\u00f6\u00dfe 30x45cm ist nur f\u00fcr die individuelle Lekt\u00fcre nutzbar (Schriftgr\u00f6\u00dfe kleiner als in einer TV-Zeitung) &#8211; f\u00fcr andere Zwecke (Wandgestaltung, Pr\u00e4sentation) bitte gr\u00f6\u00dfere Ma\u00dfe ausw\u00e4hlen!<\/span><\/strong><\/p>\n","protected":false},"excerpt":{"rendered":"<p>Das Poster bietet einen ansprechenden <strong>\u00dcberblick \u00fcber kindliche Entwicklungsschritte<\/strong> zwischen dem ersten Vierteljahr und dem Schulalter und eignet sich sehr gut f\u00fcr Vortr\u00e4ge (in den gr\u00f6\u00dferen Formaten) oder zur Wandgestaltung in Kindertagesst\u00e4tten und Arztpraxen.<\/p>\n","protected":false},"featured_media":3346,"template":"","meta":[],"product_cat":[64],"product_tag":[],"_links":{"self":[{"href":"https:\/\/knetfeder.de\/kkpwp\/wp-json\/wp\/v2\/product\/2638"}],"collection":[{"href":"https:\/\/knetfeder.de\/kkpwp\/wp-json\/wp\/v2\/product"}],"about":[{"href":"https:\/\/knetfeder.de\/kkpwp\/wp-json\/wp\/v2\/types\/product"}],"wp:featuredmedia":[{"embeddable":true,"href":"https:\/\/knetfeder.de\/kkpwp\/wp-json\/wp\/v2\/media\/3346"}],"wp:attachment":[{"href":"https:\/\/knetfeder.de\/kkpwp\/wp-json\/wp\/v2\/media?parent=2638"}],"wp:term":[{"taxonomy":"product_cat","embeddable":true,"href":"https:\/\/knetfeder.de\/kkpwp\/wp-json\/wp\/v2\/product_cat?post=2638"},{"taxonomy":"product_tag","embeddable":true,"href":"https:\/\/knetfeder.de\/kkpwp\/wp-json\/wp\/v2\/product_tag?post=2638"}],"curies":[{"name":"wp","href":"https:\/\/api.w.org\/{rel}","templated":true}]}}