{"id":2654,"date":"2023-01-23T11:50:06","date_gmt":"2023-01-23T10:50:06","guid":{"rendered":"https:\/\/www.knetfeder.de\/kkpwp\/?post_type=product&#038;p=2654"},"modified":"2023-11-11T12:22:46","modified_gmt":"2023-11-11T11:22:46","slug":"poster-von-der-milch-zum-menue-beikosteinfuehrung-auf-einen-blick","status":"publish","type":"product","link":"https:\/\/knetfeder.de\/kkpwp\/product\/poster-von-der-milch-zum-menue-beikosteinfuehrung-auf-einen-blick\/","title":{"rendered":"Poster \u201cVon der Milch zum Men\u00fc \u2013 Beikosteinf\u00fchrung auf einen Blick\u201d"},"content":{"rendered":"<p><strong>Das Poster zeigt in \u00fcbersichtlicher und ansprechender Form anhand von Piktogrammen und kurzen Erl\u00e4uterungen die schrittweise Einf\u00fchrung von Beikost in die S\u00e4uglingsern\u00e4hrung, wie sie vom Forschungsinstitut f\u00fcr Kinderern\u00e4hrung (Dortmund) empfohlen wird.<\/strong><\/p>\n<p>Es eignet sich sowohl f\u00fcr den privaten Gebrauch in Familien mit Kindern im ersten Lebensjahr als auch zu Pr\u00e4sentations- und Lehrzwecken, beispielsweise f\u00fcr Hebammen, Geburtsvorbereitungskurse, PEKiP- und andere Eltern-Kind-Gruppen, sowie f\u00fcr Arztpraxen.<\/p>\n<p data-wp-editing=\"1\"><a href=\"https:\/\/www.knetfeder.de\/kkpwp\/entwuebersichtfenster.html\"><img decoding=\"async\" loading=\"lazy\" class=\"wp-image-477 size-full alignleft\" src=\"https:\/\/www.knetfeder.de\/kkpwp\/wp-content\/uploads\/2017\/11\/pdf.jpg\" alt=\"\" width=\"26\" height=\"26\" \/><\/a><\/p>\n<p><a href=\"https:\/\/www.knetfeder.de\/kkpwp\/wp-content\/uploads\/2017\/11\/verkaufbeikostvorschau.pdf\" target=\"_blank\" rel=\"noopener\">\u00a0 PDF-Ansicht der Beikosttabelle (lesbar, geringe Aufl\u00f6sung, mit Wasserzeichenschutz)<\/a><\/p>\n<p>&nbsp;<\/p>\n<p><strong><span style=\"color: #ff00ff;\">Bitte beachten: Die kleinste Gr\u00f6\u00dfe 30x45cm ist nur f\u00fcr die individuelle Lekt\u00fcre nutzbar (Schriftgr\u00f6\u00dfe kleiner als in einer TV-Zeitung) &#8211; f\u00fcr andere Zwecke (Wandgestaltung, Pr\u00e4sentation) bitte gr\u00f6\u00dfere Ma\u00dfe ausw\u00e4hlen!<\/span><\/strong><\/p>\n","protected":false},"excerpt":{"rendered":"<p>Das Poster zeigt in \u00fcbersichtlicher und ansprechender Form anhand von Piktogrammen und kurzen Erl\u00e4uterungen die schrittweise <strong>Einf\u00fchrung von Beikost in die S\u00e4uglingsern\u00e4hrung<\/strong>, wie sie vom <strong>Forschungsinstitut f\u00fcr Kinderern\u00e4hrung<\/strong> (Dortmund) empfohlen wird.<\/p>\n","protected":false},"featured_media":459,"template":"","meta":[],"product_cat":[64],"product_tag":[],"_links":{"self":[{"href":"https:\/\/knetfeder.de\/kkpwp\/wp-json\/wp\/v2\/product\/2654"}],"collection":[{"href":"https:\/\/knetfeder.de\/kkpwp\/wp-json\/wp\/v2\/product"}],"about":[{"href":"https:\/\/knetfeder.de\/kkpwp\/wp-json\/wp\/v2\/types\/product"}],"wp:featuredmedia":[{"embeddable":true,"href":"https:\/\/knetfeder.de\/kkpwp\/wp-json\/wp\/v2\/media\/459"}],"wp:attachment":[{"href":"https:\/\/knetfeder.de\/kkpwp\/wp-json\/wp\/v2\/media?parent=2654"}],"wp:term":[{"taxonomy":"product_cat","embeddable":true,"href":"https:\/\/knetfeder.de\/kkpwp\/wp-json\/wp\/v2\/product_cat?post=2654"},{"taxonomy":"product_tag","embeddable":true,"href":"https:\/\/knetfeder.de\/kkpwp\/wp-json\/wp\/v2\/product_tag?post=2654"}],"curies":[{"name":"wp","href":"https:\/\/api.w.org\/{rel}","templated":true}]}}