{"id":2897,"date":"2023-11-01T13:05:05","date_gmt":"2023-11-01T12:05:05","guid":{"rendered":"https:\/\/www.knetfeder.de\/kkpwp\/?post_type=product&#038;p=2897"},"modified":"2025-01-09T09:45:41","modified_gmt":"2025-01-09T08:45:41","slug":"hausarbeit-kinder-im-krankenhaus","status":"publish","type":"product","link":"https:\/\/knetfeder.de\/kkpwp\/product\/hausarbeit-kinder-im-krankenhaus\/","title":{"rendered":"PDF Hausarbeit &#8220;Kinder im Krankenhaus&#8221;"},"content":{"rendered":"<p style=\"text-align: right;\">PDF der wissenschaftlichen Hausarbeit &#8220;Kinder im Krankenhaus : Darstellung der Problematik aus der Perspektive der Bindungstheorie.&#8221; von Melanie Lerch (2000) &#8211;\u00a0 18 Seiten.<\/p>\n<p><strong><span style=\"color: #ff0000;\">ACHTUNG<\/span>: Mit dem Kauf dieser PDF-Datei geht <span style=\"color: #ff0000;\">keine<\/span> \u00fcber die private Nutzung hinausgehende Nutzungsgenehmigung einher! Weitergabe und kommerzielle Nutzung sind untersagt. Das Ausdrucken der Datei ist nicht m\u00f6glich.<\/strong><\/p>\n<p><em><strong>W\u00e4hlen Sie oben rechts den Preis aus, den Ihnen dieser Artikel wert ist (Zwischen 1,50 \u20ac und 5,00 \u20ac), klicken Sie auf &#8220;In den Warenkorb&#8221; und gehen Sie dann weiter zur Kasse.<br \/>\nNachdem Sie an der Kasse eine Zahlungsart (Vorkasse oder PayPal) gew\u00e4hlt und die Bestellung abgeschlossen haben, erhalten Sie zun\u00e4chst eine Best\u00e4tigungsmail, der Sie auch die Zahlungsdaten entnehmen k\u00f6nnen.<span style=\"color: #ff0000;\"> In einer weiteren Mail erhalten Sie den Downloadlink der Datei, sobald Ihre Zahlung eingegangen ist!<\/span> Der Link ist ab Versand 3 Tage lang g\u00fcltig.<\/strong><\/em><\/p>\n<h3>Inhalt und Auszug:<\/h3>\n<p><strong>Inhaltsverzeichnis<\/strong><\/p>\n<div class=\"wp_box_gruen\">\n<p><strong>1.\u00a0\u00a0\u00a0\u00a0\u00a0\u00a0\u00a0\u00a0\u00a0\u00a0\u00a0 Einleitung<\/strong><\/p>\n<p><strong>2.\u00a0\u00a0\u00a0\u00a0\u00a0\u00a0\u00a0\u00a0\u00a0\u00a0 Die Bindungstheorie<\/strong><br \/>\n2.1\u00a0\u00a0\u00a0\u00a0\u00a0\u00a0\u00a0 Bindungsverhalten<br \/>\n2.2\u00a0\u00a0\u00a0\u00a0\u00a0\u00a0\u00a0 Pflegeverhalten<br \/>\n2.3\u00a0\u00a0\u00a0\u00a0\u00a0\u00a0\u00a0 Bedeutung der kindlichen Bindungserfahrungen f\u00fcr die Pers\u00f6nlichkeitsentwicklung<\/p>\n<p><strong>3.\u00a0\u00a0\u00a0\u00a0\u00a0\u00a0\u00a0\u00a0\u00a0 Kinder im Krankenhaus<br \/>\n<\/strong>3.1\u00a0\u00a0\u00a0\u00a0\u00a0\u00a0 Reformen im Kinderkrankenhaus<br \/>\n3.2\u00a0\u00a0\u00a0\u00a0\u00a0 Hospitalisierung und Trennungstrauma<br \/>\n3.3\u00a0\u00a0\u00a0\u00a0\u00a0 Verhaltensst\u00f6rungen nach dem Krankenhausaufenthalt<br \/>\n<b><\/b><\/p>\n<p><b>4.\u00a0\u00a0\u00a0\u00a0\u00a0\u00a0\u00a0\u00a0 Zusammenfassung und Ausblick<br \/>\n<\/b><\/p>\n<p><b>Literaturverzeichnis<\/b><\/p>\n<\/div>\n<p><em>Einleitung<\/em><\/p>\n<div class=\"wp_box_gruen\">Das Thema \u201eKinder im Krankenhaus\u201c ist in der medizinischen, p\u00e4dagogischen und psychologischen Literatur in den letzten f\u00fcnfzig Jahren von vielen Seiten beleuchtet worden. Die Betrachtung der Situation erfolgte dabei sowohl aus der Sicht des Klinikers, an den die medizinischen und psychologischen Bed\u00fcrfnisse von Kindern spezielle Anforderungen stellen, als auch aus der Perspektive des kranken Kindes, das mit der Aufnahme in ein Krankenhaus in jeder Hinsicht aus seinem bisherigen Alltag gerissen wird.<br \/>\nMeine pers\u00f6nliche Beziehung zu diesem Thema erkl\u00e4rt sich aus meinem Interesse an Medizin und Psychologie im allgemeinen und meiner gef\u00fchlsgeleiteten Einstellung, da\u00df f\u00fcr das seelische Wohl des kleinen Patienten im Krankenhaus so viel wie m\u00f6glich getan werden mu\u00df, um zu verhindern, da\u00df sich lebenslange \u00c4ngste aufgrund der Isolation und Unpers\u00f6nlichkeit im Klinikalltag, kombiniert mit k\u00f6rperlicher Krankheit und Schmerzen, beim Kind bilden.<br \/>\nVerschiedene Probleme, die mit der Hospitalisierung eines Kindes einhergehen, sind bereits erkannt worden, so da\u00df Theorien zur Abhilfe entwickelt werden konnten. Das Hauptproblem stellt die Tatsache dar, da\u00df Kinder nach unbegleiteten Krankenhausaufenthalten \u2013 d.h. ohne die st\u00e4ndige unterst\u00fctzende Anwesenheit der Hauptbindungsperson \u2013 h\u00e4ufig schwere Verhaltensst\u00f6rungen entwickeln. Diese Erkenntnis hat dazu gef\u00fchrt, da\u00df heutzutage in nahezu allen Kinderkrankenh\u00e4usern und ~stationen das uneingeschr\u00e4nkte Besuchsrecht oder die Mitaufnahme der Mutter des erkrankten Kindes \u00fcblich sind.In dieser Arbeit besch\u00e4ftige ich mich mit der Frage, welche Beobachtungen, Erfahrungen und Theorien dieser positiven Ver\u00e4nderung, die in den letzten Jahrzehnten in Kinderkliniken stattgefunden hat, zugrunde liegen, und warum eine Reformierung der Situation des hospitalisierten Kindes erforderlich war.Das wichtigste Erkl\u00e4rungsmodell, das die Neuregelung der Besuchszeiten begr\u00fcndete, ist die Bindungstheorie. Folglich ist die Kenntnis dieser Theorie f\u00fcr das Verst\u00e4ndnis der Umorientierung in p\u00e4diatrischen Kliniken unabdingbar. Aus diesem Grund werden die relevanten Erkenntnisse dieses Paradigmas im ersten Teil meiner Arbeit (Kapitel 2) aufgezeigt und erl\u00e4utert. Im zweiten Teil (Kapitel 3) werden zun\u00e4chst die erw\u00e4hnten Reformen in Kinderkliniken detaillierter dargestellt. In den darauf folgenden Abschnitten werden sowohl die Situation des kranken Kindes, das ohne seine Mutter im Krankenhaus bleiben mu\u00df, als auch die psychischen Auswirkungen dieser Lage beschrieben, die schlie\u00dflich zu den Reformen gef\u00fchrt haben. Schlie\u00dflich werden die Erkenntnisse zusammengefasst und Schlu\u00dffolgerungen f\u00fcr die p\u00e4diatrische Arbeit in Krankenh\u00e4usern gezogen.Abschlie\u00dfend sei noch angemerkt, da\u00df die Darstellung auf kurze Krankenhausaufenthalte von Kindern zwischen dem ersten und 7. Lebensjahr beschr\u00e4nkt bleibt; Probleme, die bei Langzeitaufenthalten entstehen, bleiben ebenso unber\u00fccksichtigt wie die ver\u00e4nderte Situation bei den kognitiv reiferen, hospitalisierten Schulkindern.<\/div>\n<p>&nbsp;<\/p>\n","protected":false},"excerpt":{"rendered":"<p>Hausarbeit &#8220;Kinder im Krankenhaus&#8221; von Melanie Lerch (2000) als downloadbares gesch\u00fctztes PDF, 18 Seiten.<\/p>\n","protected":false},"featured_media":2928,"template":"","meta":[],"product_cat":[66],"product_tag":[],"_links":{"self":[{"href":"https:\/\/knetfeder.de\/kkpwp\/wp-json\/wp\/v2\/product\/2897"}],"collection":[{"href":"https:\/\/knetfeder.de\/kkpwp\/wp-json\/wp\/v2\/product"}],"about":[{"href":"https:\/\/knetfeder.de\/kkpwp\/wp-json\/wp\/v2\/types\/product"}],"wp:featuredmedia":[{"embeddable":true,"href":"https:\/\/knetfeder.de\/kkpwp\/wp-json\/wp\/v2\/media\/2928"}],"wp:attachment":[{"href":"https:\/\/knetfeder.de\/kkpwp\/wp-json\/wp\/v2\/media?parent=2897"}],"wp:term":[{"taxonomy":"product_cat","embeddable":true,"href":"https:\/\/knetfeder.de\/kkpwp\/wp-json\/wp\/v2\/product_cat?post=2897"},{"taxonomy":"product_tag","embeddable":true,"href":"https:\/\/knetfeder.de\/kkpwp\/wp-json\/wp\/v2\/product_tag?post=2897"}],"curies":[{"name":"wp","href":"https:\/\/api.w.org\/{rel}","templated":true}]}}