{"id":3006,"date":"2023-11-11T11:42:59","date_gmt":"2023-11-11T10:42:59","guid":{"rendered":"https:\/\/www.knetfeder.de\/kkpwp\/?post_type=product&#038;p=3006"},"modified":"2025-12-13T13:12:06","modified_gmt":"2025-12-13T12:12:06","slug":"puzzle-266-teile-kindliche-entwicklung-eine-uebersicht","status":"publish","type":"product","link":"https:\/\/knetfeder.de\/kkpwp\/product\/puzzle-266-teile-kindliche-entwicklung-eine-uebersicht\/","title":{"rendered":"Puzzle 266 Teile &#8220;Kindliche Entwicklung &#8211; eine \u00dcbersicht&#8221;"},"content":{"rendered":"<p><strong>Das Puzzle im Format 30 x 45 cm besteht aus 266 Teilen<\/strong><strong>. Es bietet einen ansprechenden \u00dcberblick \u00fcber kindliche Entwicklungsschritte zwischen dem ersten Vierteljahr und dem Schulalter und eignet sich f\u00fcr puzzlebegeisterte P\u00e4dagogen\u00a0 als Geschenk \ud83c\udf81. Auch Erzieherinnen k\u00f6nnen von der feinmotorischen \u00dcbung ihrer praxisrelevanten Puzzlekompetenz in Kombination mit entwicklungspsychologischem Wissenszuwachs profitieren \ud83d\ude09.<\/strong><\/p>\n<p>Die Tabelle parallelisiert die Fortschritte in den Entwicklungsbereichen Eltern-Kind-Beziehung, Motorik, Sprache und Malen. Es wird deutlich, dass bestimmte Entwicklungen in einem Bereich\u00a0oftmals Fortschritte in einem anderen Bereich voraussetzen. So bildet beispielsweise die gelungene Eltern-Kind-Interaktion nicht nur eine Voraussetzung f\u00fcr den Bindungsaufbau, sondern durch ihre rhythmischen und sprachlichen Anteile auch die Grundlage der Sprachentwicklung.<\/p>\n<p><a href=\"https:\/\/www.knetfeder.de\/kkpwp\/entwuebersichtfenster.html\"><img decoding=\"async\" loading=\"lazy\" class=\"wp-image-478 size-full alignleft\" src=\"https:\/\/www.knetfeder.de\/kkpwp\/wp-content\/uploads\/2017\/11\/home.jpg\" alt=\"\" width=\"26\" height=\"26\" \/> \u00a0<\/a><a href=\"https:\/\/www.knetfeder.de\/kkpwp\/entwuebersichtfenster.html\" target=\"_blank\" rel=\"noopener\">Web-Version der Entwicklungs\u00fcbersicht (inhaltlich mit Druckversion identisch, optisch leicht abweichend)<\/a><\/p>\n","protected":false},"excerpt":{"rendered":"<p><strong>Das Puzzle im Format 30 x 45 cm besteht aus 266 Teilen<\/strong><strong>. Es bietet einen ansprechenden \u00dcberblick \u00fcber kindliche Entwicklungsschritte zwischen dem ersten Vierteljahr und dem Schulalter und eignet sich f\u00fcr puzzlebegeisterte P\u00e4dagogen\u00a0 als Geschenk \ud83c\udf81. Auch Erzieherinnen k\u00f6nnen von der feinmotorischen \u00dcbung ihrer praxisrelevanten Puzzlekompetenz in Kombination mit entwicklungspsychologischem Wissenszuwachs profitieren \ud83d\ude09.<\/strong><\/p>\n","protected":false},"featured_media":3353,"template":"","meta":[],"product_cat":[68],"product_tag":[],"_links":{"self":[{"href":"https:\/\/knetfeder.de\/kkpwp\/wp-json\/wp\/v2\/product\/3006"}],"collection":[{"href":"https:\/\/knetfeder.de\/kkpwp\/wp-json\/wp\/v2\/product"}],"about":[{"href":"https:\/\/knetfeder.de\/kkpwp\/wp-json\/wp\/v2\/types\/product"}],"wp:featuredmedia":[{"embeddable":true,"href":"https:\/\/knetfeder.de\/kkpwp\/wp-json\/wp\/v2\/media\/3353"}],"wp:attachment":[{"href":"https:\/\/knetfeder.de\/kkpwp\/wp-json\/wp\/v2\/media?parent=3006"}],"wp:term":[{"taxonomy":"product_cat","embeddable":true,"href":"https:\/\/knetfeder.de\/kkpwp\/wp-json\/wp\/v2\/product_cat?post=3006"},{"taxonomy":"product_tag","embeddable":true,"href":"https:\/\/knetfeder.de\/kkpwp\/wp-json\/wp\/v2\/product_tag?post=3006"}],"curies":[{"name":"wp","href":"https:\/\/api.w.org\/{rel}","templated":true}]}}